{"id":885,"date":"2010-11-14T12:20:19","date_gmt":"2010-11-14T10:20:19","guid":{"rendered":"http:\/\/www.blazejstrba.eu\/"},"modified":"2011-11-08T23:12:07","modified_gmt":"2011-11-08T21:12:07","slug":"zalm-39","status":"publish","type":"page","link":"https:\/\/blazejstrba.eu\/it\/worship-to-the-word\/zalmy\/zalm-39\/","title":{"rendered":"\u017d 39 \u2013 Modlitba v bezn\u00e1deji"},"content":{"rendered":"<table width=\"415\" border=\"1\" cellspacing=\"0\" cellpadding=\"0\">\n<tbody>\n<tr>\n<td valign=\"top\" width=\"33\">\n<p align=\"right\"><strong>1<\/strong><\/p>\n<\/td>\n<td valign=\"top\" width=\"430\"><em>Zbormajstrovi. Jedutunovi. D\u00e1vidov \u017ealm<\/em><\/td>\n<\/tr>\n<tr>\n<td valign=\"top\" width=\"33\">\n<p align=\"right\"><strong>2a<\/strong><\/p>\n<\/td>\n<td valign=\"top\" width=\"430\">Povedal som (si): \u00a0\u00a0<em>&#8220;Budem d\u00e1va\u0165 pozor na svoje <strong>cesty<\/strong><\/em><\/td>\n<\/tr>\n<tr>\n<td valign=\"top\" width=\"33\">\n<p align=\"right\"><strong>2b<\/strong><\/p>\n<\/td>\n<td valign=\"top\" width=\"430\"><em>\u00a0\u00a0\u00a0 aby som nezhre\u0161il (<strong>svoj\u00edm) <\/strong>jazykom.<\/em><em><\/em><\/td>\n<\/tr>\n<tr>\n<td valign=\"top\" width=\"33\">\n<p align=\"right\"><strong>2c<\/strong><\/p>\n<\/td>\n<td valign=\"top\" width=\"430\"><strong><em>\u00a0\u00a0\u00a0 Budem dodr\u017eiava\u0165<\/em><\/strong><em> str\u00e1\u017e pri svojich \u00fastach,<\/em><em><\/em><\/td>\n<\/tr>\n<tr>\n<td valign=\"top\" width=\"33\">\n<p align=\"right\"><strong>2d<\/strong><\/p>\n<\/td>\n<td valign=\"top\" width=\"430\"><em>\u00a0\u00a0\u00a0 dokia\u013e je <strong>hrie\u0161nik<\/strong> predo mnou.&#8221;<\/em><em><\/em><\/td>\n<\/tr>\n<tr>\n<td valign=\"top\" width=\"33\">\n<p align=\"right\"><strong>3a<\/strong><\/p>\n<\/td>\n<td valign=\"top\" width=\"430\"><strong>Ostal som nem\u00fd, v silenciu<\/strong><strong><\/strong><\/td>\n<\/tr>\n<tr>\n<td valign=\"top\" width=\"33\">\n<p align=\"right\"><strong>3b<\/strong><\/p>\n<\/td>\n<td valign=\"top\" width=\"430\"><strong>Ml\u010dal som<\/strong> \u2013 bez \u0161\u0165astia<\/td>\n<\/tr>\n<tr>\n<td valign=\"top\" width=\"33\">\n<p align=\"right\"><strong>3c<\/strong><\/p>\n<\/td>\n<td valign=\"top\" width=\"430\"><strong>a moja<\/strong> boles\u0165 <strong>sa stup\u0148ovala<\/strong>.<\/td>\n<\/tr>\n<tr>\n<td valign=\"top\" width=\"33\">\n<p align=\"right\"><strong>4a<\/strong><\/p>\n<\/td>\n<td valign=\"top\" width=\"430\">Srdce sa mi rozp\u00e1lilo v hrudi<\/td>\n<\/tr>\n<tr>\n<td valign=\"top\" width=\"33\">\n<p align=\"right\"><strong>4b<\/strong><\/p>\n<\/td>\n<td valign=\"top\" width=\"430\">a pri rozj\u00edman\u00ed vzplanul vo mne ohe\u0148.<\/td>\n<\/tr>\n<tr>\n<td valign=\"top\" width=\"33\">\n<p align=\"right\"><strong>4c<\/strong><\/p>\n<\/td>\n<td valign=\"top\" width=\"430\"><strong>A m\u00f4j jazyk hovoril<\/strong>:<\/td>\n<\/tr>\n<tr>\n<td valign=\"top\" width=\"33\">\n<p align=\"right\"><strong>5a<\/strong><\/p>\n<\/td>\n<td valign=\"top\" width=\"430\"><em>\u00a0\u00a0 &#8220;Daj mi pozna\u0165, <strong>PANE<\/strong>, m\u00f4j koniec<\/em><em><\/em><\/td>\n<\/tr>\n<tr>\n<td valign=\"top\" width=\"33\">\n<p align=\"right\"><strong>5b<\/strong><\/p>\n<\/td>\n<td valign=\"top\" width=\"430\"><em>\u00a0\u00a0\u00a0 i ak\u00e1 je e\u0161te <strong>miera<\/strong> mojich dn\u00ed;<\/em><em><\/em><\/td>\n<\/tr>\n<tr>\n<td valign=\"top\" width=\"33\">\n<p align=\"right\"><strong>5c<\/strong><\/p>\n<\/td>\n<td valign=\"top\" width=\"430\"><em>\u00a0\u00a0\u00a0\u00a0 spozn\u00e1m, ak\u00fd je kr\u00e1tky m\u00f4j \u017eivot.<\/em><em><\/em><\/td>\n<\/tr>\n<tr>\n<td valign=\"top\" width=\"33\">\n<p align=\"right\"><strong>6a<\/strong><\/p>\n<\/td>\n<td valign=\"top\" width=\"430\"><em>H\u013ea na p\u00e1r piad\u00ed si mi dn\u00ed nameral<\/em><em><\/em><\/td>\n<\/tr>\n<tr>\n<td valign=\"top\" width=\"33\">\n<p align=\"right\"><strong>6b<\/strong><\/p>\n<\/td>\n<td valign=\"top\" width=\"430\"><em>a d\u013a\u017eka m\u00f4jho \u017eitia je ako ni\u010d pred tebou.<\/em><em><\/em><\/td>\n<\/tr>\n<tr>\n<td valign=\"top\" width=\"33\">\n<p align=\"right\"><strong>6c<\/strong><\/p>\n<\/td>\n<td valign=\"top\" width=\"430\"><strong><em>Veru<\/em><\/strong><em>, <strong>ka\u017ed\u00fd <\/strong>(jeden)<strong> vzpriamen\u00fd<\/strong> \u010dlovek je len <strong>dych.<\/strong><\/em><strong><em> S\u00e9la<\/em><\/strong><em><\/em><\/td>\n<\/tr>\n<tr>\n<td valign=\"top\" width=\"33\">\n<p align=\"right\"><strong>7a<\/strong><\/p>\n<\/td>\n<td valign=\"top\" width=\"430\"><strong><em>Veru<\/em><\/strong><em>, ako vidina odch\u00e1dza\/prech\u00e1dza \u010dlovek<\/em><em><\/em><\/td>\n<\/tr>\n<tr>\n<td valign=\"top\" width=\"33\">\n<p align=\"right\"><strong>7b<\/strong><\/p>\n<\/td>\n<td valign=\"top\" width=\"430\"><strong><em>Veru<\/em><\/strong><em>, len nadarmo sa pacht\u00ed a lopot\u00ed, <\/em><\/td>\n<\/tr>\n<tr>\n<td valign=\"top\" width=\"33\">\n<p align=\"right\"><strong>7c<\/strong><\/p>\n<\/td>\n<td valign=\"top\" width=\"430\"><em>poklady zh\u00e1\u0148a, hoc nevie, kto ich zoberie.<\/em><em><\/em><\/td>\n<\/tr>\n<tr>\n<td valign=\"top\" width=\"33\">\n<p align=\"right\"><strong>8a<\/strong><\/p>\n<\/td>\n<td valign=\"top\" width=\"430\"><em>A teraz, v \u010do <strong>som d\u00fafal,<\/strong> <strong>Pane<\/strong>?<\/em><em><\/em><\/td>\n<\/tr>\n<tr>\n<td valign=\"top\" width=\"33\">\n<p align=\"right\"><strong>8b<\/strong><\/p>\n<\/td>\n<td valign=\"top\" width=\"430\"><strong><em>K tebe <\/em><\/strong><em>(sa obracia)<strong> moje o\u010dak\u00e1vanie.<\/strong><\/em><strong><em><\/em><\/strong><\/td>\n<\/tr>\n<tr>\n<td valign=\"top\" width=\"33\">\n<p align=\"right\"><strong>9a<\/strong><\/p>\n<\/td>\n<td valign=\"top\" width=\"430\"><em>Zo v\u0161etk\u00fdch mojich nepr\u00e1vost\u00ed, vyslobo\u010f ma,\u00a0\u00a0\u00a0\u00a0\u00a0 <\/em><em><\/em><\/td>\n<\/tr>\n<tr>\n<td valign=\"top\" width=\"33\">\n<p align=\"right\"><strong>9b<\/strong><\/p>\n<\/td>\n<td valign=\"top\" width=\"430\"><em>na posmech hlup\u00e1kovi ma nevystav!\u00a0\u00a0\u00a0\u00a0\u00a0\u00a0\u00a0\u00a0\u00a0\u00a0\u00a0\u00a0\u00a0\u00a0\u00a0\u00a0\u00a0\u00a0 <\/em><em><\/em><\/td>\n<\/tr>\n<tr>\n<td valign=\"top\" width=\"33\">\n<p align=\"right\"><strong>10a<\/strong><\/p>\n<\/td>\n<td valign=\"top\" width=\"430\"><strong><em>Ostal som nem\u00fd<\/em><\/strong><em>, neotvor\u00edm \u00fasta<\/em><em><\/em><\/td>\n<\/tr>\n<tr>\n<td valign=\"top\" width=\"33\">\n<p align=\"right\"><strong>10b<\/strong><\/p>\n<\/td>\n<td valign=\"top\" width=\"430\"><em>lebo <strong>ty<\/strong> si to urobil.<\/em><em><\/em><\/td>\n<\/tr>\n<tr>\n<td valign=\"top\" width=\"33\">\n<p align=\"right\"><strong>11a<\/strong><\/p>\n<\/td>\n<td valign=\"top\" width=\"430\"><em>Odn\u00edm odo m\u0148a svoje <strong>rany<\/strong>,\u00a0\u00a0\u00a0\u00a0\u00a0\u00a0\u00a0\u00a0\u00a0\u00a0\u00a0\u00a0\u00a0\u00a0\u00a0\u00a0\u00a0\u00a0\u00a0\u00a0\u00a0\u00a0\u00a0\u00a0\u00a0\u00a0\u00a0\u00a0\u00a0\u00a0\u00a0\u00a0 <\/em><em><\/em><\/td>\n<\/tr>\n<tr>\n<td valign=\"top\" width=\"33\">\n<p align=\"right\"><strong>11b<\/strong><\/p>\n<\/td>\n<td valign=\"top\" width=\"430\"><em>pod \u00faderom tvojej ruky bo hyniem.<\/em><em><\/em><\/td>\n<\/tr>\n<tr>\n<td valign=\"top\" width=\"33\">\n<p align=\"right\"><strong>12a<\/strong><\/p>\n<\/td>\n<td valign=\"top\" width=\"430\"><strong>Ke\u010f<\/strong><em> trestami za <strong>nepr\u00e1vosti<\/strong> <strong>vychov\u00e1va\u0161<\/strong> \u010dloveka,<\/em><em><\/em><\/td>\n<\/tr>\n<tr>\n<td valign=\"top\" width=\"33\">\n<p align=\"right\"><strong>12b<\/strong><\/p>\n<\/td>\n<td valign=\"top\" width=\"430\"><strong><em>rozlo\u017e\u00ed\u0161<\/em><\/strong><em> ako mo\u013e, \u010do m\u00e1 <strong>najt\u00fa\u017eobnej\u0161ie<\/strong>;<\/em><em><\/em><\/td>\n<\/tr>\n<tr>\n<td valign=\"top\" width=\"33\">\n<p align=\"right\"><strong>12c<\/strong><\/p>\n<\/td>\n<td valign=\"top\" width=\"430\"><em>Veru, <\/em><strong><em>ka\u017ed\u00fd <\/em><\/strong><em>(jeden)<strong> \u010dlovek<\/strong><\/em><em> len dychom<\/em><em>. <\/em><strong><em>S\u00e9la<\/em><\/strong><em><\/em><\/td>\n<\/tr>\n<tr>\n<td valign=\"top\" width=\"33\">\n<p align=\"right\"><strong>13a<\/strong><\/p>\n<\/td>\n<td valign=\"top\" width=\"430\"><em>Vypo\u010duj moju modlitbu, <strong>PANE\u00a0\u00a0\u00a0\u00a0\u00a0\u00a0\u00a0\u00a0\u00a0\u00a0\u00a0\u00a0\u00a0\u00a0\u00a0\u00a0\u00a0\u00a0\u00a0\u00a0\u00a0\u00a0\u00a0 <\/strong><\/em><em><\/em><\/td>\n<\/tr>\n<tr>\n<td valign=\"top\" width=\"33\">\n<p align=\"right\"><strong>13b<\/strong><\/p>\n<\/td>\n<td valign=\"top\" width=\"430\"><em>a k m\u00f4jmu volaniu naklo\u0148 sluch\u00a0\u00a0\u00a0\u00a0\u00a0\u00a0\u00a0\u00a0\u00a0\u00a0\u00a0\u00a0\u00a0\u00a0\u00a0\u00a0\u00a0\u00a0\u00a0\u00a0\u00a0\u00a0\u00a0 <\/em><em><\/em><\/td>\n<\/tr>\n<tr>\n<td valign=\"top\" width=\"33\">\n<p align=\"right\"><strong>13c<\/strong><\/p>\n<\/td>\n<td valign=\"top\" width=\"430\"><em>K mojim slzav\u00fdm n\u00e1rekom, nebu\u010f ml\u010danliv\u00fd;<\/em><em><\/em><\/td>\n<\/tr>\n<tr>\n<td valign=\"top\" width=\"33\">\n<p align=\"right\"><strong>13d<\/strong><\/p>\n<\/td>\n<td valign=\"top\" width=\"430\"><em>ve\u010f som iba <strong>cudzinec<\/strong> u\u00a0teba,<\/em><em><\/em><\/td>\n<\/tr>\n<tr>\n<td valign=\"top\" width=\"33\">\n<p align=\"right\"><strong>13e<\/strong><\/p>\n<\/td>\n<td valign=\"top\" width=\"430\">\n<p align=\"left\"><strong><em>preb\u00fdvaj\u00faci<\/em><\/strong><em>, ako v\u0161etci moji otcovia. <\/em><\/p>\n<\/td>\n<\/tr>\n<tr>\n<td valign=\"top\" width=\"33\">\n<p align=\"right\"><strong>14a<\/strong><\/p>\n<\/td>\n<td valign=\"top\" width=\"430\"><em>Odvr\u00e1\u0165 odo m\u0148a svoj poh\u013ead a\u00a0<strong>rozvesel\u00edm sa<\/strong>, <\/em><em><\/em><\/td>\n<\/tr>\n<tr>\n<td valign=\"top\" width=\"33\">\n<p align=\"right\"><strong>14b<\/strong><\/p>\n<\/td>\n<td valign=\"top\" width=\"430\"><em>sk\u00f4r, ne\u017e od\u00eddem a ne\u017e ma viac nebude.\u201c<\/em><em><\/em><\/td>\n<\/tr>\n<\/tbody>\n<\/table>\n","protected":false},"excerpt":{"rendered":"<p>1 Zbormajstrovi. Jedutunovi. D\u00e1vidov \u017ealm 2a Povedal som (si): \u00a0\u00a0&#8220;Budem d\u00e1va\u0165 pozor na svoje cesty 2b \u00a0\u00a0\u00a0 aby som nezhre\u0161il (svoj\u00edm) jazykom. 2c \u00a0\u00a0\u00a0 Budem dodr\u017eiava\u0165 str\u00e1\u017e pri svojich \u00fastach, 2d \u00a0\u00a0\u00a0 dokia\u013e je hrie\u0161nik predo mnou.&#8221; 3a Ostal som nem\u00fd, v silenciu 3b Ml\u010dal som \u2013 bez \u0161\u0165astia 3c a moja boles\u0165 sa stup\u0148ovala. &hellip; <a href=\"https:\/\/blazejstrba.eu\/it\/worship-to-the-word\/zalmy\/zalm-39\/\" class=\"more-link\">Continue reading <span class=\"screen-reader-text\">\u017d 39 \u2013 Modlitba v bezn\u00e1deji<\/span> <span class=\"meta-nav\">&rarr;<\/span><\/a><\/p>\n","protected":false},"author":2,"featured_media":0,"parent":695,"menu_order":39,"comment_status":"closed","ping_status":"closed","template":"","meta":{"footnotes":""},"translation":{"provider":"WPGlobus","version":"3.0.0","language":"it","enabled_languages":["sk","en","it"],"languages":{"sk":{"title":true,"content":true,"excerpt":false},"en":{"title":false,"content":false,"excerpt":false},"it":{"title":false,"content":false,"excerpt":false}}},"_links":{"self":[{"href":"https:\/\/blazejstrba.eu\/it\/wp-json\/wp\/v2\/pages\/885"}],"collection":[{"href":"https:\/\/blazejstrba.eu\/it\/wp-json\/wp\/v2\/pages"}],"about":[{"href":"https:\/\/blazejstrba.eu\/it\/wp-json\/wp\/v2\/types\/page"}],"author":[{"embeddable":true,"href":"https:\/\/blazejstrba.eu\/it\/wp-json\/wp\/v2\/users\/2"}],"replies":[{"embeddable":true,"href":"https:\/\/blazejstrba.eu\/it\/wp-json\/wp\/v2\/comments?post=885"}],"version-history":[{"count":16,"href":"https:\/\/blazejstrba.eu\/it\/wp-json\/wp\/v2\/pages\/885\/revisions"}],"predecessor-version":[{"id":1975,"href":"https:\/\/blazejstrba.eu\/it\/wp-json\/wp\/v2\/pages\/885\/revisions\/1975"}],"up":[{"embeddable":true,"href":"https:\/\/blazejstrba.eu\/it\/wp-json\/wp\/v2\/pages\/695"}],"wp:attachment":[{"href":"https:\/\/blazejstrba.eu\/it\/wp-json\/wp\/v2\/media?parent=885"}],"curies":[{"name":"wp","href":"https:\/\/api.w.org\/{rel}","templated":true}]}}