{"id":754,"date":"2010-10-20T16:45:51","date_gmt":"2010-10-20T14:45:51","guid":{"rendered":"http:\/\/www.blazejstrba.eu\/"},"modified":"2013-03-04T23:32:41","modified_gmt":"2013-03-04T21:32:41","slug":"001-2","status":"publish","type":"page","link":"https:\/\/blazejstrba.eu\/it\/worship-to-the-word\/zalmy\/z-1-41\/001-2\/","title":{"rendered":"\u017d 1 \u2013 Bla\u017een\u00fd \u010dlovek"},"content":{"rendered":"<table border=\"1\" cellspacing=\"0\" cellpadding=\"0\">\n<tbody>\n<tr>\n<td valign=\"top\" width=\"28\">1a<\/td>\n<td valign=\"top\" width=\"302\"><b><span style=\"text-decoration: underline;\">Bla\u017een\u00fd \u010dlovek<\/span><\/b>,\u010do <b><i><span style=\"text-decoration: underline;\">ne<\/span><\/i><\/b><i><span style=\"text-decoration: underline;\">kr\u00e1\u010dal<\/span><\/i> pod\u013ea rady <b>bezbo\u017en\u00fdch<\/b><\/td>\n<\/tr>\n<tr>\n<td valign=\"top\" width=\"28\">1b<\/td>\n<td valign=\"top\" width=\"302\">a <b><i><span style=\"text-decoration: underline;\">ne<\/span><\/i><\/b><i><span style=\"text-decoration: underline;\">chodil <\/span><\/i>cestou <b>hrie\u0161nikov<\/b>,<\/td>\n<\/tr>\n<tr>\n<td valign=\"top\" width=\"28\">1c<\/td>\n<td valign=\"top\" width=\"302\">ani <b><i><span style=\"text-decoration: underline;\">ne<\/span><\/i><\/b><i><span style=\"text-decoration: underline;\">vysed\u00e1val<\/span><\/i> v kruhu r\u00faha\u010dov,<\/td>\n<\/tr>\n<tr>\n<td valign=\"top\" width=\"28\">2a<\/td>\n<td valign=\"top\" width=\"302\">ale v <b>z\u00e1kone P\u00c1NOVOM <\/b>je jeho z\u00e1\u013euba<\/td>\n<\/tr>\n<tr>\n<td valign=\"top\" width=\"28\">2b<\/td>\n<td valign=\"top\" width=\"302\">a o jeho <b>z\u00e1kone<\/b> rozj\u00edma d\u0148om i nocou.<\/td>\n<\/tr>\n<tr>\n<td valign=\"top\" width=\"28\">3a<\/td>\n<td valign=\"top\" width=\"302\">Je ako <b>strom<\/b> zasaden\u00fd pri vode,<\/td>\n<\/tr>\n<tr>\n<td valign=\"top\" width=\"28\">3b<\/td>\n<td valign=\"top\" width=\"302\">\u00a0\u00a0 \u010do prin\u00e1\u0161a ovocie v prav\u00fd \u010das,<\/td>\n<\/tr>\n<tr>\n<td valign=\"top\" width=\"28\">3c<\/td>\n<td valign=\"top\" width=\"302\">\u00a0\u00a0 a jeho l\u00edstie nikdy nev\u00e4dne;<\/td>\n<\/tr>\n<tr>\n<td valign=\"top\" width=\"28\">3d<\/td>\n<td valign=\"top\" width=\"302\">dar\u00ed sa mu v\u0161etko, \u010do podnik\u00e1.<\/td>\n<\/tr>\n<tr>\n<td valign=\"top\" width=\"28\">4a<\/td>\n<td valign=\"top\" width=\"302\">\n<p align=\"left\">No nie tak <b><span style=\"text-decoration: underline;\">bezbo\u017en\u00ed<\/span><\/b>, veru nie;<\/p>\n<\/td>\n<\/tr>\n<tr>\n<td valign=\"top\" width=\"28\">4b<\/td>\n<td valign=\"top\" width=\"302\">\n<p align=\"left\">t\u00ed s\u00fa ako <b>plevy<\/b>, \u010do vietor \u017eenie pred sebou<\/p>\n<\/td>\n<\/tr>\n<tr>\n<td valign=\"top\" width=\"28\">5a<\/td>\n<td valign=\"top\" width=\"302\">\n<p align=\"left\">Preto <b>bezbo\u017en\u00ed<\/b> neobstoja na s\u00fade,<\/p>\n<\/td>\n<\/tr>\n<tr>\n<td valign=\"top\" width=\"28\">5b<\/td>\n<td valign=\"top\" width=\"302\">ani <b>hrie\u0161nici<\/b> v <span style=\"text-decoration: underline;\">zhroma\u017eden\u00ed spravodliv\u00fdch<\/span>.<\/td>\n<\/tr>\n<tr>\n<td valign=\"top\" width=\"28\">6a<\/td>\n<td valign=\"top\" width=\"302\">Nad <b><span style=\"text-decoration: underline;\">cestou spravodliv\u00fdch<\/span><\/b> bedl\u00ed P\u00c1N,<\/td>\n<\/tr>\n<tr>\n<td valign=\"top\" width=\"28\">6b<\/td>\n<td valign=\"top\" width=\"302\">ale <b><span style=\"text-decoration: underline;\">cesta bezbo\u017en\u00fdch<\/span><\/b> vedie do z\u00e1huby.<\/td>\n<\/tr>\n<\/tbody>\n<\/table>\n","protected":false},"excerpt":{"rendered":"<p>1a Bla\u017een\u00fd \u010dlovek,\u010do nekr\u00e1\u010dal pod\u013ea rady bezbo\u017en\u00fdch 1b a nechodil cestou hrie\u0161nikov, 1c ani nevysed\u00e1val v kruhu r\u00faha\u010dov, 2a ale v z\u00e1kone P\u00c1NOVOM je jeho z\u00e1\u013euba 2b a o jeho z\u00e1kone rozj\u00edma d\u0148om i nocou. 3a Je ako strom zasaden\u00fd pri vode, 3b \u00a0\u00a0 \u010do prin\u00e1\u0161a ovocie v prav\u00fd \u010das, 3c \u00a0\u00a0 a jeho l\u00edstie &hellip; <a href=\"https:\/\/blazejstrba.eu\/it\/worship-to-the-word\/zalmy\/z-1-41\/001-2\/\" class=\"more-link\">Continue reading <span class=\"screen-reader-text\">\u017d 1 \u2013 Bla\u017een\u00fd \u010dlovek<\/span> <span class=\"meta-nav\">&rarr;<\/span><\/a><\/p>\n","protected":false},"author":2,"featured_media":0,"parent":2850,"menu_order":1,"comment_status":"closed","ping_status":"closed","template":"","meta":{"footnotes":""},"translation":{"provider":"WPGlobus","version":"3.0.0","language":"it","enabled_languages":["sk","en","it"],"languages":{"sk":{"title":true,"content":true,"excerpt":false},"en":{"title":false,"content":false,"excerpt":false},"it":{"title":false,"content":false,"excerpt":false}}},"_links":{"self":[{"href":"https:\/\/blazejstrba.eu\/it\/wp-json\/wp\/v2\/pages\/754"}],"collection":[{"href":"https:\/\/blazejstrba.eu\/it\/wp-json\/wp\/v2\/pages"}],"about":[{"href":"https:\/\/blazejstrba.eu\/it\/wp-json\/wp\/v2\/types\/page"}],"author":[{"embeddable":true,"href":"https:\/\/blazejstrba.eu\/it\/wp-json\/wp\/v2\/users\/2"}],"replies":[{"embeddable":true,"href":"https:\/\/blazejstrba.eu\/it\/wp-json\/wp\/v2\/comments?post=754"}],"version-history":[{"count":12,"href":"https:\/\/blazejstrba.eu\/it\/wp-json\/wp\/v2\/pages\/754\/revisions"}],"predecessor-version":[{"id":2872,"href":"https:\/\/blazejstrba.eu\/it\/wp-json\/wp\/v2\/pages\/754\/revisions\/2872"}],"up":[{"embeddable":true,"href":"https:\/\/blazejstrba.eu\/it\/wp-json\/wp\/v2\/pages\/2850"}],"wp:attachment":[{"href":"https:\/\/blazejstrba.eu\/it\/wp-json\/wp\/v2\/media?parent=754"}],"curies":[{"name":"wp","href":"https:\/\/api.w.org\/{rel}","templated":true}]}}