{"id":41,"date":"2010-04-17T19:53:54","date_gmt":"2010-04-17T17:53:54","guid":{"rendered":"http:\/\/www.blazejstrba.eu\/?page_id=41"},"modified":"2017-12-07T15:41:46","modified_gmt":"2017-12-07T13:41:46","slug":"study-materials","status":"publish","type":"page","link":"https:\/\/blazejstrba.eu\/it\/science\/study-materials\/","title":{"rendered":"Study Materials"},"content":{"rendered":"<h3>1.\u00a0 \u0160t\u00fadie<\/h3>\n<p>2017<\/p>\n<h5><a href=\"http:\/\/www.blazejstrba.eu\/download\/vynicenie-narodov-podla-knihy-jozue\/#\">Vyni\u010denie n\u00e1rodov pod\u013ea Knihy Jozue<\/a> [pdf]<\/h5>\n<p>\u0160t\u00fadia uverejnen\u00e1 v \u010dasopise <strong><em>Studia Biblica Slovaca<\/em><\/strong>, ro\u010d. 9, \u010d. 2 (1\/2017) 15-43<\/p>\n<p>2016<\/p>\n<h5><a href=\"http:\/\/www.blazejstrba.eu\/download\/rozzureny-pomstitel\/#\">Rozz\u00faren\u00fd pomstite\u013e<\/a> [pdf]<\/h5>\n<p>Rozz\u00faren\u00fd pomstite\u013e. Prieskum pou\u017eitia hebrejsk\u00e9ho kore\u0148a <em>nqm<\/em> s emot\u00edvnym podfarben\u00edm ako Bo\u017eieho pr\u00edvlastku. In: Vladim\u00edr Juh\u00e1s (ed.): Ak\u00fd je Boh Star\u00e9ho a Nov\u00e9ho z\u00e1kona?, Pre\u0161ov: Michal Va\u0161ko, 2016, s. 9-44<\/p>\n<h5><a href=\"http:\/\/www.blazejstrba.eu\/download\/mojzisov-profil-podla-knihy-zalmov\/#\">Moj\u017ei\u0161ov profil pod\u013ea Knihy \u017ealmov<\/a> [pdf]<\/h5>\n<p>Moj\u017ei\u0161ov profil pod\u013ea Knihy \u017ealmov. In: \u0160TRBA, Bla\u017eej. ed. <em>Osobnosti na\u0161ej viery<\/em>. Bad\u00edn: RKCMBF UK \u2013 KSFX, 2016. Studia Xaveriana 4, s. 5 \u2013 24. ISBN 978-80-88937-72-2<\/p>\n<h5><a href=\"http:\/\/www.blazejstrba.eu\/download\/pozastaveny-jordan-v-joz-317\/#\">Pozastaven\u00fd Jord\u00e1na v Joz 3,17<\/a> [pdf]<\/h5>\n<p>\u0160t\u00fadia uverejnen\u00e1 v \u010dasopise <strong><em>Studia Biblica Slovaca<\/em><\/strong>, ro\u010d. 8, \u010d. 2 (2\/2016) 184-193<\/p>\n<p>2015<\/p>\n<ul>\n<li>\n<h5><a href=\"http:\/\/www.blazejstrba.eu\/download\/navrat-k-zalmovej-prosbe\/#\">N\u00e1vrat k \u017ealmovej prosbe o zmilovanie<\/a>. [pdf]<\/h5>\n<\/li>\n<\/ul>\n<p>\u0160t\u00fadia uverejnen\u00e1 v zborn\u00edku BOH\u00c1\u010c, Vojtech &#8211; MOJZE\u0160, Marcel &#8211; TK\u00c1\u010c, Martin (eds.). \u017dalmy ako prame\u0148 liturgick\u00e9ho \u017eivota. Pre\u0161ov: Pre\u0161ovsk\u00e1 univerzita, Gr\u00e9ckokatol\u00edcka teologick\u00e1 fakulta, 2015, 10-47<\/p>\n<ul>\n<li>\n<h5><a href=\"http:\/\/www.blazejstrba.eu\/?p=3855\">Joshua\u2019s leadership into the Promised land epitomized in Luke 23:42 <\/a>[online] [<a href=\"http:\/\/www.blazejstrba.eu\/wp-content\/uploads\/Strba150402Luke23421.pdf\">pdf<\/a>]<\/h5>\n<\/li>\n<\/ul>\n<p>\u0160t\u00fadia v periodiku <strong><em>Liber Annuus<\/em> <\/strong>64, 2014,\u00a0(2015) 273-285<\/p>\n<ul>\n<li>\n<h5><a href=\"http:\/\/www.blazejstrba.eu\/download\/bezhranicne-bozie-odpustenie\/\">Bezhrani\u010dn\u00e9 Bo\u017eie odpustenie? Hebrejsky\u0301 kore\u0148 <em>sl\u1e25 <\/em>a jeho gr\u00e9cke preklady ako z\u00e1kladn\u00fd prvok teol\u00f3gie Star\u00e9ho z\u00e1kona o odpusten\u00ed [pdf]<br \/>\n<\/a><\/h5>\n<\/li>\n<\/ul>\n<p>\u0160t\u00fadia bola zverejnen\u00e1 v \u010dasopise <strong><em>Studia Biblica Slovaca<\/em><\/strong> 7 (2\/2015) 185-219.<\/p>\n<ul>\n<li>\n<h5><a href=\"http:\/\/www.blazejstrba.eu\/download\/lutostivy-a-milostivy-boh\/\">\u013d\u00fatostiv\u00fd a milostiv\u00fd Boh. Kompar\u00e1cia slovensk\u00fdch prekladov niektor\u00fdch charakterist\u00edk Boha s ich hebrejsk\u00fdm origin\u00e1lom<\/a>. [online] [<a href=\"http:\/\/www.blazejstrba.eu\/?file_id=200\" target=\"_blank\" rel=\"noopener\">pdf<\/a>]<\/h5>\n<\/li>\n<\/ul>\n<p>\u0160t\u00fadia uverejnen\u00e1 v \u010dasopise <strong><em>Studia Biblica Slovaca<\/em><\/strong>, ro\u010d. 7, \u010d. 1 (2015) 22-59<\/p>\n<p>2014<\/p>\n<ul>\n<li>\n<h5><a href=\"http:\/\/www.blazejstrba.eu\/download\/pozadie-zidovskeho-a-ranokrestanskeho-merania-casu\/#\">Nem\u00e1 de\u0148 dvan\u00e1s\u0165 hod\u00edn? Pozadie \u017eidovsk\u00e9ho a ranokres\u0165ansk\u00e9ho delenia \u010dasu<\/a><\/h5>\n<\/li>\n<\/ul>\n<p>Pr\u00edspevok v \u010dasopise <strong><em>Liturgia<\/em><\/strong> 24 (3\/2014) 193-211.<\/p>\n<ul>\n<li>\n<h5><a href=\"http:\/\/www.blazejstrba.eu\/wp-content\/plugins\/downloads-manager\/upload\/STRBA,14,Zalm%2063-StBiSl.pdf\">Od poh\u013eadu k oslave okr\u00eddlen\u00e9ho ochrancu. Teologick\u00e1 zmena v \u017ealt\u00e1ri prostredn\u00edctvom \u017d 63,3-4<\/a><\/h5>\n<\/li>\n<\/ul>\n<p>Pr\u00edspevok v \u010dasopise<strong><i> Studia Biblica Slovaca <\/i><\/strong>6 (1\/2014) 41-69.<\/p>\n<ul>\n<li>\n<h5><a href=\"http:\/\/www.blazejstrba.eu\/download\/zije-vo-mne-kristus\/\">\u017dije vo mne Kristus. V\u00fdznam Pavlovho v\u00fdroku v Gal 2,20a a jeho vyu\u017eitie Otcami a matkou M\u00e1riou Alfonzou<\/a><\/h5>\n<\/li>\n<\/ul>\n<p>In: M. J\u00falia Zarembov\u00e1. Ed. <i>Ve\u013ekos\u0165 jednoduch\u00e9ho \u017eivota. Sl\u00e1vnostn\u00fd zborn\u00edk venovan\u00fd 200. v\u00fdro\u010diu narodenia ctihodnej Bo\u017eej slu\u017eobnice matky Alfonzy M\u00e1rie<\/i>. Spi\u0161sk\u00e1 Nov\u00e1 ves \u2013 Bratislava: Kongreg\u00e1cia sestier Bo\u017esk\u00e9ho Vykupite\u013ea \u2013 Kongreg\u00e1cia sestier Najsv\u00e4tej\u0161ieho Spasite\u013ea, 2014, s. 32-45. ISBN 978-80-971698-6-2. (0,66 AH)<\/p>\n<p>2013<\/p>\n<ul>\n<li>\n<h5><a href=\"http:\/\/www.blazejstrba.eu\/download\/hladanie-pokory-v-starozakonnej-tradicii\/#\">H\u013eadanie pokory v staroz\u00e1konnej trad\u00edcii ako podnet pre dne\u0161n\u00fa teol\u00f3giu <\/a><\/h5>\n<\/li>\n<\/ul>\n<ul>\n<li>\n<h5><a href=\"http:\/\/www.blazejstrba.eu\/?file_id=208\">Pre\u010do &#8220;odoprel si&#8221; v \u017d 8,6<\/a><\/h5>\n<\/li>\n<\/ul>\n<p>Pr\u00edspevok v \u010dasopise <em>Studia Biblica Slovaca<\/em> <a href=\"http:\/\/www.blazejstrba.eu\/?file_id=208\">5 (2013) 74-85<\/a>. Stvoren\u00fd a osl\u00e1ven\u00fd \u010dlovek je t\u00e9mou v \u017dalme 8,5-6. Na z\u00e1klade lexik\u00e1lnej argument\u00e1cie mo\u017eno v. 6a prelo\u017ei\u0165 z hebrej\u010diny ako \u201eodoprel si mu trocha z Boha\u201c a nie ako &#8220;urobil si ho men\u0161ieho do anjelov&#8221;, \u010do je dikcia Septuaginty. V \u0161t\u00fadii\u00a0 sa argument\u00e1cia opiera o d\u00f4myseln\u00e9 umiestnenie \u017dalmu 8 v \u017dalt\u00e1ri, o v\u00fdskyt pojme Eloh\u00edm (365-kr\u00e1t) v \u017dalt\u00e1ri a o liter\u00e1rno-tematick\u00e9 s\u00favislosti \u017d 8 s Gn 1. \u017d 8,6 vov\u00e1dza \u010dloveka do pln\u0161ieho pochopenia reality \u010dloveka vo vz\u0165ahu k Bohu. \u010clovek nevlastn\u00ed bo\u017esk\u00fa dokonalos\u0165 nie z Bo\u017eieho svojvo\u013en\u00e9ho rozhodnutia. Bo\u017eskej bezchybnosti nebol pozbaven\u00fd prvotne ani z d\u00f4vodu hriechu, ale, \u010do \u017ealm pr\u00edzvukuje, z d\u00f4vodu, \u017ee je len stvoren\u00edm a nie je rovn\u00fd Bohu.<\/p>\n<p>2012<\/p>\n<ul>\n<li>\n<h5>Sparks of Humility in the Biblical Tradition. Biblical Basis for Minority <a href=\"http:\/\/www.blazejstrba.eu\/?file_id=203\" target=\"_blank\" rel=\"noopener\">[ENGL]<\/a>\u00a0 <a href=\"http:\/\/www.blazejstrba.eu\/?file_id=207\" target=\"_blank\" rel=\"noopener\">[DEU]<\/a>\u00a0 <a href=\"http:\/\/www.blazejstrba.eu\/?file_id=205\">[ESP]<\/a>\u00a0 <a href=\"http:\/\/www.blazejstrba.eu\/?file_id=206\">[ITA]<\/a>\u00a0 <a href=\"http:\/\/www.blazejstrba.eu\/?file_id=204\" target=\"_blank\" rel=\"noopener\">[POR]<\/a><\/h5>\n<\/li>\n<\/ul>\n<p>Propositum 15 (2\/2012)<\/p>\n<p>2011<\/p>\n<ul>\n<li>\n<h5><a href=\"http:\/\/www.blazejstrba.eu\/?file_id=202\" target=\"_blank\" rel=\"noopener\">\u201eZjavenie P\u00e1na\u201c alebo \u201eMoj\u017ei\u0161ovo povolanie\u201c? Liter\u00e1rno-kritick\u00e9 porovnanie pomenovan\u00ed state Ex 3\u20134<\/a><\/h5>\n<\/li>\n<\/ul>\n<p>Pr\u00edspevok v \u010dasopise <em>Studia Biblica Slovaca<\/em> 3 (2011) 125-146.<\/p>\n<p>2010<\/p>\n<ul>\n<li>\n<h5><a href=\"http:\/\/www.blazejstrba.eu\/?file_id=217\">Charakteristika staroz\u00e1konn\u00e9ho k\u0148azstva. Niektor\u00e9 aspekty, d\u00f4le\u017eit\u00e9 pre novoz\u00e1konn\u00e9ho presbytera<\/a>.<\/h5>\n<\/li>\n<\/ul>\n<p>In: Jozef Repko, Bla\u017eej \u0160trba a kol.: <em>K\u0148az v\u010dera a dnes. Biblicko-teologick\u00e9 predn\u00e1\u0161ky<\/em>, Bad\u00edn : KSFX, 2010, s. 18-30.<\/p>\n<ul>\n<li>Novoz\u00e1konn\u00ed presbyteri. Sk\u00faman\u00edm pojmu \u201epresbyter\u201c ku Kore\u0148om k\u0148azskej identity. In: Jozef Repko, Bla\u017eej \u0160trba a kol.: <em>K\u0148az v\u010dera a dnes. Biblicko-teologick\u00e9 predn\u00e1\u0161ky<\/em>, Bad\u00edn : KSFX, 2010, s. 37-48.<\/li>\n<li>K\u0148az pod\u013ea radu Melchizedechovho. In: Jozef Repko, Bla\u017eej \u0160trba a kol.: <em>K\u0148az v\u010dera a dnes. Biblicko-teologick\u00e9 predn\u00e1\u0161ky<\/em>, Bad\u00edn : KSFX, 2010, s. 103-117<\/li>\n<li>Text 11Q Melchizedech (11Q13). In: Jozef Repko, Bla\u017eej \u0160trba a kol.: <em>K\u0148az v\u010dera a dnes. Biblicko-teologick\u00e9 predn\u00e1\u0161ky<\/em>, Bad\u00edn : KSFX, 2010,\u00a0 s. 118-119.<\/li>\n<\/ul>\n<p>2009<\/p>\n<p>2008<\/p>\n<p>2007<\/p>\n<ul>\n<li>\n<h5><a href=\"http:\/\/www.blazejstrba.eu\/?file_id=218\">Term\u00edn \u201esrdce\u201d ako svedomie v Starom z\u00e1kone. Nieko\u013eko pozn\u00e1mok<\/a><\/h5>\n<\/li>\n<\/ul>\n<p>In: Ivan K\u00fatny (zostavovate\u013e): \u0160pecifick\u00e9 aspekty svedomia v perspekt\u00edve rozvoja osoby a spolo\u010dnosti, Bratislava \u2013 Nitra : Univerzita Komensk\u00e9ho v Bratislave, RKCMBF \u2013 K\u0148azsk\u00fd semin\u00e1r sv. Gorazda v Nitre, 2007, 135-141.<\/p>\n<p>2006<\/p>\n<p>2005<\/p>\n<p>2004<\/p>\n<ul>\n<li><a href=\"http:\/\/www.blazejstrba.eu\/?file_id=4\">\u0160osannah of the Canticle,<\/a> Biblica 85 (2004) 475-502<\/li>\n<\/ul>\n<h3>2.\u00a0 Odborn\u00e9 predn\u00e1\u0161ky<\/h3>\n<h4>2.1 Biblick\u00e9 predn\u00e1\u0161ky &#8211; tematick\u00e9<\/h4>\n<ul>\n<li>\n<h5><a title=\"K\u0148az pod\u013ea radu Melchizedechovho\" href=\"http:\/\/www.blazejstrba.eu\/?file_id=17\">K\u0148az pod\u013ea radu Melchizedechovho<\/a><\/h5>\n<\/li>\n<\/ul>\n<p>Predn\u00e1\u0161ka odznela 21. apr\u00edla 2010 v r\u00e1mci biblicko-teologick\u00fdch ve\u010der celoro\u010dn\u00e9ho cyklu K\u0148az v\u010dera a dnes v K\u0148azskom semin\u00e1ri sv. Franti\u0161ka Xaversk\u00e9ho v Bad\u00edne.<\/p>\n<ul>\n<li>\n<h5><a title=\"Chesed, rechem a zedeq\" href=\"http:\/\/www.blazejstrba.eu\/?file_id=14\">Chesed, Rechem a Zedeq<\/a><\/h5>\n<\/li>\n<\/ul>\n<p>N\u00e1h\u013ead do term\u00ednov v ich s\u00favislostiach. Predn\u00e1\u0161ka (25. m\u00e1ja 2010) pre k\u0148azov v r\u00e1mci forma\u010dn\u00e9ho t\u00fd\u017ed\u0148a v KSFX v Bad\u00edne<\/p>\n<ul>\n<li>\n<h5><em><a title=\"N\u00e1siln\u00fd Boh Star\u00e9ho z\u00e1kona?\" href=\"http:\/\/www.blazejstrba.eu\/?file_id=10\">N\u00e1siln\u00fd Boh Star\u00e9ho z\u00e1kona?<\/a><\/em><\/h5>\n<\/li>\n<\/ul>\n<p>Poh\u013ead na problematiku \u201echcen\u00e9ho\u201c n\u00e1silia v textoch Star\u00e9ho z\u00e1kona. Predn\u00e1\u0161ka (2. j\u00fana 2010) pre u\u010dite\u013eov KGSM v Banskej Bystrici<\/p>\n<ul>\n<li>\n<h5><a href=\"http:\/\/www\">Spravodliv\u00fd a milosrdn\u00fd Boh v Knihe Exodus<\/a><\/h5>\n<\/li>\n<\/ul>\n<p>Predn\u00e1\u0161ka (22. okt\u00f3bra 2010) pre k\u0148azov Banskobystrickej diec\u00e9zy v KSFX.<\/p>\n<ul>\n<li>\n<h5><a href=\"http:\/\/www.blazejstrba.eu\/?file_id=31\">Situ\u00e1cia<\/a><a href=\"http:\/\/www.blazejstrba.eu\/?file_id=31\">\u00fatlaku<\/a><a href=\"http:\/\/www.blazejstrba.eu\/?file_id=31\"> Izraelitov v Ex 1,1-2,10<\/a><\/h5>\n<\/li>\n<\/ul>\n<p>Prezent\u00e1cia predn\u00e1\u0161ky na t\u00e9mu Situ\u00e1cia \u00fatlaku v Egypte (v Ex 1,1-2,10), prednesenej 16.11.2010 na Teologickej fakulte Univerzity Palack\u00e9ho.<\/p>\n<ul>\n<li>\n<h5><a href=\"http:\/\/www.blazejstrba.eu\/?file_id=32\">Vody Massy a Mer\u00edby (Ex 17,1-7) a hriechov vodcov (Nm 20,1-13)<\/a><\/h5>\n<\/li>\n<\/ul>\n<p>Prezent\u00e1cia k predn\u00e1\u0161ke o Vod\u00e1ch Massy a Mer\u00edby (Ex 17,1-7) a o hriechu Mer\u00edby (Nm 20,1-13), ktor\u00e1 odznela 16.11.2010 na Teologickej fakulte Univerzity Palack\u00e9ho v Olomouci<\/p>\n<ul>\n<li>\n<h5><a href=\"http:\/\/www.blazejstrba.eu\/?file_id=33\">Proroci v Pentateuchu a prorok ako Moj\u017ei\u0161<\/a><\/h5>\n<\/li>\n<\/ul>\n<p>Prezent\u00e1cia k predn\u00e1\u0161ke o Prorokoch v Pentateuchu a prorokovi ako Moj\u017ei\u0161, ktor\u00e1 odznela 18.11.2010 na Teologickej fakulte Univerzity Palack\u00e9ho v Olomouci.<\/p>\n<ul>\n<li>\n<h5><a href=\"http:\/\/www.blazejstrba.eu\/?file_id=103\">Prophet like Moses (Deut 18; 34)<\/a><\/h5>\n<\/li>\n<\/ul>\n<p>Presentation of the lecture The prophet like Moses for the Postgradual students of the Theological Faculty in Navarra University, Pamplona (E), November 19, 2012<\/p>\n<ul>\n<li>\n<h5><a href=\"http:\/\/www.blazejstrba.eu\/?file_id=104\">Relazioni intertestamentarii (Alcuni esempi)<\/a><\/h5>\n<\/li>\n<\/ul>\n<p>Presentation of the lecture for the Professors of the Theological Faculty of Navarra University, Pamplona, November 22, 2012.<\/p>\n<ul>\n<li>\n<h5><a href=\"http:\/\/www.blazejstrba.eu\/?file_id=178\">Blahoslavenstv\u00e1 v Biblii<\/a><\/h5>\n<p>(B. \u0160tiavnica)<\/li>\n<li>\n<h5><a href=\"http:\/\/www.blazejstrba.eu\/?file_id=171\">Blahoslavenstv\u00e1 v \u017ealmoch<\/a><\/h5>\n<\/li>\n<li>\n<h5><a href=\"http:\/\/www.blazejstrba.eu\/?file_id=201\" target=\"_blank\" rel=\"noopener\">N\u00e1vrat k \u017ealmovej prosbe o zmilovanie<\/a><\/h5>\n<\/li>\n<\/ul>\n<p>Prezent\u00e1cia predn\u00e1\u0161ky o v\u00fdvoji prosby &#8220;zmiluj sa!&#8221;, na medzin\u00e1rodnej vedeckej konferencii v Pre\u0161ove, 20.10.2015.<\/p>\n<h4>2.2 St\u00e1la form\u00e1cia k\u0148azov<\/h4>\n<ul>\n<li>\n<h5><a href=\"http:\/\/www.blazejstrba.eu\/?file_id=185\" target=\"_blank\" rel=\"noopener\">Hermeneutika n\u00e1siln\u00edckych textov<\/a><\/h5>\n<\/li>\n<\/ul>\n<p>Prezent\u00e1cia predn\u00e1\u0161ky pre St\u00e1lu form\u00e1ciu k\u0148azov Banskobystrickej diec\u00e9zy, 19.-21. 5. 2015, Bad\u00edn<\/p>\n<ul>\n<li>\n<h5><a href=\"http:\/\/www.blazejstrba.eu\/?file_id=186\" target=\"_blank\" rel=\"noopener\">H\u013eadanie pokory Boha v biblickej trad\u00edcii a kres\u0165anskej teol\u00f3gii<\/a> [<a href=\"http:\/\/www.blazejstrba.eu\/?file_id=183\">pdf textu<\/a>]<\/h5>\n<\/li>\n<\/ul>\n<p>Prezent\u00e1cia predn\u00e1\u0161ky pre St\u00e1lu form\u00e1ciu k\u0148azov Banskobystrickej diec\u00e9zy, 19.-21. 5. 2015, Bad\u00edn<\/p>\n<ul>\n<li>\n<h5><a href=\"http:\/\/www.blazejstrba.eu\/?file_id=187\" target=\"_blank\" rel=\"noopener\">Milosrdenstvo prameniace z\u00a0milosti<\/a><\/h5>\n<\/li>\n<\/ul>\n<p>Prezent\u00e1cia predn\u00e1\u0161ky pre St\u00e1lu form\u00e1ciu k\u0148azov Banskobystrickej diec\u00e9zy, 19.-21. 5. 2015, Bad\u00edn<\/p>\n<ul>\n<li>Sr. Fides ThLic. Iveta STRENKOV\u00c1 CJ:<a href=\"http:\/\/www.blazejstrba.eu\/?file_id=188\" target=\"_blank\" rel=\"noopener\"> Prekonanie kr\u00edzy a vyvolenie siedmich v Sk 6,1-7<\/a><\/li>\n<\/ul>\n<p>Prezent\u00e1cia predn\u00e1\u0161ky pre St\u00e1lu form\u00e1ciu k\u0148azov Banskobystrickej diec\u00e9zy, 19.-21. 5. 2015, Bad\u00edn<\/p>\n<ul>\n<li>Sr. Fides ThLic. Iveta STRENKOV\u00c1 CJ:<a href=\"http:\/\/www.blazejstrba.eu\/?file_id=189\" target=\"_blank\" rel=\"noopener\"> Nadob\u00fada\u0165 Kristovo zm\u00fd\u0161\u013eanie (Flp 1,27-2,18)<\/a><\/li>\n<\/ul>\n<p>Prezent\u00e1cia predn\u00e1\u0161ky pre St\u00e1lu form\u00e1ciu k\u0148azov Banskobystrickej diec\u00e9zy, 19.-21. 5. 2015, Bad\u00edn<\/p>\n<h3>3.\u00a0 K Druh\u00e9mu listu Korin\u0165anom<\/h3>\n<ul>\n<li>\n<h5><a href=\"http:\/\/www.blazejstrba.eu\/?file_id=5\">2Kor 1,1 &#8211; 2,13 &#8211; V\u00e1\u0161niv\u00fd a spo\u013eahliv\u00fd Pavol<\/a><\/h5>\n<\/li>\n<\/ul>\n<ul>\n<li>\n<h5><a href=\"http:\/\/www.blazejstrba.eu\/?file_id=3\">2Kor 2,14 &#8211; 4,6 &#8211; Sl\u00e1va Bo\u017eia cez dve tv\u00e1re &#8211; Moj\u017ei\u0161ovu a Pavlovu<\/a><\/h5>\n<\/li>\n<\/ul>\n<ul>\n<li>\n<h5><a href=\"http:\/\/www.blazejstrba.eu\/?file_id=117\">2Kor 4,7-15 &#8211; Pavlov poklad v hlinen\u00fdch n\u00e1dob\u00e1ch (2Kor 4,7-15)<\/a><\/h5>\n<\/li>\n<\/ul>\n<p>Uverejnen\u00e9 v \u010dasopise<em> Liturgia. \u010casopis pre liturgick\u00fa obnovu\u00a0<\/em>73 (1\/2009) 15-21<\/p>\n<ul>\n<li>\n<h5><a href=\"http:\/\/www.blazejstrba.eu\/?file_id=2\">2Kor 12,1 &#8211; 13,13 &#8211; Pavlova slabos\u0165 &#8211; podmienka apo\u0161tola<\/a><\/h5>\n<\/li>\n<\/ul>\n<h3>4.\u00a0 Pom\u00f4cky k \u0161t\u00fadiu<\/h3>\n<ul>\n<li>\n<h5><a href=\"http:\/\/www.blazejstrba.eu\/lang\/en\/science\/study-materials\/antologia\/\">Antol\u00f3gia biblick\u00fdch textov<\/a><\/h5>\n<\/li>\n<\/ul>\n<ul>\n<li>\n<h5><a href=\"http:\/\/www.blazejstrba.eu\/lang\/en\/science\/study-materials\/uvodsp\/\">\u00davod do P\u00edsma Sv\u00e4t\u00e9ho <\/a><\/h5>\n<\/li>\n<\/ul>\n<ul>\n<li>\n<h5><a title=\"Spravodliv\u00fd Boh u\u017e v Knihe Exodus\" href=\"http:\/\/www.blazejstrba.eu\/download\/spravodlivy-a-milosrdny-bohu-uz-v-knihe-exodus\/#\">Spravodliv\u00fd Boh u\u017e v Knihe Exodus<\/a><\/h5>\n<\/li>\n<\/ul>\n<p>Spravodliv\u00fd a milosrdn\u00fd Boh \u2013 u\u017e v Knihe Exodus. Porovnanie pojmu biblickej spravodlivosti a milosrdenstva s ich v\u0161eobecn\u00fdm ch\u00e1pan\u00edm. In: Liturgia 21 (1\/2011) s. 68-95.<\/p>\n<ul>\n<li>\n<h5><a href=\"http:\/\/www.blazejstrba.eu\/?file_id=155\">Delenie \u010dasu d\u0148a a noci v antickej trad\u00edcii<\/a><\/h5>\n<\/li>\n<li>\n<h5><a href=\"http:\/\/www.blazejstrba.eu\/?file_id=170\">V\u0161eobecn\u00fd \u00favod do Sv\u00e4t\u00e9ho p\u00edsma (2014)<\/a><\/h5>\n<\/li>\n<li>\n<h4><a href=\"http:\/\/www.blazejstrba.eu\/lang\/sk\/worship-to-the-word\/rozne-temy\/ros-ha-sana\/\" target=\"_blank\" rel=\"noopener\">Nov\u00fd rok &#8211; Ro\u0161 ha-\u0161ana<\/a><\/h4>\n<\/li>\n<li>\n<h4><a href=\"http:\/\/www.blazejstrba.eu\/?file_id=211\">Op\u00e4\u0165 Akra<\/a><\/h4>\n<\/li>\n<\/ul>\n<p>Predstavenie problematiky lokaliz\u00e1cie pevnosti Akra v Jeruzaleme.<\/p>\n<h3>5.\u00a0 Prezent\u00e1cie z popul\u00e1rno-n\u00e1u\u010dn\u00fdch predn\u00e1\u0161ok<\/h3>\n<h4>5.1\u00a0 V\u0161eobecn\u00e9<\/h4>\n<ul>\n<li><a href=\"http:\/\/www.blazejstrba.eu\/?file_id=177\">Bo\u017eie slovo vo Sv\u00e4to p\u00edsme a Lectio divina<\/a> (2015-03-20, B.\u0160tiavnica)<\/li>\n<\/ul>\n<h4>5.2\u00a0 Tematick\u00e9<\/h4>\n<ul>\n<li><a href=\"http:\/\/www.blazejstrba.eu\/?file_id=150\">Pam\u00e4\u0165 v Biblii a zab\u00fadanie <\/a>(2013-11-24, N. Ba\u0148a)<\/li>\n<li><a href=\"http:\/\/www.blazejstrba.eu\/?file_id=158\">Abigail<\/a> (2014-10-14, Sampor)<\/li>\n<li><a href=\"http:\/\/www.blazejstrba.eu\/?file_id=178\">Blahoslavenstv\u00e1 v Biblii<\/a> (2015-03-21, B.\u0160tiavnica)<\/li>\n<\/ul>\n<h4>5.3 V\u00fdkladov\u00e9, exegetick\u00e9<\/h4>\n<ul>\n<li><a href=\"http:\/\/www.blazejstrba.eu\/?file_id=179\">\u017dalm 8<\/a> (2015-03-21, B.\u0160tiavnica)<\/li>\n<\/ul>\n<ul>\n<li><a href=\"http:\/\/www.blazejstrba.eu\/?file_id=180\">\u017dalm 19<\/a> (2015-03-22, B.\u0160tiavnica)<\/li>\n<\/ul>\n<ul>\n<li><a href=\"http:\/\/www.blazejstrba.eu\/?file_id=137\">\u017dalm 30<\/a> &#8211; Po\u010fakovanie za vyslobodenie (2013, biblick\u00e1 nede\u013ea)<\/li>\n<\/ul>\n","protected":false},"excerpt":{"rendered":"<p>1.\u00a0 \u0160t\u00fadie 2017 Vyni\u010denie n\u00e1rodov pod\u013ea Knihy Jozue [pdf] \u0160t\u00fadia uverejnen\u00e1 v \u010dasopise Studia Biblica Slovaca, ro\u010d. 9, \u010d. 2 (1\/2017) 15-43 2016 Rozz\u00faren\u00fd pomstite\u013e [pdf] Rozz\u00faren\u00fd pomstite\u013e. Prieskum pou\u017eitia hebrejsk\u00e9ho kore\u0148a nqm s emot\u00edvnym podfarben\u00edm ako Bo\u017eieho pr\u00edvlastku. In: Vladim\u00edr Juh\u00e1s (ed.): Ak\u00fd je Boh Star\u00e9ho a Nov\u00e9ho z\u00e1kona?, Pre\u0161ov: Michal Va\u0161ko, 2016, s. &hellip; <a href=\"https:\/\/blazejstrba.eu\/it\/science\/study-materials\/\" class=\"more-link\">Continue reading <span class=\"screen-reader-text\">Study Materials<\/span> <span class=\"meta-nav\">&rarr;<\/span><\/a><\/p>\n","protected":false},"author":1,"featured_media":0,"parent":38,"menu_order":3,"comment_status":"closed","ping_status":"closed","template":"","meta":{"footnotes":""},"translation":{"provider":"WPGlobus","version":"3.0.0","language":"it","enabled_languages":["sk","en","it"],"languages":{"sk":{"title":true,"content":true,"excerpt":false},"en":{"title":false,"content":false,"excerpt":false},"it":{"title":false,"content":false,"excerpt":false}}},"_links":{"self":[{"href":"https:\/\/blazejstrba.eu\/it\/wp-json\/wp\/v2\/pages\/41"}],"collection":[{"href":"https:\/\/blazejstrba.eu\/it\/wp-json\/wp\/v2\/pages"}],"about":[{"href":"https:\/\/blazejstrba.eu\/it\/wp-json\/wp\/v2\/types\/page"}],"author":[{"embeddable":true,"href":"https:\/\/blazejstrba.eu\/it\/wp-json\/wp\/v2\/users\/1"}],"replies":[{"embeddable":true,"href":"https:\/\/blazejstrba.eu\/it\/wp-json\/wp\/v2\/comments?post=41"}],"version-history":[{"count":107,"href":"https:\/\/blazejstrba.eu\/it\/wp-json\/wp\/v2\/pages\/41\/revisions"}],"predecessor-version":[{"id":5647,"href":"https:\/\/blazejstrba.eu\/it\/wp-json\/wp\/v2\/pages\/41\/revisions\/5647"}],"up":[{"embeddable":true,"href":"https:\/\/blazejstrba.eu\/it\/wp-json\/wp\/v2\/pages\/38"}],"wp:attachment":[{"href":"https:\/\/blazejstrba.eu\/it\/wp-json\/wp\/v2\/media?parent=41"}],"curies":[{"name":"wp","href":"https:\/\/api.w.org\/{rel}","templated":true}]}}