{"id":3127,"date":"2013-05-18T19:20:19","date_gmt":"2013-05-18T17:20:19","guid":{"rendered":"http:\/\/www.blazejstrba.eu\/?page_id=3127"},"modified":"2013-05-18T19:34:58","modified_gmt":"2013-05-18T17:34:58","slug":"liturgia","status":"publish","type":"page","link":"https:\/\/blazejstrba.eu\/it\/worship-to-the-word\/liturgia\/","title":{"rendered":"Liturgia"},"content":{"rendered":"<h3>Formul\u00e1r om\u0161e<\/h3>\n<p><span style=\"color: #0000ff;\"><strong><em>Hebrejsky:<\/em><\/strong><\/span> 1. <strong><a href=\"http:\/\/www.blazejstrba.eu\/?file_id=140\">\u00davod<\/a><\/strong>, 2. <a href=\"http:\/\/www.blazejstrba.eu\/?file_id=141\"><strong>\u010c\u00edtania<\/strong><\/a>, 3. <a href=\"http:\/\/www.blazejstrba.eu\/?file_id=142\"><strong>Kr\u00e9do<\/strong><\/a>, 4. <a href=\"http:\/\/www.blazejstrba.eu\/?file_id=143\"><strong>Obetovanie<\/strong><\/a>, 5.\u00a0<a href=\"http:\/\/www.blazejstrba.eu\/?file_id=144\"><strong>Eucharistick\u00e1 modlitba (druh\u00e1)<\/strong><\/a>, 6. <strong><a href=\"http:\/\/www.blazejstrba.eu\/?file_id=145\">Ot\u010den\u00e1\u0161 a prij\u00edmanie<\/a><\/strong> a 7. <a href=\"http:\/\/www.blazejstrba.eu\/?file_id=146\"><strong>Z\u00e1vere\u010dn\u00e9 po\u017eehnanie<\/strong><\/a>.<\/p>\n","protected":false},"excerpt":{"rendered":"<p>Formul\u00e1r om\u0161e Hebrejsky: 1. \u00davod, 2. \u010c\u00edtania, 3. Kr\u00e9do, 4. Obetovanie, 5.\u00a0Eucharistick\u00e1 modlitba (druh\u00e1), 6. Ot\u010den\u00e1\u0161 a prij\u00edmanie a 7. Z\u00e1vere\u010dn\u00e9 po\u017eehnanie.<\/p>\n","protected":false},"author":2,"featured_media":0,"parent":95,"menu_order":2,"comment_status":"closed","ping_status":"closed","template":"","meta":{"footnotes":""},"translation":{"provider":"WPGlobus","version":"3.0.0","language":"it","enabled_languages":["sk","en","it"],"languages":{"sk":{"title":true,"content":true,"excerpt":false},"en":{"title":false,"content":false,"excerpt":false},"it":{"title":false,"content":false,"excerpt":false}}},"_links":{"self":[{"href":"https:\/\/blazejstrba.eu\/it\/wp-json\/wp\/v2\/pages\/3127"}],"collection":[{"href":"https:\/\/blazejstrba.eu\/it\/wp-json\/wp\/v2\/pages"}],"about":[{"href":"https:\/\/blazejstrba.eu\/it\/wp-json\/wp\/v2\/types\/page"}],"author":[{"embeddable":true,"href":"https:\/\/blazejstrba.eu\/it\/wp-json\/wp\/v2\/users\/2"}],"replies":[{"embeddable":true,"href":"https:\/\/blazejstrba.eu\/it\/wp-json\/wp\/v2\/comments?post=3127"}],"version-history":[{"count":6,"href":"https:\/\/blazejstrba.eu\/it\/wp-json\/wp\/v2\/pages\/3127\/revisions"}],"predecessor-version":[{"id":3138,"href":"https:\/\/blazejstrba.eu\/it\/wp-json\/wp\/v2\/pages\/3127\/revisions\/3138"}],"up":[{"embeddable":true,"href":"https:\/\/blazejstrba.eu\/it\/wp-json\/wp\/v2\/pages\/95"}],"wp:attachment":[{"href":"https:\/\/blazejstrba.eu\/it\/wp-json\/wp\/v2\/media?parent=3127"}],"curies":[{"name":"wp","href":"https:\/\/api.w.org\/{rel}","templated":true}]}}