{"id":2927,"date":"2013-03-22T00:44:31","date_gmt":"2013-03-21T22:44:31","guid":{"rendered":"http:\/\/www.blazejstrba.eu\/?page_id=2927"},"modified":"2016-03-25T20:18:17","modified_gmt":"2016-03-25T18:18:17","slug":"premena-obrazom-a-slovom-pos","status":"publish","type":"page","link":"https:\/\/blazejstrba.eu\/it\/worship-to-the-word\/premena-obrazom-a-slovom-pos\/","title":{"rendered":"Premena obrazom a slovom (POS)"},"content":{"rendered":"<p><strong><em>Premena obrazom a slovom<\/em><\/strong> (\u010falej POS) je n\u00e1zov ed\u00edcie obr\u00e1zkov, ktor\u00e9 vyd\u00e1va neziskov\u00e9 zdru\u017eenie Abvvob. Obr\u00e1zky predstavuj\u00fa niektor\u00e9 t\u00e9my, modlitby a b\u00e1sne, ktor\u00e9 s\u00faladia s obr\u00e1zkom a ktor\u00fdch cie\u013eom je povzbudi\u0165 kres\u0165ana ku pr\u00e1ci na Bo\u017eom kr\u00e1\u013eovstve.<\/p>\n<p>Abvvod cel\u00fdm menom Ob\u010dianskeho zdru\u017eenia kvet \u201eAbvvoB\u201c, je zdru\u017eenie, ktor\u00e9 chce svojou \u010dinnos\u0165ou obnovi\u0165 benedikt\u00ednsku trad\u00edciu na Slovensku a predov\u0161etk\u00fdm usilova\u0165 sa \u201eaby bol vo v\u0161etkom osl\u00e1ven\u00fd Boh\u201c (1 Pt 4,11).<\/p>\n<p><strong><em>POS<\/em><\/strong> 1 &#8211; <strong><span style=\"color: #993366;\"><a href=\"http:\/\/www.blazejstrba.eu\/?file_id=124\">Trojjedin\u00fd Bo\u017ee<\/a>\u00a0<\/span><\/strong><span style=\"color: #993366;\"><span style=\"color: #000000;\">(2011)<\/span><\/span><\/p>\n<p><strong><em>POS <\/em><\/strong>2 &#8211; <a href=\"http:\/\/www.blazejstrba.eu\/?file_id=125\"><strong><span style=\"color: #0000ff;\">Ver\u0161om o Slove z Prol\u00f3gu<\/span><\/strong><\/a> (2008)<\/p>\n<p><strong><em>POS <\/em><\/strong>3 &#8211; <strong><span style=\"color: #0000ff;\"><a href=\"http:\/\/www.blazejstrba.eu\/?file_id=220\">Pris\u013e\u00faben\u00e9 dary od Mesi\u00e1\u0161a<\/a> <\/span><\/strong><span style=\"color: #0000ff;\"><span style=\"color: #808080;\">(2009)<\/span><\/span><\/p>\n<p><strong><em>POS<\/em><\/strong> 4 &#8211; <a href=\"http:\/\/www.blazejstrba.eu\/?file_id=221\"><strong>Miserere<\/strong><\/a> (\u017d 51)<\/p>\n<p><strong><em>POS\u00a0 <\/em><\/strong>5 &#8211; <a href=\"http:\/\/www.blazejstrba.eu\/?file_id=222\"><strong>Exultet &#8211; Zm\u0155tvychvstal\u00fd<\/strong><\/a><\/p>\n<p><strong><em>POS\u00a0 <\/em><\/strong>6 &#8211; <strong><a href=\"http:\/\/www.blazejstrba.eu\/?file_id=223\">Bohorodi\u010dka orodovnica<\/a><\/strong><\/p>\n<p><strong><em>POS<\/em><\/strong>\u00a0 7 &#8211; <a href=\"http:\/\/www.blazejstrba.eu\/?file_id=129\"><strong>Modlitba za Eur\u00f3pu k sv. Cyrilovi a Metodovi<\/strong> <\/a>(2012)<\/p>\n<p><strong><em>POS\u00a0 <\/em><\/strong>8<strong> &#8211; <a href=\"http:\/\/www.blazejstrba.eu\/?file_id=130\">Hymnus &#8220;Lorika&#8221; (sv. Patrik)<\/a><\/strong> (2012)<strong><em><br \/>\n<\/em><\/strong><\/p>\n<p><strong><em>POS<\/em><\/strong>\u00a0 9 &#8211; <strong>Moj\u017ei\u0161ova modlitba (\u017d 90)<\/strong> verzia <strong><a href=\"http:\/\/www.blazejstrba.eu\/?file_id=131\">A<\/a><\/strong> a verzia <a href=\"http:\/\/www.blazejstrba.eu\/?file_id=132\"><strong>B<\/strong><\/a> (2012)<\/p>\n<p><strong><em>POS<\/em><\/strong> 10 &#8211; <a href=\"http:\/\/www.blazejstrba.eu\/?file_id=133\"><strong>Modlitba za bed\u00e1ra (\u017d 41,2)<\/strong><\/a> (2012)<\/p>\n<p><strong><em>POS<\/em><\/strong> 11 &#8211; <a href=\"http:\/\/www.blazejstrba.eu\/?file_id=134\"><strong>Kristus m\u00e1 na\u0161e ruky<\/strong><\/a> (2012)<\/p>\n<p><strong><em>POS<\/em><\/strong> 12 &#8211; <a href=\"http:\/\/www.blazejstrba.eu\/?file_id=224\"><strong>Po\u010fakovanie za vyslobodenie<\/strong><\/a> (\u017d 30)<\/p>\n<p><strong><em>POS<\/em><\/strong> 13 &#8211; <a href=\"http:\/\/www.blazejstrba.eu\/?file_id=225\"><strong>Po\u010fakovanie za dar viery<\/strong><\/a><\/p>\n<p><strong><em>POS<\/em><\/strong> 14 &#8211; <strong><a href=\"http:\/\/www.blazejstrba.eu\/?file_id=226\">K Duchu Sv\u00e4t\u00e9mu<\/a><\/strong><\/p>\n<p><strong><em>POS<\/em><\/strong> 15 &#8211; <strong><a href=\"http:\/\/www.blazejstrba.eu\/?file_id=227\">Tur\u010d\u00edna sekvencia<\/a><\/strong><\/p>\n<p><strong><em>POS<\/em><\/strong> 16 &#8211; <span style=\"color: #ff0000;\"><a href=\"http:\/\/www.blazejstrba.eu\/?file_id=123\"><strong>Nech ka\u017ed\u00e9 r\u00e1no (B)<\/strong><\/a><span style=\"color: #000000;\">\u00a0 (<a href=\"http:\/\/www.blazejstrba.eu\/?file_id=135\"><strong>verzia A<\/strong><\/a>) (2013)<strong><br \/>\n<\/strong><\/span><\/span><\/p>\n<p><strong><em>POS<\/em><\/strong> 17 &#8211; <a href=\"http:\/\/www.blazejstrba.eu\/?file_id=136\"><strong>M\u00e1ria z Magdaly<\/strong><\/a> (2013)<\/p>\n<p><strong><em>POS<\/em> <\/strong>18 &#8211; <a href=\"http:\/\/www.blazejstrba.eu\/?file_id=163\"><strong>P\u00e1pe\u017e Franti\u0161ek a Ako sa sta\u0165 sv\u00e4t\u00fdm<\/strong><\/a> (2013)<\/p>\n<p><strong><em>POS<\/em> <\/strong>19 &#8211; <a href=\"http:\/\/www.blazejstrba.eu\/?file_id=164\"><strong>Bosk a V\u010fakyvzdanie (Kol)<\/strong> <\/a>(2013)<\/p>\n<p><strong><em>POS<\/em><\/strong> 20 &#8211; <a href=\"http:\/\/www.blazejstrba.eu\/?file_id=165\"><strong>\u017dalm 1<\/strong> <\/a>(2013)<\/p>\n<p><strong><em>POS<\/em> <\/strong>21 &#8211; <a href=\"http:\/\/www.blazejstrba.eu\/?file_id=166\"><strong><em>\u017dalm 150 a Chv\u00e1la P\u00e1na<\/em><\/strong><\/a> (2013)<\/p>\n<p><strong><em>POS<\/em> <\/strong>22 &#8211; <a href=\"http:\/\/www.blazejstrba.eu\/?file_id=228\"><strong>Dobr\u00fd pastier na na\u0161ich cest\u00e1ch<\/strong><\/a><\/p>\n<p><strong><em>POS<\/em> <\/strong>23 &#8211; <a href=\"http:\/\/www.blazejstrba.eu\/?file_id=229\"><strong>Modlitba p\u00fatnika medzi nebom a zemou<\/strong><\/a><\/p>\n<p><strong><em>POS<\/em> <\/strong>24 &#8211; <a href=\"http:\/\/www.blazejstrba.eu\/?file_id=230\"><strong>Modltiba za pokojn\u00fa starobu<\/strong><\/a><\/p>\n<p><strong><em>POS<\/em> <\/strong>25 &#8211; <a href=\"http:\/\/www.blazejstrba.eu\/?file_id=241\"><strong>Maj v \u00facte ka\u017ed\u00e9ho \u010dloveka<\/strong><\/a> (kard. Wyszy\u0144ski)<\/p>\n<p><strong><em>POS<\/em><\/strong> 26 &#8211; <a href=\"http:\/\/www.blazejstrba.eu\/?file_id=167\"><strong>Modlitba starcov a starcov poh\u013ead<\/strong><\/a> (2014)<\/p>\n<p><strong><em>POS<\/em> <\/strong>27 &#8211; <a href=\"http:\/\/www.blazejstrba.eu\/?file_id=242\"><strong>Rodina na \u00fateku<\/strong> (F. Mancini) a <strong>Modlitba k sv\u00e4tej rodine<\/strong> (P\u00e1pe\u017e Franti\u0161ek)<\/a> (2014)<\/p>\n<p><strong><em>POS<\/em> <\/strong>28 &#8211; <a href=\"http:\/\/www.blazejstrba.eu\/?file_id=240\"><strong>Kam tento svet speje<\/strong> (S. Martausov\u00e1) a <strong>N\u00e1\u0161 Boh<\/strong> (ESPE)<\/a><\/p>\n<p><strong><em>POS<\/em> <\/strong>29 &#8211; <strong><a href=\"http:\/\/www.blazejstrba.eu\/?file_id=246\">Lit\u00e1nie pokory<\/a><\/strong><\/p>\n<p><strong><em>POS<\/em><\/strong> 30 &#8211; T\u00fa\u017eba za Bohom (\u017d 63)<\/p>\n<p><strong><em>POS<\/em><\/strong> 31 &#8211; Pr\u00eds\u013euby po\u010d\u00favania<\/p>\n<p><strong><em>POS<\/em><\/strong> 32 &#8211; Nov\u00fd \u017eivot v Kristovi (Kol 3,12-17)<\/p>\n<p><strong><em>POS<\/em><\/strong> 33 &#8211; Vtla\u010d do m\u0148a Tvoju tv\u00e1r (2015) &#8211; 33A &#8211; 33AZ<\/p>\n<p><strong><em>POS<\/em><\/strong> 34 &#8211; Modlitba obnovy<\/p>\n<p><strong><em>POS<\/em><\/strong> 35 &#8211; Modlitba starca Izidora k Bohorodi\u010dke<\/p>\n<p><strong><em>POS<\/em><\/strong> 36 &#8211; Dary Ducha Sv\u00e4t\u00e9ho a B\u00e1ze\u0148 pred P\u00e1nom<\/p>\n<p><strong><em>POS<\/em><\/strong> 37 &#8211; Svetlo zhora (L. Z\u00e1borsk\u00fd)<\/p>\n<p><strong><em>POS<\/em><\/strong> 38 &#8211; <strong><a href=\"http:\/\/www.blazejstrba.eu\/?file_id=247\">Za zasv\u00e4ten\u00e9 osoby<\/a><\/strong><\/p>\n<p><strong><em>POS<\/em><\/strong> 39 &#8211; <a href=\"http:\/\/www.blazejstrba.eu\/?file_id=248\"><strong>Milosrdn\u00fd Bo\u017ee<\/strong><\/a> (J.P. II)<\/p>\n<p><strong><em>POS<\/em><\/strong> 40 &#8211; Milosrdn\u00ed ako Otec (P\u00e1pe\u017e Franti\u0161ek) &#8211; 40A<\/p>\n","protected":false},"excerpt":{"rendered":"<p>Premena obrazom a slovom (\u010falej POS) je n\u00e1zov ed\u00edcie obr\u00e1zkov, ktor\u00e9 vyd\u00e1va neziskov\u00e9 zdru\u017eenie Abvvob. Obr\u00e1zky predstavuj\u00fa niektor\u00e9 t\u00e9my, modlitby a b\u00e1sne, ktor\u00e9 s\u00faladia s obr\u00e1zkom a ktor\u00fdch cie\u013eom je povzbudi\u0165 kres\u0165ana ku pr\u00e1ci na Bo\u017eom kr\u00e1\u013eovstve. Abvvod cel\u00fdm menom Ob\u010dianskeho zdru\u017eenia kvet \u201eAbvvoB\u201c, je zdru\u017eenie, ktor\u00e9 chce svojou \u010dinnos\u0165ou obnovi\u0165 benedikt\u00ednsku trad\u00edciu na Slovensku &hellip; <a href=\"https:\/\/blazejstrba.eu\/it\/worship-to-the-word\/premena-obrazom-a-slovom-pos\/\" class=\"more-link\">Continue reading <span class=\"screen-reader-text\">Premena obrazom a slovom (POS)<\/span> <span class=\"meta-nav\">&rarr;<\/span><\/a><\/p>\n","protected":false},"author":2,"featured_media":0,"parent":95,"menu_order":6,"comment_status":"closed","ping_status":"closed","template":"","meta":{"footnotes":""},"translation":{"provider":"WPGlobus","version":"3.0.0","language":"it","enabled_languages":["sk","en","it"],"languages":{"sk":{"title":true,"content":true,"excerpt":false},"en":{"title":false,"content":false,"excerpt":false},"it":{"title":false,"content":false,"excerpt":false}}},"_links":{"self":[{"href":"https:\/\/blazejstrba.eu\/it\/wp-json\/wp\/v2\/pages\/2927"}],"collection":[{"href":"https:\/\/blazejstrba.eu\/it\/wp-json\/wp\/v2\/pages"}],"about":[{"href":"https:\/\/blazejstrba.eu\/it\/wp-json\/wp\/v2\/types\/page"}],"author":[{"embeddable":true,"href":"https:\/\/blazejstrba.eu\/it\/wp-json\/wp\/v2\/users\/2"}],"replies":[{"embeddable":true,"href":"https:\/\/blazejstrba.eu\/it\/wp-json\/wp\/v2\/comments?post=2927"}],"version-history":[{"count":24,"href":"https:\/\/blazejstrba.eu\/it\/wp-json\/wp\/v2\/pages\/2927\/revisions"}],"predecessor-version":[{"id":4327,"href":"https:\/\/blazejstrba.eu\/it\/wp-json\/wp\/v2\/pages\/2927\/revisions\/4327"}],"up":[{"embeddable":true,"href":"https:\/\/blazejstrba.eu\/it\/wp-json\/wp\/v2\/pages\/95"}],"wp:attachment":[{"href":"https:\/\/blazejstrba.eu\/it\/wp-json\/wp\/v2\/media?parent=2927"}],"curies":[{"name":"wp","href":"https:\/\/api.w.org\/{rel}","templated":true}]}}