{"id":2863,"date":"2013-03-04T23:26:10","date_gmt":"2013-03-04T21:26:10","guid":{"rendered":"http:\/\/www.blazejstrba.eu\/?page_id=2863"},"modified":"2013-03-04T23:48:49","modified_gmt":"2013-03-04T21:48:49","slug":"z-90-106","status":"publish","type":"page","link":"https:\/\/blazejstrba.eu\/it\/worship-to-the-word\/zalmy\/z-90-106\/","title":{"rendered":"\u017d 90-106 \u0160tvrt\u00e1 kniha \u017dalt\u00e1ra"},"content":{"rendered":"","protected":false},"excerpt":{"rendered":"","protected":false},"author":2,"featured_media":0,"parent":695,"menu_order":4,"comment_status":"closed","ping_status":"open","template":"","meta":{"footnotes":""},"translation":{"provider":"WPGlobus","version":"3.0.0","language":"it","enabled_languages":["sk","en","it"],"languages":{"sk":{"title":true,"content":false,"excerpt":false},"en":{"title":false,"content":false,"excerpt":false},"it":{"title":false,"content":false,"excerpt":false}}},"_links":{"self":[{"href":"https:\/\/blazejstrba.eu\/it\/wp-json\/wp\/v2\/pages\/2863"}],"collection":[{"href":"https:\/\/blazejstrba.eu\/it\/wp-json\/wp\/v2\/pages"}],"about":[{"href":"https:\/\/blazejstrba.eu\/it\/wp-json\/wp\/v2\/types\/page"}],"author":[{"embeddable":true,"href":"https:\/\/blazejstrba.eu\/it\/wp-json\/wp\/v2\/users\/2"}],"replies":[{"embeddable":true,"href":"https:\/\/blazejstrba.eu\/it\/wp-json\/wp\/v2\/comments?post=2863"}],"version-history":[{"count":2,"href":"https:\/\/blazejstrba.eu\/it\/wp-json\/wp\/v2\/pages\/2863\/revisions"}],"predecessor-version":[{"id":2885,"href":"https:\/\/blazejstrba.eu\/it\/wp-json\/wp\/v2\/pages\/2863\/revisions\/2885"}],"up":[{"embeddable":true,"href":"https:\/\/blazejstrba.eu\/it\/wp-json\/wp\/v2\/pages\/695"}],"wp:attachment":[{"href":"https:\/\/blazejstrba.eu\/it\/wp-json\/wp\/v2\/media?parent=2863"}],"curies":[{"name":"wp","href":"https:\/\/api.w.org\/{rel}","templated":true}]}}