{"id":2860,"date":"2013-03-04T23:24:23","date_gmt":"2013-03-04T21:24:23","guid":{"rendered":"http:\/\/www.blazejstrba.eu\/?page_id=2860"},"modified":"2013-03-04T23:48:26","modified_gmt":"2013-03-04T21:48:26","slug":"z-73-89","status":"publish","type":"page","link":"https:\/\/blazejstrba.eu\/it\/worship-to-the-word\/zalmy\/z-73-89\/","title":{"rendered":"\u017d 73-89 Tretia kniha \u017dalt\u00e1ra"},"content":{"rendered":"","protected":false},"excerpt":{"rendered":"","protected":false},"author":2,"featured_media":0,"parent":695,"menu_order":3,"comment_status":"closed","ping_status":"open","template":"","meta":{"footnotes":""},"translation":{"provider":"WPGlobus","version":"3.0.0","language":"it","enabled_languages":["sk","en","it"],"languages":{"sk":{"title":true,"content":false,"excerpt":false},"en":{"title":false,"content":false,"excerpt":false},"it":{"title":false,"content":false,"excerpt":false}}},"_links":{"self":[{"href":"https:\/\/blazejstrba.eu\/it\/wp-json\/wp\/v2\/pages\/2860"}],"collection":[{"href":"https:\/\/blazejstrba.eu\/it\/wp-json\/wp\/v2\/pages"}],"about":[{"href":"https:\/\/blazejstrba.eu\/it\/wp-json\/wp\/v2\/types\/page"}],"author":[{"embeddable":true,"href":"https:\/\/blazejstrba.eu\/it\/wp-json\/wp\/v2\/users\/2"}],"replies":[{"embeddable":true,"href":"https:\/\/blazejstrba.eu\/it\/wp-json\/wp\/v2\/comments?post=2860"}],"version-history":[{"count":5,"href":"https:\/\/blazejstrba.eu\/it\/wp-json\/wp\/v2\/pages\/2860\/revisions"}],"predecessor-version":[{"id":2884,"href":"https:\/\/blazejstrba.eu\/it\/wp-json\/wp\/v2\/pages\/2860\/revisions\/2884"}],"up":[{"embeddable":true,"href":"https:\/\/blazejstrba.eu\/it\/wp-json\/wp\/v2\/pages\/695"}],"wp:attachment":[{"href":"https:\/\/blazejstrba.eu\/it\/wp-json\/wp\/v2\/media?parent=2860"}],"curies":[{"name":"wp","href":"https:\/\/api.w.org\/{rel}","templated":true}]}}