{"id":2852,"date":"2013-03-04T23:21:10","date_gmt":"2013-03-04T21:21:10","guid":{"rendered":"http:\/\/www.blazejstrba.eu\/?page_id=2852"},"modified":"2013-03-04T23:47:55","modified_gmt":"2013-03-04T21:47:55","slug":"z-42-72","status":"publish","type":"page","link":"https:\/\/blazejstrba.eu\/it\/worship-to-the-word\/zalmy\/z-42-72\/","title":{"rendered":"\u017d 42-72 Druh\u00e1 kniha \u017dalt\u00e1ra"},"content":{"rendered":"","protected":false},"excerpt":{"rendered":"","protected":false},"author":2,"featured_media":0,"parent":695,"menu_order":2,"comment_status":"closed","ping_status":"open","template":"","meta":{"footnotes":""},"translation":{"provider":"WPGlobus","version":"3.0.0","language":"it","enabled_languages":["sk","en","it"],"languages":{"sk":{"title":true,"content":false,"excerpt":false},"en":{"title":false,"content":false,"excerpt":false},"it":{"title":false,"content":false,"excerpt":false}}},"_links":{"self":[{"href":"https:\/\/blazejstrba.eu\/it\/wp-json\/wp\/v2\/pages\/2852"}],"collection":[{"href":"https:\/\/blazejstrba.eu\/it\/wp-json\/wp\/v2\/pages"}],"about":[{"href":"https:\/\/blazejstrba.eu\/it\/wp-json\/wp\/v2\/types\/page"}],"author":[{"embeddable":true,"href":"https:\/\/blazejstrba.eu\/it\/wp-json\/wp\/v2\/users\/2"}],"replies":[{"embeddable":true,"href":"https:\/\/blazejstrba.eu\/it\/wp-json\/wp\/v2\/comments?post=2852"}],"version-history":[{"count":6,"href":"https:\/\/blazejstrba.eu\/it\/wp-json\/wp\/v2\/pages\/2852\/revisions"}],"predecessor-version":[{"id":2883,"href":"https:\/\/blazejstrba.eu\/it\/wp-json\/wp\/v2\/pages\/2852\/revisions\/2883"}],"up":[{"embeddable":true,"href":"https:\/\/blazejstrba.eu\/it\/wp-json\/wp\/v2\/pages\/695"}],"wp:attachment":[{"href":"https:\/\/blazejstrba.eu\/it\/wp-json\/wp\/v2\/media?parent=2852"}],"curies":[{"name":"wp","href":"https:\/\/api.w.org\/{rel}","templated":true}]}}