{"id":25,"date":"2010-04-16T22:15:21","date_gmt":"2010-04-16T20:15:21","guid":{"rendered":"http:\/\/www.blazejstrba.eu\/?page_id=25"},"modified":"2021-07-22T14:25:05","modified_gmt":"2021-07-22T12:25:05","slug":"biography","status":"publish","type":"page","link":"https:\/\/blazejstrba.eu\/it\/biography\/","title":{"rendered":"\u017divotopis"},"content":{"rendered":"<div lang=\"sk\">\n<p style=\"text-align: justify;\"><a href=\"http:\/\/www.blazejstrba.eu\/biography\/blazej_strba_kaplnka_seminar\/\" rel=\"attachment wp-att-84\"><img loading=\"lazy\" decoding=\"async\" class=\"alignleft size-thumbnail wp-image-84\" src=\"http:\/\/www.blazejstrba.eu\/wp-content\/uploads\/blazej_strba_kaplnka_seminar-150x150.jpg\" alt=\"\" width=\"150\" height=\"150\" \/><\/a><strong>doc. SSD Bla\u017eej F. \u0160trba, PhD.<\/strong> sa narodil 2. febru\u00e1ra 1971 v Novej Bani. K\u0148azsk\u00fa vysviacku prijal 4. janu\u00e1ra 1997 v Katedr\u00e1le sv. Franti\u0161ka Xaversk\u00e9ho v Banskej Bystrici. Desa\u0165 rokov, od roku 1991 do roku 2001, \u0161tudoval\u00a0 v R\u00edme &#8211;\u00a0 filozofiu na P\u00e1pe\u017eskej Later\u00e1nskej univerzite\u00a0 (Bc.)\u00a0 a\u00a0 teol\u00f3giu na P\u00e1pe\u017eskej Gregorovej univerzite (Mgr.). V roku 2001 obh\u00e1jil licen\u010dn\u00fa t\u00e9zu na P\u00e1pe\u017eskom biblickom in\u0161tit\u00fate v R\u00edme (SSLic.). Od roku 2001 do roku 2006 p\u00f4sobil po\u010das doktorandsk\u00e9ho \u0161t\u00fadia v Jeruzaleme. Na Fakulte biblick\u00fdch a archeologick\u00fdch vied v Jeruzaleme v roku 2006 obh\u00e1jil dizerta\u010dn\u00fa pr\u00e1cu s n\u00e1zvom <em>Take off your sandals from your feet! An exegetical study of Josh 5,13-15<\/em>. Po jej publikovan\u00ed v r. 2007 mu bol udelen\u00fd titul doktor biblick\u00fdch vied (SSD).<\/p>\n<p style=\"text-align: justify;\">Od roku 2006 pracuje na Katedre biblick\u00fdch vied na Teologickom in\u0161tit\u00fate R\u00edmskokatol\u00edckej Cyrilometodskej bohosloveckej fakulty Univerzity Komensk\u00e9ho v Bratislave (v Bad\u00edne v r. 2006 &#8211; 2019, v Nitre od r. 2019) a predn\u00e1\u0161a biblick\u00fa hebrej\u010dinu, biblick\u00fa archeol\u00f3giu, \u00favod do Star\u00e9ho a Nov\u00e9ho z\u00e1kona a exeg\u00e9zu najm\u00e4 Star\u00e9ho z\u00e1kona. Je \u0161\u00e9fredaktorom \u010dasopisu <a href=\"https:\/\/biblica.sk\/\"><em>Studia Biblica Slovaca<\/em><\/a>. Je \u010dlenom nieko\u013ek\u00fdch slovensk\u00fdch a medzin\u00e1rodn\u00fdch organiz\u00e1ci\u00ed p\u00f4sobiacich na poli biblick\u00fdch vied a katol\u00edckej teol\u00f3gie &#8211; v slu\u017ebe Bo\u017eieho slova. Od roku 2013 po\u010das druh\u00e9ho semestra permanentne predn\u00e1\u0161a exeg\u00e9zu Star\u00e9ho z\u00e1kona aj na <a href=\"http:\/\/studiumbiblicum.org\/it\">Fakulte biblick\u00fdch vied a archeol\u00f3gie<\/a> v Jeruzaleme. V decembri 2020 bol menovan\u00fd p\u00e1pe\u017eom Franti\u0161kom za riadneho \u010dlena <a href=\"https:\/\/www.vatican.va\/roman_curia\/congregations\/cfaith\/pcb_documents\/rc_con_cfaith_pro_14071997_pcbible_it.html\"><em>P\u00e1pe\u017eskej biblickej komisie<\/em><\/a> a v roku 2021 mu bol udelen\u00fd titul docent v odbore katol\u00edcka teol\u00f3gia.<\/p>\n<\/div>\n","protected":false},"excerpt":{"rendered":"<p>doc. SSD Bla\u017eej F. \u0160trba, PhD. sa narodil 2. febru\u00e1ra 1971 v Novej Bani. K\u0148azsk\u00fa vysviacku prijal 4. janu\u00e1ra 1997 v Katedr\u00e1le sv. Franti\u0161ka Xaversk\u00e9ho v Banskej Bystrici. Desa\u0165 rokov, od roku 1991 do roku 2001, \u0161tudoval\u00a0 v R\u00edme &#8211;\u00a0 filozofiu na P\u00e1pe\u017eskej Later\u00e1nskej univerzite\u00a0 (Bc.)\u00a0 a\u00a0 teol\u00f3giu na P\u00e1pe\u017eskej Gregorovej univerzite (Mgr.). V roku &hellip; <a href=\"https:\/\/blazejstrba.eu\/it\/biography\/\" class=\"more-link\">Continue reading <span class=\"screen-reader-text\">\u017divotopis<\/span> <span class=\"meta-nav\">&rarr;<\/span><\/a><\/p>\n","protected":false},"author":1,"featured_media":0,"parent":0,"menu_order":1,"comment_status":"closed","ping_status":"closed","template":"","meta":{"footnotes":""},"translation":{"provider":"WPGlobus","version":"3.0.0","language":"it","enabled_languages":["sk","en","it"],"languages":{"sk":{"title":true,"content":true,"excerpt":false},"en":{"title":false,"content":true,"excerpt":false},"it":{"title":false,"content":false,"excerpt":false}}},"_links":{"self":[{"href":"https:\/\/blazejstrba.eu\/it\/wp-json\/wp\/v2\/pages\/25"}],"collection":[{"href":"https:\/\/blazejstrba.eu\/it\/wp-json\/wp\/v2\/pages"}],"about":[{"href":"https:\/\/blazejstrba.eu\/it\/wp-json\/wp\/v2\/types\/page"}],"author":[{"embeddable":true,"href":"https:\/\/blazejstrba.eu\/it\/wp-json\/wp\/v2\/users\/1"}],"replies":[{"embeddable":true,"href":"https:\/\/blazejstrba.eu\/it\/wp-json\/wp\/v2\/comments?post=25"}],"version-history":[{"count":44,"href":"https:\/\/blazejstrba.eu\/it\/wp-json\/wp\/v2\/pages\/25\/revisions"}],"predecessor-version":[{"id":6463,"href":"https:\/\/blazejstrba.eu\/it\/wp-json\/wp\/v2\/pages\/25\/revisions\/6463"}],"wp:attachment":[{"href":"https:\/\/blazejstrba.eu\/it\/wp-json\/wp\/v2\/media?parent=25"}],"curies":[{"name":"wp","href":"https:\/\/api.w.org\/{rel}","templated":true}]}}