{"id":2206,"date":"2011-12-24T16:00:03","date_gmt":"2011-12-24T14:00:03","guid":{"rendered":"http:\/\/www.blazejstrba.eu\/?page_id=2206"},"modified":"2021-04-08T13:07:33","modified_gmt":"2021-04-08T11:07:33","slug":"poezia","status":"publish","type":"page","link":"https:\/\/blazejstrba.eu\/it\/worship-to-the-word\/poezia\/","title":{"rendered":"Po\u00e9zia"},"content":{"rendered":"<h2>Viano\u010dn\u00e1<\/h2>\n<p>2008 &#8211; <a href=\"http:\/\/www.blazejstrba.eu\/?file_id=125\">Ver\u0161om o Slove z Prol\u00f3gu<\/a> (<a href=\"http:\/\/www.blazejstrba.eu\/?file_id=125\">.<strong>pdf<\/strong><\/a>)<\/p>\n<p>2009 &#8211;<\/p>\n<p>2010 &#8211; <a href=\"http:\/\/www.blazejstrba.eu\/?file_id=121\">Tajomn\u00e1 v\u00fdmena<\/a> (.<strong>pdf<\/strong>)<\/p>\n<p>2011 &#8211; <a href=\"http:\/\/www.blazejstrba.eu\/?file_id=79\">Dary a darcovia<\/a><\/p>\n<p>2012 &#8211; <a href=\"http:\/\/www.blazejstrba.eu\/?file_id=112\">Pastierom svitla Jeho sl\u00e1va<\/a>\u00a0(<a href=\"http:\/\/www.blazejstrba.eu\/lang\/en\/pastierom-svitla-jehoslava-vianocny-vins-2012\">.doc<\/a>, <a href=\"http:\/\/www.blazejstrba.eu\/?file_id=112\">.<strong>pdf<\/strong><\/a>)<\/p>\n<p>2014 &#8211; <a href=\"http:\/\/www.blazejstrba.eu\/?file_id=168\">Na\u0161ou \u013eudskou re\u010dou<\/a> (<a href=\"http:\/\/www.blazejstrba.eu\/?file_id=168\">.<strong>pdf<\/strong><\/a>)<\/p>\n<p>2015 &#8211; <a href=\"http:\/\/www.blazejstrba.eu\/lang\/sk\/na-uteku\/\">Na \u00fateku<\/a> (<a href=\"http:\/\/www.blazejstrba.eu\/?file_id=216\"><strong>.pdf<\/strong><\/a>)<\/p>\n<p>2016 &#8211; <a href=\"https:\/\/www.blazejstrba.eu\/zazrak-do-nas-dany\/\">Z\u00e1zrak<\/a> (.<a href=\"https:\/\/www.blazejstrba.eu\/download\/zazrak-do-nas-dany\/\">pdf<\/a>)<\/p>\n<h2>Ve\u013ekono\u010dn\u00e1<\/h2>\n<p>2012 &#8211; <a href=\"http:\/\/www.blazejstrba.eu\/lang\/sk\/zmrtvychvstaly-pre-nas\">Zm\u0155tvychvstal\u00fd pre n\u00e1s<\/a><\/p>\n<p>2013 &#8211; <a href=\"http:\/\/www.blazejstrba.eu\/?file_id=123\">Nech ka\u017ed\u00e9 r\u00e1no&#8230;<\/a> (<a href=\"http:\/\/www.blazejstrba.eu\/?file_id=123\">.<strong>pdf<\/strong><\/a>)<\/p>\n<p>2014 &#8211; <a href=\"http:\/\/www.blazejstrba.eu\/lang\/sk\/zo-svateho-hrobu-v-jeruzaleme\/\">Zo Sv\u00e4t\u00e9ho hrobu<\/a> (<a href=\"http:\/\/www.blazejstrba.eu\/?file_id=153\">.<strong>pdf<\/strong><\/a>)<\/p>\n<p>2015 &#8211; <a href=\"http:\/\/www.blazejstrba.eu\/lang\/sk\/moznost-povstat\/\">Mo\u017enos\u0165 povsta\u0165<\/a>\u00a0(.<a href=\"http:\/\/www.blazejstrba.eu\/?file_id=182\"><strong>pdf<\/strong><\/a>)<\/p>\n<p>2016 &#8211; <a href=\"http:\/\/www.blazejstrba.eu\/lang\/sk\/tvare-velkonocne\/\">Tv\u00e1re<\/a> (<a href=\"http:\/\/www.blazejstrba.eu\/?file_id=251\"><strong>.pdf<\/strong><\/a>)<\/p>\n<p>2017 &#8211; (.pdf)<\/p>\n<p>2018 &#8211; <a href=\"https:\/\/www.blazejstrba.eu\/hladanie-velkonocny-vins-2018\/\">H\u013eadanie<\/a> (.<a href=\"https:\/\/www.blazejstrba.eu\/download\/hladanie\/\">pdf<\/a>)<\/p>\n<p>2019 &#8211; <a href=\"https:\/\/www.blazejstrba.eu\/ma-opraty\/\">M\u00e1 opraty<\/a> (.<a href=\"https:\/\/www.blazejstrba.eu\/download\/ma-opraty\/\">pdf<\/a>)<\/p>\n<p>2020 &#8211; <a href=\"https:\/\/www.blazejstrba.eu\/nehovori\/\">Nehovor\u00ed<\/a> (.<a href=\"https:\/\/www.blazejstrba.eu\/download\/nehovori\/\">pdf<\/a>)<\/p>\n<p>2021 &#8211; <a href=\"https:\/\/www.blazejstrba.eu\/v-dlani\/\">V dlani<\/a> (.<a href=\"https:\/\/www.blazejstrba.eu\/download\/v-dlani\/\">pdf<\/a>)<\/p>\n","protected":false},"excerpt":{"rendered":"<p>Viano\u010dn\u00e1 2008 &#8211; Ver\u0161om o Slove z Prol\u00f3gu (.pdf) 2009 &#8211; 2010 &#8211; Tajomn\u00e1 v\u00fdmena (.pdf) 2011 &#8211; Dary a darcovia 2012 &#8211; Pastierom svitla Jeho sl\u00e1va\u00a0(.doc, .pdf) 2014 &#8211; Na\u0161ou \u013eudskou re\u010dou (.pdf) 2015 &#8211; Na \u00fateku (.pdf) 2016 &#8211; Z\u00e1zrak (.pdf) Ve\u013ekono\u010dn\u00e1 2012 &#8211; Zm\u0155tvychvstal\u00fd pre n\u00e1s 2013 &#8211; Nech ka\u017ed\u00e9 r\u00e1no&#8230; (.pdf) &hellip; <a href=\"https:\/\/blazejstrba.eu\/it\/worship-to-the-word\/poezia\/\" class=\"more-link\">Continue reading <span class=\"screen-reader-text\">Po\u00e9zia<\/span> <span class=\"meta-nav\">&rarr;<\/span><\/a><\/p>\n","protected":false},"author":2,"featured_media":0,"parent":95,"menu_order":4,"comment_status":"closed","ping_status":"closed","template":"","meta":{"footnotes":""},"translation":{"provider":"WPGlobus","version":"3.0.0","language":"it","enabled_languages":["sk","en","it"],"languages":{"sk":{"title":true,"content":true,"excerpt":false},"en":{"title":false,"content":false,"excerpt":false},"it":{"title":false,"content":false,"excerpt":false}}},"_links":{"self":[{"href":"https:\/\/blazejstrba.eu\/it\/wp-json\/wp\/v2\/pages\/2206"}],"collection":[{"href":"https:\/\/blazejstrba.eu\/it\/wp-json\/wp\/v2\/pages"}],"about":[{"href":"https:\/\/blazejstrba.eu\/it\/wp-json\/wp\/v2\/types\/page"}],"author":[{"embeddable":true,"href":"https:\/\/blazejstrba.eu\/it\/wp-json\/wp\/v2\/users\/2"}],"replies":[{"embeddable":true,"href":"https:\/\/blazejstrba.eu\/it\/wp-json\/wp\/v2\/comments?post=2206"}],"version-history":[{"count":29,"href":"https:\/\/blazejstrba.eu\/it\/wp-json\/wp\/v2\/pages\/2206\/revisions"}],"predecessor-version":[{"id":6403,"href":"https:\/\/blazejstrba.eu\/it\/wp-json\/wp\/v2\/pages\/2206\/revisions\/6403"}],"up":[{"embeddable":true,"href":"https:\/\/blazejstrba.eu\/it\/wp-json\/wp\/v2\/pages\/95"}],"wp:attachment":[{"href":"https:\/\/blazejstrba.eu\/it\/wp-json\/wp\/v2\/media?parent=2206"}],"curies":[{"name":"wp","href":"https:\/\/api.w.org\/{rel}","templated":true}]}}