{"id":1906,"date":"2011-10-24T22:16:46","date_gmt":"2011-10-24T20:16:46","guid":{"rendered":"http:\/\/www.blazejstrba.eu\/?page_id=1906"},"modified":"2011-11-08T23:13:25","modified_gmt":"2011-11-08T21:13:25","slug":"zalm-55","status":"publish","type":"page","link":"https:\/\/blazejstrba.eu\/it\/worship-to-the-word\/zalmy\/zalm-55\/","title":{"rendered":"\u017d 55 &#8211; Priate\u013esk\u00e9 slov\u00e1 a z\u00e1kern\u00e9 re\u010di"},"content":{"rendered":"<table width=\"448\" border=\"1\" cellspacing=\"0\" cellpadding=\"0\">\n<tbody>\n<tr>\n<td valign=\"top\" width=\"22\">1<\/td>\n<td valign=\"top\" width=\"320\">\n<p align=\"left\"><em>Zbormajstrovi. Hra na strunovom n\u00e1stroji.<\/em><\/p>\n<p align=\"left\"><em>D\u00e1vidova pou\u010dn\u00e1 piese\u0148<\/em>.<\/p>\n<\/td>\n<\/tr>\n<tr>\n<td valign=\"top\" width=\"22\">2<\/td>\n<td valign=\"top\" width=\"320\">\n<p align=\"left\"><strong><span style=\"text-decoration: underline;\">\u010cuj,<\/span><\/strong> Bo\u017ee, moju <span style=\"text-decoration: underline;\">modlitbu<\/span><\/p>\n<p align=\"left\">a pred mojou \u00fapenlivou <span style=\"text-decoration: underline;\">prosbou<\/span> sa <em>neskr\u00fdvaj<\/em>:<\/p>\n<\/td>\n<\/tr>\n<tr>\n<td valign=\"top\" width=\"22\">3<\/td>\n<td valign=\"top\" width=\"320\">\n<p align=\"left\"><strong><span style=\"text-decoration: underline;\">pohliadni<\/span><\/strong> na m\u0148a a <strong><span style=\"text-decoration: underline;\">odpovedz<\/span><\/strong> mi.<\/p>\n<\/td>\n<\/tr>\n<tr>\n<td valign=\"top\" width=\"22\"><\/td>\n<td valign=\"top\" width=\"320\">\n<p align=\"left\">Som rozh\u00e1ran\u00fd vo\u00a0svojom <strong>n\u00e1reku a bed\u00e1kam<\/strong>,<\/p>\n<\/td>\n<\/tr>\n<tr>\n<td valign=\"top\" width=\"22\">4a<\/td>\n<td valign=\"top\" width=\"320\">\n<p align=\"left\">zm\u00e4ten\u00fd krikom nepriate\u013ea a \u00fatlakom hrie\u0161nika.<\/p>\n<\/td>\n<\/tr>\n<tr>\n<td valign=\"top\" width=\"22\">4b<\/td>\n<td valign=\"top\" width=\"320\">\n<p align=\"left\"><em>Lebo<\/em> ma <em>zava\u013eovali<\/em> <strong>nepr\u00e1vos\u0165ou<\/strong><\/p>\n<p align=\"left\">\u00a0\u00a0 a z\u00farivo do m\u0148a dor\u00e1\u017eaj\u00fa.<\/p>\n<\/td>\n<\/tr>\n<tr>\n<td valign=\"top\" width=\"22\">5<\/td>\n<td valign=\"top\" width=\"320\">\n<p align=\"left\">Srdce sa vo mne chveje<\/p>\n<p align=\"left\">\u00a0\u00a0 a <em>padla<\/em> na m\u0148a hr\u00f4za <strong>smrti<\/strong>.<\/p>\n<\/td>\n<\/tr>\n<tr>\n<td valign=\"top\" width=\"22\">6<\/td>\n<td valign=\"top\" width=\"320\"><strong>Strach <\/strong>a tria\u0161ka id\u00fa na m\u0148a a prokryl ma des\/ stres.<\/td>\n<\/tr>\n<tr>\n<td valign=\"top\" width=\"22\">7<\/td>\n<td valign=\"top\" width=\"320\">A (tak) <em>povedal<\/em> som si:<\/p>\n<p>&#8220;Kto\u017ee mi d\u00e1 holubi\u010die kr\u00eddla!?<\/p>\n<p>Odletel by som a odpo\u010dinul si!<\/td>\n<\/tr>\n<tr>\n<td valign=\"top\" width=\"22\">8<\/td>\n<td valign=\"top\" width=\"320\">\n<p align=\"left\">\u00a0\u00a0\u00a0\u00a0 Och, <strong>utiahol<\/strong> <strong>by som sa vdia\u013e<\/strong>;<\/p>\n<p align=\"left\">\u00a0\u00a0\u00a0\u00a0 a preb\u00fdval by som na p\u00fa\u0161ti? <em>Selah.<\/em><\/p>\n<\/td>\n<\/tr>\n<tr>\n<td valign=\"top\" width=\"22\">9<\/td>\n<td valign=\"top\" width=\"320\">\n<p align=\"left\">\u00a0\u00a0\u00a0\u00a0 <strong>Pon\u00e1h\u013eal by som sa<\/strong> (o) <strong>z\u00e1chranu pre seba<\/strong><\/p>\n<p align=\"left\">\u00a0\u00a0\u00a0 \u00a0pred b\u00farkou a v\u00edchricou.&#8221;<\/p>\n<\/td>\n<\/tr>\n<tr>\n<td valign=\"top\" width=\"22\">10<\/td>\n<td valign=\"top\" width=\"320\">Prehltni\/<strong><span style=\"text-decoration: underline;\">zni\u010d<\/span><\/strong>, Pane, <strong><span style=\"text-decoration: underline;\">rozde\u013e<\/span><\/strong>ich jazyky;<\/p>\n<p>lebo <strong>videl som<\/strong> n\u00e1silie a (s\u00fadne) <strong>spory<\/strong> v\u00a0<strong><em>meste<\/em><\/strong>.<\/td>\n<\/tr>\n<tr>\n<td valign=\"top\" width=\"22\">11<\/td>\n<td valign=\"top\" width=\"320\">\u00a0\u00a0\u00a0 Na jeho hradb\u00e1ch d\u0148om i nocou kr\u00fa\u017eia dokola;<\/td>\n<\/tr>\n<tr>\n<td valign=\"top\" width=\"22\">12<\/td>\n<td valign=\"top\" width=\"320\">\u00a0\u00a0\u00a0 V jeho strede s\u00fa nepr\u00e1vos\u0165, strasti a \u00faklady<\/p>\n<p>a podvod a klam (nikdy) <strong>neodch\u00e1dzaj\u00fa<\/strong> z\u00a0jeho ul\u00edc.<\/td>\n<\/tr>\n<tr>\n<td valign=\"top\" width=\"22\">13<\/td>\n<td valign=\"top\" width=\"320\"><em>Lebo<\/em> keby mi zlore\u010dil m\u00f4j nepriate\u013e,<strong>\u00a0\u00a0 <\/strong><\/p>\n<p><strong>\u00a0\u00a0\u00a0 zniesol by som <\/strong>(to);<\/p>\n<p>(a keby) <strong>m\u00f4j nen\u00e1vistn\u00edk<\/strong> sa nado m\u0148a vyvy\u0161oval,<\/p>\n<p>skryl by som sa pred n\u00edm.<\/td>\n<\/tr>\n<tr>\n<td valign=\"top\" width=\"22\">14<\/td>\n<td valign=\"top\" width=\"320\">\n<p align=\"left\">Ale ty, \u010dlove\u010de \u2013 mne rove\u0148,<\/p>\n<p align=\"left\">\u00a0\u00a0 m\u00f4j dobr\u00fd <strong>priate\u013e<\/strong>, ba d\u00f4vern\u00fd <strong>zn\u00e1my<\/strong>.<\/p>\n<\/td>\n<\/tr>\n<tr>\n<td valign=\"top\" width=\"22\">15<\/td>\n<td valign=\"top\" width=\"320\">\n<p align=\"left\">\u00a0\u00a0 S tebou <strong>sme spolu robievali sladk\u00e9 rozhodnutia<\/strong>;<\/p>\n<p align=\"left\">\u00a0\u00a0\u00a0\u00a0\u00a0 v sprievode sme kr\u00e1\u010dali Bo\u017e\u00edm domom.<\/p>\n<\/td>\n<\/tr>\n<tr>\n<td valign=\"top\" width=\"22\">16<\/td>\n<td valign=\"top\" width=\"320\">\n<p align=\"left\">Smr\u0165 (<span style=\"text-decoration: underline;\">nech sa vrhne<\/span>) na nich,<\/p>\n<p align=\"left\">\u00a0\u00a0 <span style=\"text-decoration: underline;\">nech z\u00eddu<\/span> do podsvetia za\u017eiva,<\/p>\n<p align=\"left\">\u00a0\u00a0 lebo zloba je v ich pr\u00edbytkoch, je medzi nimi.<\/p>\n<\/td>\n<\/tr>\n<tr>\n<td valign=\"top\" width=\"22\">17<\/td>\n<td valign=\"top\" width=\"320\">\n<p align=\"left\">Ja v\u0161ak budem vola\u0165 k Bohu<\/p>\n<p align=\"left\">\u00a0\u00a0 a P\u00c1N ma zachr\u00e1ni.<\/p>\n<\/td>\n<\/tr>\n<tr>\n<td valign=\"top\" width=\"22\">18<\/td>\n<td valign=\"top\" width=\"320\">Ve\u010der i r\u00e1no, i napoludnie budem <strong>bed\u00e1ka\u0165<\/strong><\/p>\n<p>a vzdycha\u0165 a (on) vypo\u010duje m\u00f4j hlas.<\/td>\n<\/tr>\n<tr>\n<td valign=\"top\" width=\"22\">19<\/td>\n<td valign=\"top\" width=\"320\">\n<p align=\"left\">Vyk\u00fapi m\u00f4j \u017eivot v\u00a0istote\/bezpe\u010d\u00ed od <strong>z mojej bitky<\/strong>,<\/p>\n<p align=\"left\">\u00a0\u00a0 lebo ich je mnoho (t\u00fdch) proti mne.<\/p>\n<\/td>\n<\/tr>\n<tr>\n<td valign=\"top\" width=\"22\">20a<\/td>\n<td valign=\"top\" width=\"320\">\n<p align=\"left\">M\u0148a Boh vypo\u010duje, ale ich pon\u00ed\u017ei;<\/p>\n<p align=\"left\">\u00a0\u00a0 (ten,) ktor\u00fd je <strong>tr\u00f3ni ve\u010dne<\/strong>. <em>Selah<\/em>.<\/p>\n<\/td>\n<\/tr>\n<tr>\n<td valign=\"top\" width=\"22\">20c<\/td>\n<td valign=\"top\" width=\"320\">\n<p align=\"left\">(preto\u017ee)<strong> T\u00ed<\/strong> sa nezmenia \/<strong>v ktorom niet zmien pre neho<\/strong>;<\/p>\n<p align=\"left\">\u00a0\u00a0\u00a0 a Boha sa neboja.<\/p>\n<\/td>\n<\/tr>\n<tr>\n<td valign=\"top\" width=\"22\">21<\/td>\n<td valign=\"top\" width=\"320\">\n<p align=\"left\">Vystiera ruky proti svojmu <strong>spojencovi<\/strong><\/p>\n<p align=\"left\">\u00a0\u00a0 a\u00a0poru\u0161uje\/<strong>znesv\u00e4cuje<\/strong> zmluvu.<\/p>\n<\/td>\n<\/tr>\n<tr>\n<td valign=\"top\" width=\"22\">22<\/td>\n<td valign=\"top\" width=\"320\">Jeho slov\u00e1 <strong>boli <\/strong>hlad\u0161ie ako maslo,ale <strong>vojna <\/strong>(je)<strong> v\u00a0jeho srdci<\/strong>.Jeho re\u010di s\u00fa jemnej\u0161ie ne\u017e olej,<\/p>\n<p>ale s\u00fa to vytasen\u00e9 me\u010de.<\/td>\n<\/tr>\n<tr>\n<td valign=\"top\" width=\"22\">23<\/td>\n<td valign=\"top\" width=\"320\"><strong><span style=\"text-decoration: underline;\">Zlo\u017e<\/span><\/strong> svoju staros\u0165 na P\u00c1NA a on \u0165a <strong>podr\u017e\u00ed<\/strong>;<\/p>\n<p>a\u00a0<strong>on<\/strong> nikdy <strong>nedovol\u00ed<\/strong>, aby bol spravodliv\u00fd <strong>zr\u00faten\u00fd.<\/strong><\/td>\n<\/tr>\n<tr>\n<td valign=\"top\" width=\"22\">24<\/td>\n<td valign=\"top\" width=\"320\">Ty v\u0161ak, Bo\u017ee, zhod\u00ed\u0161 ich do priepasti skazy.<\/p>\n<p>Krvila\u010dn\u00edci a klam\u00e1ri nedo\u017eij\u00fa sa ani polovice svojich dn\u00ed;<\/p>\n<p>ale <strong>ja budem d\u00fafa\u0165<\/strong> v teba.<\/td>\n<\/tr>\n<\/tbody>\n<\/table>\n","protected":false},"excerpt":{"rendered":"<p>1 Zbormajstrovi. Hra na strunovom n\u00e1stroji. D\u00e1vidova pou\u010dn\u00e1 piese\u0148. 2 \u010cuj, Bo\u017ee, moju modlitbu a pred mojou \u00fapenlivou prosbou sa neskr\u00fdvaj: 3 pohliadni na m\u0148a a odpovedz mi. Som rozh\u00e1ran\u00fd vo\u00a0svojom n\u00e1reku a bed\u00e1kam, 4a zm\u00e4ten\u00fd krikom nepriate\u013ea a \u00fatlakom hrie\u0161nika. 4b Lebo ma zava\u013eovali nepr\u00e1vos\u0165ou \u00a0\u00a0 a z\u00farivo do m\u0148a dor\u00e1\u017eaj\u00fa. 5 Srdce sa &hellip; <a href=\"https:\/\/blazejstrba.eu\/it\/worship-to-the-word\/zalmy\/zalm-55\/\" class=\"more-link\">Continue reading <span class=\"screen-reader-text\">\u017d 55 &#8211; Priate\u013esk\u00e9 slov\u00e1 a z\u00e1kern\u00e9 re\u010di<\/span> <span class=\"meta-nav\">&rarr;<\/span><\/a><\/p>\n","protected":false},"author":2,"featured_media":0,"parent":695,"menu_order":55,"comment_status":"closed","ping_status":"closed","template":"","meta":{"footnotes":""},"translation":{"provider":"WPGlobus","version":"3.0.0","language":"it","enabled_languages":["sk","en","it"],"languages":{"sk":{"title":true,"content":true,"excerpt":false},"en":{"title":false,"content":false,"excerpt":false},"it":{"title":false,"content":false,"excerpt":false}}},"_links":{"self":[{"href":"https:\/\/blazejstrba.eu\/it\/wp-json\/wp\/v2\/pages\/1906"}],"collection":[{"href":"https:\/\/blazejstrba.eu\/it\/wp-json\/wp\/v2\/pages"}],"about":[{"href":"https:\/\/blazejstrba.eu\/it\/wp-json\/wp\/v2\/types\/page"}],"author":[{"embeddable":true,"href":"https:\/\/blazejstrba.eu\/it\/wp-json\/wp\/v2\/users\/2"}],"replies":[{"embeddable":true,"href":"https:\/\/blazejstrba.eu\/it\/wp-json\/wp\/v2\/comments?post=1906"}],"version-history":[{"count":9,"href":"https:\/\/blazejstrba.eu\/it\/wp-json\/wp\/v2\/pages\/1906\/revisions"}],"predecessor-version":[{"id":1982,"href":"https:\/\/blazejstrba.eu\/it\/wp-json\/wp\/v2\/pages\/1906\/revisions\/1982"}],"up":[{"embeddable":true,"href":"https:\/\/blazejstrba.eu\/it\/wp-json\/wp\/v2\/pages\/695"}],"wp:attachment":[{"href":"https:\/\/blazejstrba.eu\/it\/wp-json\/wp\/v2\/media?parent=1906"}],"curies":[{"name":"wp","href":"https:\/\/api.w.org\/{rel}","templated":true}]}}