{"id":19,"date":"2010-04-16T22:11:02","date_gmt":"2010-04-16T20:11:02","guid":{"rendered":"http:\/\/www.blazejstrba.eu\/?page_id=19"},"modified":"2021-07-22T09:13:57","modified_gmt":"2021-07-22T07:13:57","slug":"contact","status":"publish","type":"page","link":"https:\/\/blazejstrba.eu\/it\/contact\/","title":{"rendered":"KontaKt"},"content":{"rendered":"<p><a href=\"http:\/\/www.blazejstrba.eu\/wp-content\/uploads\/blazej_strba.jpg\"><img loading=\"lazy\" decoding=\"async\" class=\"size-medium wp-image-33 alignright\" title=\"blazej_strba\" src=\"http:\/\/www.blazejstrba.eu\/wp-content\/uploads\/blazej_strba-268x300.jpg\" alt=\"\" width=\"150\" height=\"168\" srcset=\"https:\/\/blazejstrba.eu\/wp-content\/uploads\/blazej_strba-268x300.jpg 268w, https:\/\/blazejstrba.eu\/wp-content\/uploads\/blazej_strba-915x1024.jpg 915w, https:\/\/blazejstrba.eu\/wp-content\/uploads\/blazej_strba.jpg 1187w\" sizes=\"(max-width: 150px) 100vw, 150px\" \/><\/a>doc. SSD Bla\u017eej \u0160trba, PhD.<\/p>\n<p>RKCMBF UK v Bratislave<br \/>\nKatedra biblick\u00fdch vied<\/p>\n<p>Blazej.Strba@frcth.uniba.sk<\/p>\n<p class=\"widget-title\">ORCID 0000 0002 9244 0630<\/p>\n<p><span lang=\"sk\">\u00a0<\/span><\/p>\n","protected":false},"excerpt":{"rendered":"<p>doc. SSD Bla\u017eej \u0160trba, PhD. RKCMBF UK v Bratislave Katedra biblick\u00fdch vied Blazej.Strba@frcth.uniba.sk ORCID 0000 0002 9244 0630 \u00a0<\/p>\n","protected":false},"author":1,"featured_media":0,"parent":0,"menu_order":6,"comment_status":"closed","ping_status":"closed","template":"","meta":{"footnotes":""},"translation":{"provider":"WPGlobus","version":"3.0.0","language":"it","enabled_languages":["sk","en","it"],"languages":{"sk":{"title":true,"content":true,"excerpt":false},"en":{"title":false,"content":false,"excerpt":false},"it":{"title":false,"content":false,"excerpt":false}}},"_links":{"self":[{"href":"https:\/\/blazejstrba.eu\/it\/wp-json\/wp\/v2\/pages\/19"}],"collection":[{"href":"https:\/\/blazejstrba.eu\/it\/wp-json\/wp\/v2\/pages"}],"about":[{"href":"https:\/\/blazejstrba.eu\/it\/wp-json\/wp\/v2\/types\/page"}],"author":[{"embeddable":true,"href":"https:\/\/blazejstrba.eu\/it\/wp-json\/wp\/v2\/users\/1"}],"replies":[{"embeddable":true,"href":"https:\/\/blazejstrba.eu\/it\/wp-json\/wp\/v2\/comments?post=19"}],"version-history":[{"count":17,"href":"https:\/\/blazejstrba.eu\/it\/wp-json\/wp\/v2\/pages\/19\/revisions"}],"predecessor-version":[{"id":6453,"href":"https:\/\/blazejstrba.eu\/it\/wp-json\/wp\/v2\/pages\/19\/revisions\/6453"}],"wp:attachment":[{"href":"https:\/\/blazejstrba.eu\/it\/wp-json\/wp\/v2\/media?parent=19"}],"curies":[{"name":"wp","href":"https:\/\/api.w.org\/{rel}","templated":true}]}}