{"id":1749,"date":"2011-08-25T21:56:29","date_gmt":"2011-08-25T19:56:29","guid":{"rendered":"http:\/\/www.blazejstrba.eu\/?page_id=1749"},"modified":"2020-02-07T17:46:52","modified_gmt":"2020-02-07T15:46:52","slug":"milosrdenstvo-nasho-boha-homilia","status":"publish","type":"page","link":"https:\/\/blazejstrba.eu\/it\/worship-to-the-word\/rozne-temy\/milosrdenstvo-nasho-boha-homilia\/","title":{"rendered":"Milosrdenstvo n\u00e1\u0161ho Boha (hom\u00edlia)"},"content":{"rendered":"<p>Milosrdenstvo n\u00e1\u0161ho Boha (<a title=\"Milosrdenstvo n\u00e1\u0161ho Boha\" href=\"https:\/\/www.blazejstrba.eu\/download\/milosrdenstvo-nasho-boha\/\">primi\u010dn\u00e1 hom\u00edlia<\/a>)<\/p>\n","protected":false},"excerpt":{"rendered":"<p>Milosrdenstvo n\u00e1\u0161ho Boha (primi\u010dn\u00e1 hom\u00edlia)<\/p>\n","protected":false},"author":2,"featured_media":0,"parent":1133,"menu_order":0,"comment_status":"closed","ping_status":"closed","template":"","meta":{"footnotes":""},"translation":{"provider":"WPGlobus","version":"3.0.0","language":"it","enabled_languages":["sk","en","it"],"languages":{"sk":{"title":true,"content":true,"excerpt":false},"en":{"title":false,"content":false,"excerpt":false},"it":{"title":false,"content":false,"excerpt":false}}},"_links":{"self":[{"href":"https:\/\/blazejstrba.eu\/it\/wp-json\/wp\/v2\/pages\/1749"}],"collection":[{"href":"https:\/\/blazejstrba.eu\/it\/wp-json\/wp\/v2\/pages"}],"about":[{"href":"https:\/\/blazejstrba.eu\/it\/wp-json\/wp\/v2\/types\/page"}],"author":[{"embeddable":true,"href":"https:\/\/blazejstrba.eu\/it\/wp-json\/wp\/v2\/users\/2"}],"replies":[{"embeddable":true,"href":"https:\/\/blazejstrba.eu\/it\/wp-json\/wp\/v2\/comments?post=1749"}],"version-history":[{"count":6,"href":"https:\/\/blazejstrba.eu\/it\/wp-json\/wp\/v2\/pages\/1749\/revisions"}],"predecessor-version":[{"id":6084,"href":"https:\/\/blazejstrba.eu\/it\/wp-json\/wp\/v2\/pages\/1749\/revisions\/6084"}],"up":[{"embeddable":true,"href":"https:\/\/blazejstrba.eu\/it\/wp-json\/wp\/v2\/pages\/1133"}],"wp:attachment":[{"href":"https:\/\/blazejstrba.eu\/it\/wp-json\/wp\/v2\/media?parent=1749"}],"curies":[{"name":"wp","href":"https:\/\/api.w.org\/{rel}","templated":true}]}}