{"id":1518,"date":"2011-05-30T23:14:27","date_gmt":"2011-05-30T21:14:27","guid":{"rendered":"http:\/\/www.blazejstrba.eu\/"},"modified":"2011-11-08T23:13:07","modified_gmt":"2011-11-08T21:13:07","slug":"zalm-46","status":"publish","type":"page","link":"https:\/\/blazejstrba.eu\/it\/worship-to-the-word\/zalmy\/zalm-46\/","title":{"rendered":"\u017d 46 &#8211; Piese\u0148 o Immanuelovi"},"content":{"rendered":"<table style=\"height: 386px;\" border=\"1\" cellspacing=\"0\" cellpadding=\"0\" width=\"459\">\n<tbody>\n<tr>\n<td width=\"28\" valign=\"top\">1<\/td>\n<td width=\"420\" valign=\"top\"><em>Zbormajstrovi. O diev\u010dat\u00e1ch. Piese\u0148   Koreho synov.<\/em><\/td>\n<\/tr>\n<tr>\n<td width=\"28\" valign=\"top\">2a<\/td>\n<td width=\"420\" valign=\"top\"><strong>Boh<\/strong> je <strong>pre   n\u00e1s<\/strong> \u00fato\u010di\u0161\u0165om a\u00a0<strong>pevnos\u0165ou <\/strong><\/td>\n<\/tr>\n<tr>\n<td width=\"28\" valign=\"top\">2b<\/td>\n<td width=\"420\" valign=\"top\">Uk\u00e1zal sa ve\u013ekolepo ako pomoc   v\u00a0s\u00fa\u017een\u00ed<\/td>\n<\/tr>\n<tr>\n<td width=\"28\" valign=\"top\">3a<\/td>\n<td width=\"420\" valign=\"top\">Preto sa neboj\u00edme, hoci by sa chvela zem<\/td>\n<\/tr>\n<tr>\n<td width=\"28\" valign=\"top\">3b<\/td>\n<td width=\"420\" valign=\"top\">a vrchy na dno morsk\u00e9 padali<\/td>\n<\/tr>\n<tr>\n<td width=\"28\" valign=\"top\">4a<\/td>\n<td width=\"420\" valign=\"top\">Nech <strong><span style=\"text-decoration: underline;\">hu\u010dia<\/span><\/strong> vody mora   a nech sa vzd\u00favaj\u00fa<\/td>\n<\/tr>\n<tr>\n<td width=\"28\" valign=\"top\">4b<\/td>\n<td width=\"420\" valign=\"top\">a vrchy nech sa tras\u00fa pod jeho   n\u00e1porom. <em>Sela<\/em><\/td>\n<\/tr>\n<tr>\n<td width=\"28\" valign=\"top\">5a<\/td>\n<td width=\"420\" valign=\"top\">Rie\u010dne ramen\u00e1 obvese\u013euj\u00fa <strong>Bo\u017eie<\/strong> mesto,<\/td>\n<\/tr>\n<tr>\n<td width=\"28\" valign=\"top\">5b<\/td>\n<td width=\"420\" valign=\"top\">posv\u00e4tn\u00fd <strong>pr\u00edbytok<\/strong> Najvy\u0161\u0161ieho.<\/td>\n<\/tr>\n<tr>\n<td width=\"28\" valign=\"top\">6a<\/td>\n<td width=\"420\" valign=\"top\"><strong>Boh<\/strong> je v jeho strede, nezachveje sa,<\/td>\n<\/tr>\n<tr>\n<td width=\"28\" valign=\"top\">6b<\/td>\n<td width=\"420\" valign=\"top\">u\u017e od \u00fasvitu mu <strong>Boh<\/strong> pom\u00e1ha.<\/td>\n<\/tr>\n<tr>\n<td width=\"28\" valign=\"top\">7a<\/td>\n<td width=\"420\" valign=\"top\">N\u00e1rody <strong><span style=\"text-decoration: underline;\">hu\u010dia<\/span><\/strong>, kl\u00e1tia   sa kr\u00e1\u013eovstv\u00e1;<\/td>\n<\/tr>\n<tr>\n<td width=\"28\" valign=\"top\">7b<\/td>\n<td width=\"420\" valign=\"top\">tu zaznie jeho hlas a zem sa rozt\u00e1pa.<\/td>\n<\/tr>\n<tr>\n<td width=\"28\" valign=\"top\">8a<\/td>\n<td width=\"420\" valign=\"top\">S nami je <strong>P\u00c1N<\/strong> z\u00e1stupov,<\/td>\n<\/tr>\n<tr>\n<td width=\"28\" valign=\"top\">8b<\/td>\n<td width=\"420\" valign=\"top\"><strong>pevnos\u0165<\/strong> pre n\u00e1s je <strong>Boh<\/strong> Jakubov. <em>Sela<\/em><\/td>\n<\/tr>\n<tr>\n<td width=\"28\" valign=\"top\">9a<\/td>\n<td width=\"420\" valign=\"top\">Po\u010fte a pozrite na diela <strong>P\u00c1NOVE<\/strong>,<\/td>\n<\/tr>\n<tr>\n<td width=\"28\" valign=\"top\">9b<\/td>\n<td width=\"420\" valign=\"top\">ak\u00e9 \u00fa\u017easn\u00e9 veci vykonal na zemi.<\/td>\n<\/tr>\n<tr>\n<td width=\"28\" valign=\"top\">10a<\/td>\n<td width=\"420\" valign=\"top\"><strong>Ukon\u010duje<\/strong> vojny a\u017e po v\u0161etky kon\u010diny zeme,<\/td>\n<\/tr>\n<tr>\n<td width=\"28\" valign=\"top\">10b<\/td>\n<td width=\"420\" valign=\"top\">l\u00e1me luky a\u00a0<strong>otupuje<\/strong> o\u0161tepy,<\/td>\n<\/tr>\n<tr>\n<td width=\"28\" valign=\"top\">10c<\/td>\n<td width=\"420\" valign=\"top\">a \u0161t\u00edty v ohni spa\u013euje<\/td>\n<\/tr>\n<tr>\n<td width=\"28\" valign=\"top\">11a<\/td>\n<td width=\"420\" valign=\"top\">\u201ePresta\u0148te u\u017e a uznajte, \u017ee ja som <strong>Boh<\/strong>,<\/td>\n<\/tr>\n<tr>\n<td width=\"28\" valign=\"top\">11b<\/td>\n<td width=\"420\" valign=\"top\"><strong> Vyv\u00fd\u0161im sa<\/strong> nad n\u00e1rody, <strong>Vyv\u00fd\u0161im sa<\/strong> nad zem.\u201c<\/td>\n<\/tr>\n<tr>\n<td width=\"28\" valign=\"top\">12a<\/td>\n<td width=\"420\" valign=\"top\">S nami je <strong>P\u00c1N<\/strong> z\u00e1stupov, <strong><\/strong><\/td>\n<\/tr>\n<tr>\n<td width=\"28\" valign=\"top\">12b<\/td>\n<td width=\"420\" valign=\"top\"><strong>pevnos\u0165<\/strong> pre n\u00e1s je <strong>Boh<\/strong> Jakubov. <em>Sela<\/em><strong><\/strong><\/td>\n<\/tr>\n<\/tbody>\n<\/table>\n","protected":false},"excerpt":{"rendered":"<p>1 Zbormajstrovi. O diev\u010dat\u00e1ch. Piese\u0148 Koreho synov. 2a Boh je pre n\u00e1s \u00fato\u010di\u0161\u0165om a\u00a0pevnos\u0165ou 2b Uk\u00e1zal sa ve\u013ekolepo ako pomoc v\u00a0s\u00fa\u017een\u00ed 3a Preto sa neboj\u00edme, hoci by sa chvela zem 3b a vrchy na dno morsk\u00e9 padali 4a Nech hu\u010dia vody mora a nech sa vzd\u00favaj\u00fa 4b a vrchy nech sa tras\u00fa pod jeho n\u00e1porom. &hellip; <a href=\"https:\/\/blazejstrba.eu\/it\/worship-to-the-word\/zalmy\/zalm-46\/\" class=\"more-link\">Continue reading <span class=\"screen-reader-text\">\u017d 46 &#8211; Piese\u0148 o Immanuelovi<\/span> <span class=\"meta-nav\">&rarr;<\/span><\/a><\/p>\n","protected":false},"author":2,"featured_media":0,"parent":695,"menu_order":46,"comment_status":"closed","ping_status":"closed","template":"","meta":{"footnotes":""},"translation":{"provider":"WPGlobus","version":"3.0.0","language":"it","enabled_languages":["sk","en","it"],"languages":{"sk":{"title":true,"content":true,"excerpt":false},"en":{"title":false,"content":false,"excerpt":false},"it":{"title":false,"content":false,"excerpt":false}}},"_links":{"self":[{"href":"https:\/\/blazejstrba.eu\/it\/wp-json\/wp\/v2\/pages\/1518"}],"collection":[{"href":"https:\/\/blazejstrba.eu\/it\/wp-json\/wp\/v2\/pages"}],"about":[{"href":"https:\/\/blazejstrba.eu\/it\/wp-json\/wp\/v2\/types\/page"}],"author":[{"embeddable":true,"href":"https:\/\/blazejstrba.eu\/it\/wp-json\/wp\/v2\/users\/2"}],"replies":[{"embeddable":true,"href":"https:\/\/blazejstrba.eu\/it\/wp-json\/wp\/v2\/comments?post=1518"}],"version-history":[{"count":3,"href":"https:\/\/blazejstrba.eu\/it\/wp-json\/wp\/v2\/pages\/1518\/revisions"}],"predecessor-version":[{"id":1979,"href":"https:\/\/blazejstrba.eu\/it\/wp-json\/wp\/v2\/pages\/1518\/revisions\/1979"}],"up":[{"embeddable":true,"href":"https:\/\/blazejstrba.eu\/it\/wp-json\/wp\/v2\/pages\/695"}],"wp:attachment":[{"href":"https:\/\/blazejstrba.eu\/it\/wp-json\/wp\/v2\/media?parent=1518"}],"curies":[{"name":"wp","href":"https:\/\/api.w.org\/{rel}","templated":true}]}}