{"id":1394,"date":"2011-05-02T23:00:11","date_gmt":"2011-05-02T21:00:11","guid":{"rendered":"http:\/\/www.blazejstrba.eu\/"},"modified":"2011-11-08T23:12:53","modified_gmt":"2011-11-08T21:12:53","slug":"zalm-42-43","status":"publish","type":"page","link":"https:\/\/blazejstrba.eu\/it\/worship-to-the-word\/zalmy\/zalm-42-43\/","title":{"rendered":"\u017d 42-43 &#8211; o t\u00fa\u017ebe za P\u00e1nom"},"content":{"rendered":"<table border=\"1\" cellspacing=\"0\" cellpadding=\"0\" width=\"614\">\n<tbody>\n<tr>\n<td width=\"28\" valign=\"top\">1<\/td>\n<td width=\"425\" valign=\"top\"><em>Zbormajstrovi. Pou\u010dn\u00fd chv\u00e1lospev (<\/em><em>lyKif.m;<\/em><em>) Koreho synov<\/em>.<\/td>\n<\/tr>\n<tr>\n<td width=\"28\" valign=\"top\">2a<\/td>\n<td width=\"425\" valign=\"top\">Ako jele\u0148 <strong>bude dychti\u0165<\/strong><\/td>\n<\/tr>\n<tr>\n<td width=\"28\" valign=\"top\">2b<\/td>\n<td width=\"425\" valign=\"top\">za vodou z prame\u0148a,<\/td>\n<\/tr>\n<tr>\n<td width=\"28\" valign=\"top\">2c<\/td>\n<td width=\"425\" valign=\"top\">tak bude t\u00fa\u017ei\u0165 moja du\u0161a<\/td>\n<\/tr>\n<tr>\n<td width=\"28\" valign=\"top\">2d<\/td>\n<td width=\"425\" valign=\"top\">po tebe, Bo\u017ee.<\/td>\n<\/tr>\n<tr>\n<td width=\"28\" valign=\"top\">3a<\/td>\n<td width=\"425\" valign=\"top\">Po Bohu \u017e\u00edzni moja du\u0161a,<\/td>\n<\/tr>\n<tr>\n<td width=\"28\" valign=\"top\">3b<\/td>\n<td width=\"425\" valign=\"top\">po Bohu \u017eivom;<\/td>\n<\/tr>\n<tr>\n<td width=\"28\" valign=\"top\">3c<\/td>\n<td width=\"425\" valign=\"top\">kedy\u017ee u\u017e pr\u00eddem<\/td>\n<\/tr>\n<tr>\n<td width=\"28\" valign=\"top\">3d<\/td>\n<td width=\"425\" valign=\"top\">a uzriem Bo\u017eiu tv\u00e1r?<\/td>\n<\/tr>\n<tr>\n<td width=\"28\" valign=\"top\">4a<\/td>\n<td width=\"425\" valign=\"top\"><strong>Moje<\/strong> (vlastn\u00e9) slzy <strong>boli<\/strong> moj\u00edm chlebom<\/td>\n<\/tr>\n<tr>\n<td width=\"28\" valign=\"top\">4b<\/td>\n<td width=\"425\" valign=\"top\">vo dne i v noci,<\/td>\n<\/tr>\n<tr>\n<td width=\"28\" valign=\"top\">4c<\/td>\n<td width=\"425\" valign=\"top\">ke\u010f mi <strong>cel\u00fd de\u0148<\/strong> <strong>hovorili<\/strong>:<\/td>\n<\/tr>\n<tr>\n<td width=\"28\" valign=\"top\">4c<\/td>\n<td width=\"425\" valign=\"top\">&#8220;Kde\u017ee je tvoj Boh?&#8221;<\/td>\n<\/tr>\n<tr>\n<td width=\"28\" valign=\"top\">5a<\/td>\n<td width=\"425\" valign=\"top\">Toto si pripomeniem a\u00a0budem sa rozpl\u00fdva\u0165<\/td>\n<\/tr>\n<tr>\n<td width=\"28\" valign=\"top\">5b<\/td>\n<td width=\"425\" valign=\"top\">vo mne moja du\u0161a<\/td>\n<\/tr>\n<tr>\n<td width=\"28\" valign=\"top\">5c<\/td>\n<td width=\"425\" valign=\"top\"><strong> preto\u017ee<\/strong> prejdem pomedzi z\u00e1stupy a\u00a0<strong>vst\u00fapim <\/strong><\/td>\n<\/tr>\n<tr>\n<td width=\"28\" valign=\"top\">5d<\/td>\n<td width=\"425\" valign=\"top\">do domu   Bo\u017eieho<\/td>\n<\/tr>\n<tr>\n<td width=\"28\" valign=\"top\">5e<\/td>\n<td width=\"425\" valign=\"top\">za hlasu   radosti a\u00a0v\u010fa\u010dnosti;<\/td>\n<\/tr>\n<tr>\n<td width=\"28\" valign=\"top\">5f<\/td>\n<td width=\"425\" valign=\"top\"><strong>mno\u017estvo   putuj\u00facich<\/strong>.<\/td>\n<\/tr>\n<tr>\n<td width=\"28\" valign=\"top\">6c<\/td>\n<td width=\"425\" valign=\"top\"><strong>\u010co\u017ee<\/strong> si smutn\u00e1, du\u0161a moja<\/td>\n<\/tr>\n<tr>\n<td width=\"28\" valign=\"top\">6d<\/td>\n<td width=\"425\" valign=\"top\">a vo mne sa <strong>vzp\u00edna\u0161<\/strong>?<\/td>\n<\/tr>\n<tr>\n<td width=\"28\" valign=\"top\">6e<\/td>\n<td width=\"425\" valign=\"top\"><strong>O\u010dak\u00e1vaj Boha<\/strong>, lebo ho e\u0161te budem velebi\u0165,<\/td>\n<\/tr>\n<tr>\n<td width=\"28\" valign=\"top\">6b<\/td>\n<td width=\"425\" valign=\"top\"><strong>Sp\u00e1sa <\/strong>(je)<strong> jeho tv\u00e1r.<\/strong><strong><\/strong><\/td>\n<\/tr>\n<tr>\n<td width=\"28\" valign=\"top\">7a<\/td>\n<td width=\"425\" valign=\"top\">M\u00f4j Bo\u017ee,   moja du\u0161a vo mne sm\u00fati;<\/td>\n<\/tr>\n<tr>\n<td width=\"28\" valign=\"top\">7b<\/td>\n<td width=\"425\" valign=\"top\"><strong><em>a preto<\/em><\/strong> si spom\u00ednam na teba<\/td>\n<\/tr>\n<tr>\n<td width=\"28\" valign=\"top\">7c<\/td>\n<td width=\"425\" valign=\"top\">v zemi   Jord\u00e1nu a\u00a0vrchoch Hermonu<\/td>\n<\/tr>\n<tr>\n<td width=\"28\" valign=\"top\">7d<\/td>\n<td width=\"425\" valign=\"top\">a na vrchu   Misar.<\/td>\n<\/tr>\n<tr>\n<td width=\"28\" valign=\"top\">8a<\/td>\n<td width=\"425\" valign=\"top\">Hlbina <strong>vol\u00e1   k<\/strong> hlbine<\/td>\n<\/tr>\n<tr>\n<td width=\"28\" valign=\"top\">8b<\/td>\n<td width=\"425\" valign=\"top\">na hukot tvojich   <em>vodop\u00e1dov<\/em>;<\/td>\n<\/tr>\n<tr>\n<td width=\"28\" valign=\"top\">8c<\/td>\n<td width=\"425\" valign=\"top\">v\u0161etky tvoje   prietr\u017ee a pr\u00edvaly<\/td>\n<\/tr>\n<tr>\n<td width=\"28\" valign=\"top\">8d<\/td>\n<td width=\"425\" valign=\"top\">pre\u0161li (po)na(d)   m\u0148a.<\/td>\n<\/tr>\n<tr>\n<td width=\"28\" valign=\"top\">9a<\/td>\n<td width=\"425\" valign=\"top\">Vo dne P\u00c1N   mi <strong>d\u00e1va pr\u00edkazy<\/strong> (o) <strong>jeho vernosti <\/strong>(<em>chesed<\/em>)<\/td>\n<\/tr>\n<tr>\n<td width=\"28\" valign=\"top\">9b<\/td>\n<td width=\"425\" valign=\"top\"><strong>a v<\/strong> noci (je) <strong>so mnou jeho   piese\u0148<\/strong> \u2013<\/td>\n<\/tr>\n<tr>\n<td width=\"28\" valign=\"top\">9c<\/td>\n<td width=\"425\" valign=\"top\">&#8211; <strong>modlitba   k<\/strong> Bohu m\u00f4jho \u017eivota.<\/td>\n<\/tr>\n<tr>\n<td width=\"28\" valign=\"top\">10a<\/td>\n<td width=\"425\" valign=\"top\"><strong>Poviem<\/strong> Bohu, <strong>mojej skale<\/strong>:<\/td>\n<\/tr>\n<tr>\n<td width=\"28\" valign=\"top\">10b<\/td>\n<td width=\"425\" valign=\"top\">\u201ePre\u010do na m\u0148a <strong>zabudol<\/strong>?<\/td>\n<\/tr>\n<tr>\n<td width=\"28\" valign=\"top\">10c<\/td>\n<td width=\"425\" valign=\"top\">Pre\u010do m\u00e1m chodi\u0165 dop\u00e1len\u00fd (<em>koder<\/em>),<\/td>\n<\/tr>\n<tr>\n<td width=\"28\" valign=\"top\">10d<\/td>\n<td width=\"425\" valign=\"top\">\u00fatlakom m\u00f4jho nepriate\u013ea?<\/td>\n<\/tr>\n<tr>\n<td width=\"28\" valign=\"top\">11a<\/td>\n<td width=\"425\" valign=\"top\">Zab\u00edjan\u00edm mojich kost\u00ed,<\/td>\n<\/tr>\n<tr>\n<td width=\"28\" valign=\"top\">11b<\/td>\n<td width=\"425\" valign=\"top\">ma <strong>tupili<\/strong> moji utl\u00e1\u010datelia,<\/td>\n<\/tr>\n<tr>\n<td width=\"28\" valign=\"top\">11c<\/td>\n<td width=\"425\" valign=\"top\">ke\u010f sa ma cel\u00fd de\u0148 vypytovali:<\/td>\n<\/tr>\n<tr>\n<td width=\"28\" valign=\"top\">11d<\/td>\n<td width=\"425\" valign=\"top\"><em>&#8220;Kde\u017ee je tvoj   Boh?&#8221;<\/em>\u201c<\/td>\n<\/tr>\n<tr>\n<td width=\"28\" valign=\"top\">12a<\/td>\n<td width=\"425\" valign=\"top\"><strong>\u010co\u017ee<\/strong> si smutn\u00e1, du\u0161a moja?<\/td>\n<\/tr>\n<tr>\n<td width=\"28\" valign=\"top\">12b<\/td>\n<td width=\"425\" valign=\"top\">A \u010do\u017ee sa vo mne <strong>vzp\u00edna\u0161<\/strong>?<\/td>\n<\/tr>\n<tr>\n<td width=\"28\" valign=\"top\">12c<\/td>\n<td width=\"425\" valign=\"top\"><strong>O\u010dak\u00e1vaj   Boha<\/strong>, lebo ho   e\u0161te budem velebi\u0165,<\/td>\n<\/tr>\n<tr>\n<td width=\"28\" valign=\"top\">12d<\/td>\n<td width=\"425\" valign=\"top\">sp\u00e1su mojej   tv\u00e1re a m\u00f4jho Boha.<strong><\/strong><\/td>\n<\/tr>\n<tr>\n<td width=\"28\" valign=\"top\">1a<\/td>\n<td width=\"425\" valign=\"top\">S\u00fa\u010f ma,   Bo\u017ee,<\/td>\n<\/tr>\n<tr>\n<td width=\"28\" valign=\"top\">1b<\/td>\n<td width=\"425\" valign=\"top\">a rozhodni   m\u00f4j spor<\/td>\n<\/tr>\n<tr>\n<td width=\"28\" valign=\"top\">1c<\/td>\n<td width=\"425\" valign=\"top\">s nevern\u00fdm   \u013eudom;<\/td>\n<\/tr>\n<tr>\n<td width=\"28\" valign=\"top\">1d<\/td>\n<td width=\"425\" valign=\"top\">pred <strong>klamliv\u00fdm<\/strong> a\u00a0<strong>zlobn\u00fdm mu\u017eom<\/strong>.<\/td>\n<\/tr>\n<tr>\n<td width=\"28\" valign=\"top\">1e<\/td>\n<td width=\"425\" valign=\"top\">zachr\u00e1\u0148 ma!<\/td>\n<\/tr>\n<tr>\n<td width=\"28\" valign=\"top\">2a<\/td>\n<td width=\"425\" valign=\"top\">Ve\u010f ty si <strong>Boh   m\u00f4jho \u00fato\u010di\u0161\u0165a<\/strong>.<\/td>\n<\/tr>\n<tr>\n<td width=\"28\" valign=\"top\">2b<\/td>\n<td width=\"425\" valign=\"top\">Pre\u010do si ma <strong>zavrhol<\/strong><\/td>\n<\/tr>\n<tr>\n<td width=\"28\" valign=\"top\">2c<\/td>\n<td width=\"425\" valign=\"top\">Pre\u010do m\u00e1m <strong>s\u00fastavne <\/strong>chodi\u0165 dop\u00e1len\u00fd,<\/td>\n<\/tr>\n<tr>\n<td width=\"28\" valign=\"top\">2d<\/td>\n<td width=\"425\" valign=\"top\">\u00fatlakom   m\u00f4jho nepriate\u013ea?<\/td>\n<\/tr>\n<tr>\n<td width=\"28\" valign=\"top\">3a<\/td>\n<td width=\"425\" valign=\"top\">Zo\u0161li svoje   svetlo a svoju <strong>pevnos\u0165<\/strong>;<\/td>\n<\/tr>\n<tr>\n<td width=\"28\" valign=\"top\">3b<\/td>\n<td width=\"425\" valign=\"top\">ony ma <strong>bud\u00fa   sprev\u00e1dza\u0165<\/strong><\/td>\n<\/tr>\n<tr>\n<td width=\"28\" valign=\"top\">3c<\/td>\n<td width=\"425\" valign=\"top\">a prived\u00fa na   tvoj sv\u00e4t\u00fd vrch<\/td>\n<\/tr>\n<tr>\n<td width=\"28\" valign=\"top\">3b<\/td>\n<td width=\"425\" valign=\"top\">a do tvojich   st\u00e1nkov.<\/td>\n<\/tr>\n<tr>\n<td width=\"28\" valign=\"top\">4a<\/td>\n<td width=\"425\" valign=\"top\"><strong>Nech\u017ee<\/strong> <strong>pr\u00eddem<\/strong> k Bo\u017eiemu olt\u00e1ru,<\/td>\n<\/tr>\n<tr>\n<td width=\"28\" valign=\"top\">4b<\/td>\n<td width=\"425\" valign=\"top\">k Bohu <strong>radosti   (z) m\u00f4jho plesania<\/strong>,<\/td>\n<\/tr>\n<tr>\n<td width=\"28\" valign=\"top\">4c<\/td>\n<td width=\"425\" valign=\"top\">a citarou   \u0165a, zveleb\u00edm,<\/td>\n<\/tr>\n<tr>\n<td width=\"28\" valign=\"top\">4d<\/td>\n<td width=\"425\" valign=\"top\">Bo\u017ee, m\u00f4j   Boh.<\/td>\n<\/tr>\n<tr>\n<td width=\"28\" valign=\"top\">5a<\/td>\n<td width=\"425\" valign=\"top\"><strong>\u010co\u017ee<\/strong> si smutn\u00e1, du\u0161a moja?<\/td>\n<\/tr>\n<tr>\n<td width=\"28\" valign=\"top\">5b<\/td>\n<td width=\"425\" valign=\"top\">A <strong>\u010do\u017ee<\/strong> sa chveje\u0161?<\/td>\n<\/tr>\n<tr>\n<td width=\"28\" valign=\"top\">5c<\/td>\n<td width=\"425\" valign=\"top\"><strong>O\u010dak\u00e1vaj   Boha<\/strong>, lebo ho   e\u0161te budem velebi\u0165,<\/td>\n<\/tr>\n<tr>\n<td width=\"28\" valign=\"top\">5d<\/td>\n<td width=\"425\" valign=\"top\">sp\u00e1su mojej   tv\u00e1re a m\u00f4jho Boha.<strong><\/strong><\/td>\n<\/tr>\n<\/tbody>\n<\/table>\n","protected":false},"excerpt":{"rendered":"<p>1 Zbormajstrovi. Pou\u010dn\u00fd chv\u00e1lospev (lyKif.m;) Koreho synov. 2a Ako jele\u0148 bude dychti\u0165 2b za vodou z prame\u0148a, 2c tak bude t\u00fa\u017ei\u0165 moja du\u0161a 2d po tebe, Bo\u017ee. 3a Po Bohu \u017e\u00edzni moja du\u0161a, 3b po Bohu \u017eivom; 3c kedy\u017ee u\u017e pr\u00eddem 3d a uzriem Bo\u017eiu tv\u00e1r? 4a Moje (vlastn\u00e9) slzy boli moj\u00edm chlebom 4b vo &hellip; <a href=\"https:\/\/blazejstrba.eu\/it\/worship-to-the-word\/zalmy\/zalm-42-43\/\" class=\"more-link\">Continue reading <span class=\"screen-reader-text\">\u017d 42-43 &#8211; o t\u00fa\u017ebe za P\u00e1nom<\/span> <span class=\"meta-nav\">&rarr;<\/span><\/a><\/p>\n","protected":false},"author":2,"featured_media":0,"parent":695,"menu_order":42,"comment_status":"closed","ping_status":"closed","template":"","meta":{"footnotes":""},"translation":{"provider":"WPGlobus","version":"3.0.0","language":"it","enabled_languages":["sk","en","it"],"languages":{"sk":{"title":true,"content":true,"excerpt":false},"en":{"title":false,"content":false,"excerpt":false},"it":{"title":false,"content":false,"excerpt":false}}},"_links":{"self":[{"href":"https:\/\/blazejstrba.eu\/it\/wp-json\/wp\/v2\/pages\/1394"}],"collection":[{"href":"https:\/\/blazejstrba.eu\/it\/wp-json\/wp\/v2\/pages"}],"about":[{"href":"https:\/\/blazejstrba.eu\/it\/wp-json\/wp\/v2\/types\/page"}],"author":[{"embeddable":true,"href":"https:\/\/blazejstrba.eu\/it\/wp-json\/wp\/v2\/users\/2"}],"replies":[{"embeddable":true,"href":"https:\/\/blazejstrba.eu\/it\/wp-json\/wp\/v2\/comments?post=1394"}],"version-history":[{"count":16,"href":"https:\/\/blazejstrba.eu\/it\/wp-json\/wp\/v2\/pages\/1394\/revisions"}],"predecessor-version":[{"id":1977,"href":"https:\/\/blazejstrba.eu\/it\/wp-json\/wp\/v2\/pages\/1394\/revisions\/1977"}],"up":[{"embeddable":true,"href":"https:\/\/blazejstrba.eu\/it\/wp-json\/wp\/v2\/pages\/695"}],"wp:attachment":[{"href":"https:\/\/blazejstrba.eu\/it\/wp-json\/wp\/v2\/media?parent=1394"}],"curies":[{"name":"wp","href":"https:\/\/api.w.org\/{rel}","templated":true}]}}