{"id":1133,"date":"2010-12-24T18:00:59","date_gmt":"2010-12-24T16:00:59","guid":{"rendered":"http:\/\/www.blazejstrba.eu\/"},"modified":"2020-02-07T17:49:47","modified_gmt":"2020-02-07T15:49:47","slug":"rozne-temy","status":"publish","type":"page","link":"https:\/\/blazejstrba.eu\/it\/worship-to-the-word\/rozne-temy\/","title":{"rendered":"R\u00f4zne t\u00e9my"},"content":{"rendered":"<h3>1. <a href=\"http:\/\/www.blazejstrba.eu\/?file_id=40\">Meno Je\u017ei\u0161<\/a><\/h3>\n<h3>2. <a href=\"http:\/\/www.blazejstrba.eu\/?file_id=47\">Satanov anjel (2 Kor 12,7)<\/a><\/h3>\n<h3>3. Tur\u00edce<\/h3>\n<h3>4. <a href=\"https:\/\/www.blazejstrba.eu\/worship-to-the-word\/rozne-temy\/talit\/\">Talit<\/a> &#8211; modlitebn\u00fd \u0161\u00e1l<\/h3>\n<h3><strong>5. <a href=\"http:\/\/www.blazejstrba.eu\/wp-content\/plugins\/downloads-manager\/upload\/BN-2-Biblickanedela-Verbum%20Domini.docx\">Biblick\u00e1<\/a><\/strong><a href=\"http:\/\/www.blazejstrba.eu\/wp-content\/plugins\/downloads-manager\/upload\/BN-2-Biblickanedela-Verbum%20Domini.docx\"> nede\u013ea &#8211; od poznania k\u00a0sl\u00e1veniu<\/a> (m\u00e1j 2011)<\/h3>\n<h3>6. <a title=\"Milosrdenstvo n\u00e1\u0161ho Boha\" href=\"http:\/\/www.blazejstrba.eu\/?file_id=62\">Milosrdenstvo n\u00e1\u0161ho Boha<\/a> (primi\u010dn\u00e1 hom\u00edlia, 20.8.2011)<\/h3>\n<h3>7. <a title=\"Rodina v Biblii a Biblia v rodine \" href=\"http:\/\/www.blazejstrba.eu\/?file_id=63\">Rodina v Biblii a Biblia v rodine<\/a> (prezent\u00e1cie predn\u00e1\u0161ky, 27.8.2011)<\/h3>\n<h3>8. <a href=\"http:\/\/www.blazejstrba.eu\/?file_id=32\"> Moj\u017ei\u0161ov hriech<\/a> (pezent\u00e1cia predn\u00e1\u0161ky,16.11.2010, Olomouc)<\/h3>\n<h3>9. <a href=\"http:\/\/www.blazejstrba.eu\/?file_id=33\">Proroci v Pentateuchu<\/a> (pezent\u00e1cia predn\u00e1\u0161ky, 18.11.2010, Olomouc)<\/h3>\n<h3>10. <a href=\"http:\/\/www.blazejstrba.eu\/?file_id=102\">Jozue &#8211; postava viery<\/a> (pezent\u00e1cia predn\u00e1\u0161ky, 27.10.2012, Sampor)<\/h3>\n<h3>11. <a href=\"http:\/\/www.blazejstrba.eu\/lang\/sk\/worship-to-the-word\/rozne-temy\/z-30\/\">\u010eakovn\u00e1 piese\u0148 za vyslobodenie<\/a> (\u017dalm 30)<\/h3>\n<h3>12. <a href=\"http:\/\/www.blazejstrba.eu\/lang\/sk\/ros-ha-sana-5776\" target=\"_blank\" rel=\"noopener\">Nov\u00fd rok &#8211; Ro\u0161 ha-\u0161ana<\/a><\/h3>\n","protected":false},"excerpt":{"rendered":"<p>1. Meno Je\u017ei\u0161 2. Satanov anjel (2 Kor 12,7) 3. Tur\u00edce 4. Talit &#8211; modlitebn\u00fd \u0161\u00e1l 5. Biblick\u00e1 nede\u013ea &#8211; od poznania k\u00a0sl\u00e1veniu (m\u00e1j 2011) 6. Milosrdenstvo n\u00e1\u0161ho Boha (primi\u010dn\u00e1 hom\u00edlia, 20.8.2011) 7. Rodina v Biblii a Biblia v rodine (prezent\u00e1cie predn\u00e1\u0161ky, 27.8.2011) 8. Moj\u017ei\u0161ov hriech (pezent\u00e1cia predn\u00e1\u0161ky,16.11.2010, Olomouc) 9. Proroci v Pentateuchu (pezent\u00e1cia predn\u00e1\u0161ky, &hellip; <a href=\"https:\/\/blazejstrba.eu\/it\/worship-to-the-word\/rozne-temy\/\" class=\"more-link\">Continue reading <span class=\"screen-reader-text\">R\u00f4zne t\u00e9my<\/span> <span class=\"meta-nav\">&rarr;<\/span><\/a><\/p>\n","protected":false},"author":2,"featured_media":0,"parent":95,"menu_order":7,"comment_status":"closed","ping_status":"open","template":"","meta":{"footnotes":""},"translation":{"provider":"WPGlobus","version":"3.0.0","language":"it","enabled_languages":["sk","en","it"],"languages":{"sk":{"title":true,"content":true,"excerpt":false},"en":{"title":false,"content":false,"excerpt":false},"it":{"title":false,"content":false,"excerpt":false}}},"_links":{"self":[{"href":"https:\/\/blazejstrba.eu\/it\/wp-json\/wp\/v2\/pages\/1133"}],"collection":[{"href":"https:\/\/blazejstrba.eu\/it\/wp-json\/wp\/v2\/pages"}],"about":[{"href":"https:\/\/blazejstrba.eu\/it\/wp-json\/wp\/v2\/types\/page"}],"author":[{"embeddable":true,"href":"https:\/\/blazejstrba.eu\/it\/wp-json\/wp\/v2\/users\/2"}],"replies":[{"embeddable":true,"href":"https:\/\/blazejstrba.eu\/it\/wp-json\/wp\/v2\/comments?post=1133"}],"version-history":[{"count":20,"href":"https:\/\/blazejstrba.eu\/it\/wp-json\/wp\/v2\/pages\/1133\/revisions"}],"predecessor-version":[{"id":6086,"href":"https:\/\/blazejstrba.eu\/it\/wp-json\/wp\/v2\/pages\/1133\/revisions\/6086"}],"up":[{"embeddable":true,"href":"https:\/\/blazejstrba.eu\/it\/wp-json\/wp\/v2\/pages\/95"}],"wp:attachment":[{"href":"https:\/\/blazejstrba.eu\/it\/wp-json\/wp\/v2\/media?parent=1133"}],"curies":[{"name":"wp","href":"https:\/\/api.w.org\/{rel}","templated":true}]}}