{"id":95,"date":"2010-04-22T09:09:03","date_gmt":"2010-04-22T07:09:03","guid":{"rendered":"http:\/\/www.blazejstrba.eu\/?page_id=95"},"modified":"2014-04-03T18:02:52","modified_gmt":"2014-04-03T16:02:52","slug":"worship-to-the-word","status":"publish","type":"page","link":"https:\/\/blazejstrba.eu\/en\/worship-to-the-word\/","title":{"rendered":"Worship &#038; Word"},"content":{"rendered":"<h3><a href=\"http:\/\/www.blazejstrba.eu\/lang\/sk\/worship-to-the-word\/lectio-rok-a\/\">Lectio A<\/a><\/h3>\n<p>Kr\u00e1tke biblick\u00e9 koment\u00e1re k staroz\u00e1konn\u00fdm nede\u013en\u00fdm \u010d\u00edtaniam v Roku A.<\/p>\n<h3>R\u00f4zne t\u00e9my<\/h3>\n<ul>\n<li>\n<h4><strong>Meno Je\u017ei\u0161<\/strong><\/h4>\n<\/li>\n<\/ul>\n<ul>\n<li>\n<h4><strong>Tur\u00ed\u010dna vig\u00edlia<\/strong><\/h4>\n<\/li>\n<\/ul>\n<p>22. m\u00e1j 2010, 21.00 hod, Star\u00e9 hory &#8211; Bazilika N\u00e1v\u0161tevy Panny M\u00e1rie<\/p>\n<p>T\u00e9ma: <a title=\"T\u00f3ra - Trad\u00edcia -Tur\u00edce\" href=\"http:\/\/www.blazejstrba.eu\/?file_id=7\" target=\"_blank\">T\u00f3ra &#8211; Trad\u00edcica &#8211; Tur\u00edce<\/a> (predn\u00e1\u0161ka) a sl\u00e1venie Eucharistie<\/p>\n<ul>\n<li>\n<h4>Milosrdenstvo n\u00e1\u0161ho Boha<\/h4>\n<\/li>\n<\/ul>\n<p>Primi\u010dn\u00e1 hom\u00edlia (21.8.2011)<\/p>\n<h3><a href=\"http:\/\/www.blazejstrba.eu\/lang\/sk\/worship-to-the-word\/zalmy\">\u017dalmy<\/a><\/h3>\n<p>Cyklus \u0161iestich <em>Pondel\u0148aj\u0161\u00edch stretnut\u00ed nad Sv\u00e4t\u00fdm p\u00edsmom<\/em> (<a href=\"http:\/\/www.blazejstrba.eu\/lang\/en\/worship-to-the-word\/zalmy\/\">PSSP<\/a>) v Kl\u00e1\u0161tore Premenenia P\u00e1na na Sampore m\u00e1 v centre svojej pozornosti<strong> \u017dalmy<\/strong>.<\/p>\n<p>1. PSSP (11.X.2010) \/ S\u017dkJ-01\u2014 <a href=\"..\/wp-content\/plugins\/downloads-manager\/upload\/OSB10-01-OtvorenieZaltara%281-2%29.pptx\">Otvorenie \u017ealt\u00e1ra (\u017d 1 a 2)<\/a>. (pracovn\u00fd preklad <a href=\"http:\/\/www.blazejstrba.eu\/lang\/sk\/worship-to-the-word\/zalmy\/zalm-1\/\">\u017dalmu 1<\/a> a <a href=\"http:\/\/www.blazejstrba.eu\/lang\/sk\/worship-to-the-word\/zalmy\/zalm-2\/\">\u017dalmu 2<\/a>)<\/p>\n<p>2. PSSP (25.X.2010) \/ S\u017dkJ-02\u2014 <a href=\"..\/?file_id=28\">Hymnus: \u010co\u017ee je \u010dlovek? (\u017d 8 )<\/a>. (<a href=\"http:\/\/www.blazejstrba.eu\/lang\/sk\/worship-to-the-word\/zalmy\/zalm-8\/\">pracovn\u00fd preklad \u017ealmu<\/a>)<\/p>\n<p>3. PSSP (8.XI.2010) \/ S\u017dkJ-05\u2014 <a href=\"http:\/\/www.blazejstrba.eu\/?file_id=29\">Hymnus Stvorite\u013eovi a Z\u00e1konodarcovi (\u017d 19)<\/a>. (<a href=\"http:\/\/www.blazejstrba.eu\/lang\/sk\/worship-to-the-word\/zalmy\/zalm-19\/\">pracovn\u00fd preklad \u017ealmu<\/a>)<\/p>\n<p>4. PSSP (22.XI.2010) \/ S\u017dkJ-07\u2014 <a href=\"http:\/\/www.blazejstrba.eu\/?file_id=34\">Modlitba \u00faboh\u00e9ho \u010dloveka (\u017d 39)<\/a>. (<a href=\"http:\/\/www.blazejstrba.eu\/lang\/sk\/worship-to-the-word\/zalmy\/zalm-39\/\">pracovn\u00fd preklad \u017ealmu<\/a>)<\/p>\n<p>5. PSSP (6.XII.2010) \u2014 <span style=\"color: #000080;\"><a href=\"http:\/\/www.blazejstrba.eu\/?file_id=38\">V\u00e1\u0161niv\u00e9 h\u013eadanie Boha (\u017d 63)<\/a><\/span>. (<a href=\"http:\/\/www.blazejstrba.eu\/lang\/sk\/worship-to-the-word\/zalmy\/zalm-63\/\">pracovn\u00fd preklad \u017ealmu<\/a>)<\/p>\n<p>6. PSSP (20.XII.2010) \u2014 <a href=\"http:\/\/www.blazejstrba.eu\/?file_id=39\">Mesi\u00e1\u0161ova kr\u00e1\u013eovsk\u00e1 moc (\u017d 72)<\/a>. (<a href=\"http:\/\/www.blazejstrba.eu\/lang\/sk\/worship-to-the-word\/zalmy\/zalm-72\/\">pracovn\u00fd preklad \u017ealmu<\/a>)<\/p>\n<p>7.PSSP (21.II.2011) \/ S\u017dkJ-03 \u2013 Bo\u017ee m\u00f4j, pre\u010do si ma opustil (preklad \u017d 22).<\/p>\n<p>8.PSSP (10.III.2011) \/ S\u017dkJ-04 \u2013 <a href=\"..\/?file_id=56\">P\u00e1n Je m\u00f4j pastier<\/a> (preklad <a href=\"..\/lang\/sk\/worship-to-the-word\/zalmy\/zalm-23\">\u017d 23<\/a>).<\/p>\n<p>9.PSSP (21.III.2011) \/ S\u017dkJ-08\u2013 H\u013ea prich\u00e1dzam (preklad <a href=\"..\/lang\/en\/worship-to-the-word\/zalmy\/zalm-40\/\">\u017d 40<\/a>).<\/p>\n<p>10.PSSP (4.IV.2011) \/ S\u017dkJ-09\u2013 T\u00fa\u017eba za P\u00e1nom (preklad <a href=\"..\/lang\/en\/worship-to-the-word\/zalmy\/zalm-42-43\/\">\u017d 42-43<\/a>).<\/p>\n<p>11.PSSP (2.V.2011) \u2013 <a href=\"..\/?file_id=51\">\u013d\u00fabostn\u00e1 piese\u0148<\/a> (preklad <a href=\"..\/lang\/en\/worship-to-the-word\/zalmy\/zalm-4\/\">\u017d 45<\/a>).<\/p>\n<p>12.PSSP (16. V. 2011) \u2014 Piese\u0148 o Immanuelovi (preklad <a href=\"..\/lang\/sk\/worship-to-the-word\/zalmy\/zalm-46\">\u017d 46<\/a>).<\/p>\n<p>13.PSSP (30. V. 2011) \u2014\u00a0 S\u00e1m seba nik nevyk\u00fapi (preklad <a href=\"..\/lang\/sk\/worship-to-the-word\/zalmy\/zalm-49\">\u017d 49<\/a>).<\/p>\n<p>14.PSSP (20. VI. 2011) \u2014 Spolo\u010dn\u00e9 spytovanie svedomia (\u017d 50)<strong>.<br \/>\n<\/strong><\/p>\n<p>15. PSSP (3.X.2011) \u2013 <a href=\"..\/?file_id=64\">Vyznanie viny<\/a> (preklad <a href=\"..\/lang\/en\/worship-to-the-word\/zalmy\/zalm-51\">\u017d 51<\/a>)<strong>.<br \/>\n<\/strong><\/p>\n<p>16. PSSP (24.X.2011) \u2013 <a href=\"..\/?file_id=68\">Priate\u013esk\u00e9 slov\u00e1 alebo z\u00e1kern\u00e9 re\u010di<\/a> (preklad <a href=\"..\/lang\/sk\/worship-to-the-word\/zalmy\/zalm-55\">\u017d 55<\/a>)<strong><\/strong> \/ <a href=\"http:\/\/www.blazejstrba.eu\/?file_id=88\">S\u017dkJ-II-03<\/a><strong><br \/>\n<\/strong><\/p>\n<p>17. PSSP (7.XI.2011)<strong> \u2013 <\/strong>Jedin\u00e1 opora v\u00a0Bo\u017eom slove (preklad \u017d 56).<\/p>\n<p>18. PSSP (21.XI.2011) \u2013 \u017dalm na advent (preklad \u017d 85).<\/p>\n<p>19. PSSP (5.XII.2011) \u2013 \u013dudsk\u00e1 pomoc nesta\u010d\u00ed (preklad \u017d 60).<\/p>\n<p>20. PSSP (19.XII.2011) \u2013 Znovuobjavenie viery (\u017d 73).<\/p>\n<p>21. PSSP (20.II.2012) \u2013 <a href=\"..\/?file_id=85\">Prorock\u00fd v\u00fdrok proti mocichtiv\u00e9mu<\/a> (\u017d 52).<\/p>\n<p>22. PSSP (5.III.2012) \u2013 Bolestn\u00e9 konfront\u00e1cie (\u017d 53-54).<\/p>\n<p>23. PSSP<span style=\"color: #000000;\"> (19.III.2012) \u2013 S\u00a0Bohom medzi levmi (\u017d 57).<\/span><\/p>\n<p>24. PSSP (23.IV.2012) \u2013 Opojen\u00ed had\u00edm jedom (\u017d 58).<\/p>\n<p>25. PSSP (7.V.2012) \u2013 Bolesti riskuj\u00faceho pre P\u00e1na (\u017d 69).<\/p>\n<p>26. PSSP (21.V.2012) \u2013 Presaden\u00e1 Bo\u017eia vinica (\u017d 80).<\/p>\n<p>27. PSSP (4.VI.2012) \u2013 Moj\u017ei\u0161ova \u00favaha o\u00a0\u010dase (\u017d 90).<\/p>\n","protected":false},"excerpt":{"rendered":"<p>Lectio A Kr\u00e1tke biblick\u00e9 koment\u00e1re k staroz\u00e1konn\u00fdm nede\u013en\u00fdm \u010d\u00edtaniam v Roku A. R\u00f4zne t\u00e9my Meno Je\u017ei\u0161 Tur\u00ed\u010dna vig\u00edlia 22. m\u00e1j 2010, 21.00 hod, Star\u00e9 hory &#8211; Bazilika N\u00e1v\u0161tevy Panny M\u00e1rie T\u00e9ma: T\u00f3ra &#8211; Trad\u00edcica &#8211; Tur\u00edce (predn\u00e1\u0161ka) a sl\u00e1venie Eucharistie Milosrdenstvo n\u00e1\u0161ho Boha Primi\u010dn\u00e1 hom\u00edlia (21.8.2011) \u017dalmy Cyklus \u0161iestich Pondel\u0148aj\u0161\u00edch stretnut\u00ed nad Sv\u00e4t\u00fdm p\u00edsmom (PSSP) &hellip; <a href=\"https:\/\/blazejstrba.eu\/en\/worship-to-the-word\/\" class=\"more-link\">Continue reading <span class=\"screen-reader-text\">Worship &#038; Word<\/span> <span class=\"meta-nav\">&rarr;<\/span><\/a><\/p>\n","protected":false},"author":1,"featured_media":0,"parent":0,"menu_order":4,"comment_status":"closed","ping_status":"closed","template":"","meta":{"footnotes":""},"translation":{"provider":"WPGlobus","version":"3.0.0","language":"en","enabled_languages":["sk","en","it"],"languages":{"sk":{"title":true,"content":true,"excerpt":false},"en":{"title":false,"content":false,"excerpt":false},"it":{"title":false,"content":false,"excerpt":false}}},"_links":{"self":[{"href":"https:\/\/blazejstrba.eu\/en\/wp-json\/wp\/v2\/pages\/95"}],"collection":[{"href":"https:\/\/blazejstrba.eu\/en\/wp-json\/wp\/v2\/pages"}],"about":[{"href":"https:\/\/blazejstrba.eu\/en\/wp-json\/wp\/v2\/types\/page"}],"author":[{"embeddable":true,"href":"https:\/\/blazejstrba.eu\/en\/wp-json\/wp\/v2\/users\/1"}],"replies":[{"embeddable":true,"href":"https:\/\/blazejstrba.eu\/en\/wp-json\/wp\/v2\/comments?post=95"}],"version-history":[{"count":45,"href":"https:\/\/blazejstrba.eu\/en\/wp-json\/wp\/v2\/pages\/95\/revisions"}],"predecessor-version":[{"id":171,"href":"https:\/\/blazejstrba.eu\/en\/wp-json\/wp\/v2\/pages\/95\/revisions\/171"}],"wp:attachment":[{"href":"https:\/\/blazejstrba.eu\/en\/wp-json\/wp\/v2\/media?parent=95"}],"curies":[{"name":"wp","href":"https:\/\/api.w.org\/{rel}","templated":true}]}}