{"id":857,"date":"2010-11-09T00:28:41","date_gmt":"2010-11-08T22:28:41","guid":{"rendered":"http:\/\/www.blazejstrba.eu\/"},"modified":"2011-11-08T23:11:57","modified_gmt":"2011-11-08T21:11:57","slug":"zalm-19","status":"publish","type":"page","link":"https:\/\/blazejstrba.eu\/en\/worship-to-the-word\/zalmy\/zalm-19\/","title":{"rendered":"\u017d 19 \u2013 O P\u00e1novom z\u00e1kone \u2013 T\u00f3re"},"content":{"rendered":"<table border=\"1\" cellspacing=\"0\" cellpadding=\"0\" width=\"640\">\n<tbody>\n<tr>\n<td width=\"28\" valign=\"top\">1a<\/td>\n<td width=\"384\" valign=\"top\"><em>Zbormajstrovi. D\u00e1vidov   \u017ealm.<\/em><em><\/em><\/td>\n<\/tr>\n<tr>\n<td width=\"28\" valign=\"top\">2a<\/td>\n<td width=\"384\" valign=\"top\"><strong><span style=\"text-decoration: underline;\">Nebesia<\/span><\/strong> <strong>ohlasuj\u00fa<\/strong> <strong>sl\u00e1vu   Boha<\/strong><\/td>\n<\/tr>\n<tr>\n<td width=\"28\" valign=\"top\">2b<\/td>\n<td width=\"384\" valign=\"top\">a obloha <strong>zvestuje<\/strong> dielo jeho r\u00fak.<\/td>\n<\/tr>\n<tr>\n<td width=\"28\" valign=\"top\">3a<\/td>\n<td width=\"384\" valign=\"top\">De\u0148 d\u0148u (o tom) pod\u00e1va <strong>spr\u00e1vu<\/strong><\/td>\n<\/tr>\n<tr>\n<td width=\"28\" valign=\"top\">3b<\/td>\n<td width=\"384\" valign=\"top\">a noc noci <strong>oznamuje poznanie<\/strong>.<\/td>\n<\/tr>\n<tr>\n<td width=\"28\" valign=\"top\">4a<\/td>\n<td width=\"384\" valign=\"top\">Nie <strong>je to spr\u00e1va, nie s\u00fa to slov\u00e1,<\/strong><\/td>\n<\/tr>\n<tr>\n<td width=\"28\" valign=\"top\">4b<\/td>\n<td width=\"384\" valign=\"top\"><strong> nie je po\u010dute\u013en\u00fd ich hlas<\/strong>.<\/td>\n<\/tr>\n<tr>\n<td width=\"28\" valign=\"top\">5a<\/td>\n<td width=\"384\" valign=\"top\">Po celej zemi rozlieha sa ich <strong>harm\u00f3nia<\/strong><\/td>\n<\/tr>\n<tr>\n<td width=\"28\" valign=\"top\">5b<\/td>\n<td width=\"384\" valign=\"top\">a ich <strong>dialekt<\/strong> a\u017e po   kon\u010diny sveta.<\/td>\n<\/tr>\n<tr>\n<td width=\"28\" valign=\"top\">5c<\/td>\n<td width=\"384\" valign=\"top\">Tam <strong>v\u00a0nich<\/strong> <strong>postavil <\/strong>stan pre <strong>slnko<br \/>\n<\/strong><\/td>\n<\/tr>\n<tr>\n<td width=\"28\" valign=\"top\">6a<\/td>\n<td width=\"384\" valign=\"top\">a ono z neho vych\u00e1dza s\u0165a   \u017een\u00edch zo svojej komnaty<\/td>\n<\/tr>\n<tr>\n<td width=\"28\" valign=\"top\">6b<\/td>\n<td width=\"384\" valign=\"top\">a raduje sa ako <strong>hrdina<\/strong> \u2013 <strong>be\u017ea\u0165 cestou<\/strong><\/td>\n<\/tr>\n<tr>\n<td width=\"28\" valign=\"top\">7a<\/td>\n<td width=\"384\" valign=\"top\">Na jednom kraji neba <strong>vych\u00e1dza<\/strong><\/td>\n<\/tr>\n<tr>\n<td width=\"28\" valign=\"top\">7b<\/td>\n<td width=\"384\" valign=\"top\">a uber\u00e1 sa k druh\u00e9mu;<\/td>\n<\/tr>\n<tr>\n<td width=\"28\" valign=\"top\">7c<\/td>\n<td width=\"384\" valign=\"top\">pred jeho \u017eiarou sa ni\u010d ukry\u0165   nem\u00f4\u017ee.<\/td>\n<\/tr>\n<tr>\n<td width=\"28\" valign=\"top\">8a<\/td>\n<td width=\"384\" valign=\"top\"><strong><\/strong><strong>N\u00e1uka P\u00c1NOVA<\/strong> je dokonal\u00e1,<\/td>\n<\/tr>\n<tr>\n<td width=\"28\" valign=\"top\">8b<\/td>\n<td width=\"384\" valign=\"top\"><strong> navracia dych. <\/strong><strong><\/strong><\/td>\n<\/tr>\n<tr>\n<td width=\"28\" valign=\"top\">8<\/td>\n<td width=\"384\" valign=\"top\"><strong><\/strong><strong> <\/strong>Svedectvo P\u00c1NOVO je hodnovern\u00e9,<\/td>\n<\/tr>\n<tr>\n<td width=\"28\" valign=\"top\">8d<\/td>\n<td width=\"384\" valign=\"top\">d\u00e1va m\u00fadros\u0165 <strong>jednoduch\u00e9mu<\/strong>.<\/td>\n<\/tr>\n<tr>\n<td width=\"28\" valign=\"top\">9a<\/td>\n<td width=\"384\" valign=\"top\"><strong><\/strong><strong><\/strong>N<strong>ariadenia<\/strong> P\u00c1NOVE s\u00fa spr\u00e1vne,<\/td>\n<\/tr>\n<tr>\n<td width=\"28\" valign=\"top\">9b<\/td>\n<td width=\"384\" valign=\"top\">pote\u0161uj\u00fa srdce.<\/td>\n<\/tr>\n<tr>\n<td width=\"28\" valign=\"top\">9c<\/td>\n<td width=\"384\" valign=\"top\"><strong><\/strong><strong>Prik\u00e1zanie<\/strong> P\u00c1NOVE je <strong>\u010d\u00edre<\/strong>,<\/td>\n<\/tr>\n<tr>\n<td width=\"28\" valign=\"top\">9d<\/td>\n<td width=\"384\" valign=\"top\"><strong> osvecuje<\/strong> o\u010di.<\/td>\n<\/tr>\n<tr>\n<td width=\"28\" valign=\"top\">10a<\/td>\n<td width=\"384\" valign=\"top\"><strong><\/strong><strong><\/strong>B\u00e1ze\u0148 pred P\u00c1NOM je <strong>\u010dist\u00e1<\/strong>,<\/td>\n<\/tr>\n<tr>\n<td width=\"28\" valign=\"top\">10b<\/td>\n<td width=\"384\" valign=\"top\">trv\u00e1 naveky.<\/td>\n<\/tr>\n<tr>\n<td width=\"28\" valign=\"top\">10c<\/td>\n<td width=\"384\" valign=\"top\"><strong><\/strong><strong>Rozsudky<\/strong> P\u00c1NOVE s\u00fa <strong>pravda<\/strong><\/td>\n<\/tr>\n<tr>\n<td width=\"28\" valign=\"top\">10d<\/td>\n<td width=\"384\" valign=\"top\">spravodliv\u00e9<strong> s\u00fa   pospolu<\/strong>.<\/td>\n<\/tr>\n<tr>\n<td width=\"28\" valign=\"top\">11<\/td>\n<td width=\"384\" valign=\"top\"><strong><\/strong><strong> <\/strong>S\u00fa <strong>hodn\u00e9 v\u00e4\u010d\u0161ej t\u00fa\u017eby<\/strong> ako zlato,<\/td>\n<\/tr>\n<tr>\n<td width=\"28\" valign=\"top\">11b<\/td>\n<td width=\"384\" valign=\"top\">(a)\u00a0ako <strong>ve\u013ea \u010dist\u00e9ho zlata<\/strong><\/td>\n<\/tr>\n<tr>\n<td width=\"28\" valign=\"top\">11c<\/td>\n<td width=\"384\" valign=\"top\"><strong> a s\u00fa<\/strong> slad\u0161ie ne\u017e med,<\/td>\n<\/tr>\n<tr>\n<td width=\"28\" valign=\"top\">11d<\/td>\n<td width=\"384\" valign=\"top\">(a) ne\u017e medov\u00e9 kvapky z pl\u00e1stu.<\/td>\n<\/tr>\n<tr>\n<td width=\"28\" valign=\"top\">12a<\/td>\n<td width=\"384\" valign=\"top\"><strong>Aj tvoj slu\u017eobn\u00edk<\/strong> sa v nich vzdel\u00e1va;<\/td>\n<\/tr>\n<tr>\n<td width=\"28\" valign=\"top\">12b<\/td>\n<td width=\"384\" valign=\"top\">v ich <strong>zachov\u00e1van\u00ed je ve\u013ek\u00e1<\/strong> odmena.<\/td>\n<\/tr>\n<tr>\n<td width=\"28\" valign=\"top\">13a<\/td>\n<td width=\"384\" valign=\"top\"><strong>Pobl\u00fadenia \u2013 kto ich pozn\u00e1<\/strong>?<\/td>\n<\/tr>\n<tr>\n<td width=\"28\" valign=\"top\">13b<\/td>\n<td width=\"384\" valign=\"top\"><strong> Od t\u00fdch skryt\u00fdch, o\u010dis\u0165 ma! <\/strong><strong><\/strong><\/td>\n<\/tr>\n<tr>\n<td width=\"28\" valign=\"top\">14a<\/td>\n<td width=\"384\" valign=\"top\"><strong>Aj od p\u00fdchy<\/strong> zachr\u00e1\u0148   svojho slu\u017eobn\u00edka,<\/td>\n<\/tr>\n<tr>\n<td width=\"28\" valign=\"top\">14b<\/td>\n<td width=\"384\" valign=\"top\"><strong> nech ma<\/strong> neovl\u00e1da.<\/td>\n<\/tr>\n<tr>\n<td width=\"28\" valign=\"top\">14c<\/td>\n<td width=\"384\" valign=\"top\">Tak budem <strong>dokonal\u00fd<\/strong> a <strong>slobodn\u00fd<\/strong><\/td>\n<\/tr>\n<tr>\n<td width=\"28\" valign=\"top\">14d<\/td>\n<td width=\"384\" valign=\"top\">od ve\u013ek\u00e9ho <strong>previnenia<\/strong>.<\/td>\n<\/tr>\n<tr>\n<td width=\"28\" valign=\"top\">15a<\/td>\n<td width=\"384\" valign=\"top\">Nech sa ti p\u00e1\u010dia <strong>slov\u00e1 mojich \u00fast<\/strong>:<\/td>\n<\/tr>\n<tr>\n<td width=\"28\" valign=\"top\">15b<\/td>\n<td width=\"384\" valign=\"top\">i <strong>\u0161epotanie<\/strong> m\u00f4jho srdca (je) pred tvojou tv\u00e1rou.<\/td>\n<\/tr>\n<tr>\n<td width=\"28\" valign=\"top\">15c<\/td>\n<td width=\"384\" valign=\"top\">PANE, moja <strong>skala<\/strong> a m\u00f4j vykupite\u013e.<\/td>\n<\/tr>\n<\/tbody>\n<\/table>\n","protected":false},"excerpt":{"rendered":"<p>1a Zbormajstrovi. D\u00e1vidov \u017ealm. 2a Nebesia ohlasuj\u00fa sl\u00e1vu Boha 2b a obloha zvestuje dielo jeho r\u00fak. 3a De\u0148 d\u0148u (o tom) pod\u00e1va spr\u00e1vu 3b a noc noci oznamuje poznanie. 4a Nie je to spr\u00e1va, nie s\u00fa to slov\u00e1, 4b nie je po\u010dute\u013en\u00fd ich hlas. 5a Po celej zemi rozlieha sa ich harm\u00f3nia 5b a ich &hellip; <a href=\"https:\/\/blazejstrba.eu\/en\/worship-to-the-word\/zalmy\/zalm-19\/\" class=\"more-link\">Continue reading <span class=\"screen-reader-text\">\u017d 19 \u2013 O P\u00e1novom z\u00e1kone \u2013 T\u00f3re<\/span> <span class=\"meta-nav\">&rarr;<\/span><\/a><\/p>\n","protected":false},"author":2,"featured_media":0,"parent":695,"menu_order":19,"comment_status":"closed","ping_status":"closed","template":"","meta":{"footnotes":""},"translation":{"provider":"WPGlobus","version":"3.0.0","language":"en","enabled_languages":["sk","en","it"],"languages":{"sk":{"title":true,"content":true,"excerpt":false},"en":{"title":false,"content":false,"excerpt":false},"it":{"title":false,"content":false,"excerpt":false}}},"_links":{"self":[{"href":"https:\/\/blazejstrba.eu\/en\/wp-json\/wp\/v2\/pages\/857"}],"collection":[{"href":"https:\/\/blazejstrba.eu\/en\/wp-json\/wp\/v2\/pages"}],"about":[{"href":"https:\/\/blazejstrba.eu\/en\/wp-json\/wp\/v2\/types\/page"}],"author":[{"embeddable":true,"href":"https:\/\/blazejstrba.eu\/en\/wp-json\/wp\/v2\/users\/2"}],"replies":[{"embeddable":true,"href":"https:\/\/blazejstrba.eu\/en\/wp-json\/wp\/v2\/comments?post=857"}],"version-history":[{"count":15,"href":"https:\/\/blazejstrba.eu\/en\/wp-json\/wp\/v2\/pages\/857\/revisions"}],"predecessor-version":[{"id":1973,"href":"https:\/\/blazejstrba.eu\/en\/wp-json\/wp\/v2\/pages\/857\/revisions\/1973"}],"up":[{"embeddable":true,"href":"https:\/\/blazejstrba.eu\/en\/wp-json\/wp\/v2\/pages\/695"}],"wp:attachment":[{"href":"https:\/\/blazejstrba.eu\/en\/wp-json\/wp\/v2\/media?parent=857"}],"curies":[{"name":"wp","href":"https:\/\/api.w.org\/{rel}","templated":true}]}}