{"id":759,"date":"2010-10-20T16:51:24","date_gmt":"2010-10-20T14:51:24","guid":{"rendered":"http:\/\/www.blazejstrba.eu\/"},"modified":"2010-11-20T14:42:45","modified_gmt":"2010-11-20T12:42:45","slug":"zalm-2","status":"publish","type":"page","link":"https:\/\/blazejstrba.eu\/en\/worship-to-the-word\/zalmy\/zalm-2\/","title":{"rendered":"\u017d 2 \u2013 Bla\u017een\u00ed v\u0161etci"},"content":{"rendered":"<table style=\"height: 613px;\" border=\"1\" cellspacing=\"0\" cellpadding=\"0\" width=\"560\">\n<tbody>\n<tr>\n<td width=\"28\" valign=\"top\">1a<\/td>\n<td width=\"408\" valign=\"top\">Pre\u010do sa b\u00faria <strong><span style=\"text-decoration: underline;\">pohania<\/span><\/strong>?<\/td>\n<\/tr>\n<tr>\n<td width=\"28\" valign=\"top\">1b<\/td>\n<td width=\"408\" valign=\"top\">a n\u00e1rody <strong>mrml\u00fa<\/strong> daromnosti (Pre\u010do n\u00e1rody snuj\u00fa pl\u00e1ny daromn\u00e9?)<\/td>\n<\/tr>\n<tr>\n<td width=\"28\" valign=\"top\">2a<\/td>\n<td width=\"408\" valign=\"top\">Povst\u00e1vaj\u00fa   <strong>pozemsk\u00ed kr\u00e1li<\/strong><\/td>\n<\/tr>\n<tr>\n<td width=\"28\" valign=\"top\">2b<\/td>\n<td width=\"408\" valign=\"top\">A vlad\u00e1ri <strong>kon\u0161piruj\u00fa<\/strong> spolu (a vlad\u00e1ri sa spol\u010duj\u00fa)<\/td>\n<\/tr>\n<tr>\n<td width=\"28\" valign=\"top\">2c<\/td>\n<td width=\"408\" valign=\"top\">proti P\u00c1NOVI a proti jeho pomazan\u00e9mu:<\/td>\n<\/tr>\n<tr>\n<td width=\"28\" valign=\"top\">3a<\/td>\n<td width=\"408\" valign=\"top\"><em> &#8220;Rozbime ich okovy <\/em><\/td>\n<\/tr>\n<tr>\n<td width=\"28\" valign=\"top\">3b<\/td>\n<td width=\"408\" valign=\"top\"><em> a ich <strong>povrazy<\/strong> zho\u010fme   zo seba!&#8221; ( a ich jarmo zho\u010fme zo   seba!&#8221;<\/em>)<em><\/em><\/td>\n<\/tr>\n<tr>\n<td width=\"28\" valign=\"top\">4a<\/td>\n<td width=\"408\" valign=\"top\"><strong><span style=\"text-decoration: underline;\">Ten, \u010do na nebesiach preb\u00fdva<\/span><\/strong>, sa im vysmieva;<\/td>\n<\/tr>\n<tr>\n<td width=\"28\" valign=\"top\">4b<\/td>\n<td width=\"408\" valign=\"top\">P\u00e1n ich privedie na posmech.<\/td>\n<\/tr>\n<tr>\n<td width=\"28\" valign=\"top\">5a<\/td>\n<td width=\"408\" valign=\"top\"><strong>Vtedy<\/strong> na nich rozhor\u010dene zavol\u00e1<\/td>\n<\/tr>\n<tr>\n<td width=\"28\" valign=\"top\">5b<\/td>\n<td width=\"408\" valign=\"top\">a <strong>v svojom hneve<\/strong> ich vydes\u00ed:<\/td>\n<\/tr>\n<tr>\n<td width=\"28\" valign=\"top\">6a<\/td>\n<td width=\"408\" valign=\"top\"><em> &#8220;Ve\u010f <strong>ja som<\/strong> ustanovil svojho kr\u00e1\u013ea <\/em><\/td>\n<\/tr>\n<tr>\n<td width=\"28\" valign=\"top\">6c<\/td>\n<td width=\"408\" valign=\"top\"><em> <strong>na   Sione, mojom<\/strong> sv\u00e4tom vrchu!&#8221;<\/em><\/td>\n<\/tr>\n<tr>\n<td width=\"28\" valign=\"top\">7a<\/td>\n<td width=\"408\" valign=\"top\">Zvestujem P\u00c1NOVO <strong>nariadenie<\/strong>:<\/td>\n<\/tr>\n<tr>\n<td width=\"28\" valign=\"top\">7b<\/td>\n<td width=\"408\" valign=\"top\">On mi povedal: <em>&#8220;<strong><span style=\"text-decoration: underline;\">Ty si m\u00f4j syn<\/span><\/strong><\/em>.<\/td>\n<\/tr>\n<tr>\n<td width=\"28\" valign=\"top\">7c<\/td>\n<td width=\"408\" valign=\"top\"><em> <strong>Ja   som<\/strong> \u0165a dnes splodil.<\/em><em><\/em><\/td>\n<\/tr>\n<tr>\n<td width=\"28\" valign=\"top\">8a<\/td>\n<td width=\"408\" valign=\"top\"><em> \u017diadaj si odo m\u0148a a d\u00e1m ti do   dedi\u010dstva n\u00e1rody <\/em><em><\/em><\/td>\n<\/tr>\n<tr>\n<td width=\"28\" valign=\"top\">8b<\/td>\n<td width=\"408\" valign=\"top\"><em> a do   vlastn\u00edctva <strong>kon\u010diny<\/strong> zeme.<\/em><\/td>\n<\/tr>\n<tr>\n<td width=\"28\" valign=\"top\">9a<\/td>\n<td width=\"408\" valign=\"top\"><em> <strong>Rozbije\u0161 ich<\/strong> \u017eezlom   \u017eelezn\u00fdm <\/em><em><\/em><\/td>\n<\/tr>\n<tr>\n<td width=\"28\" valign=\"top\">9b<\/td>\n<td width=\"408\" valign=\"top\"><em> a jak   hrnce hlinen\u00e9 ich <strong>rozdrob\u00ed\u0161<\/strong>.&#8221;<\/em><\/td>\n<\/tr>\n<tr>\n<td width=\"28\" valign=\"top\">10a<\/td>\n<td width=\"408\" valign=\"top\">A teraz, <strong><span style=\"text-decoration: underline;\">kr\u00e1li<\/span><\/strong>, <strong>pochopte<\/strong>;<\/td>\n<\/tr>\n<tr>\n<td width=\"28\" valign=\"top\">10b<\/td>\n<td width=\"408\" valign=\"top\">dajte sa <strong>pou\u010di\u0165<\/strong>, <strong>sudcovia<\/strong> <strong>zeme<\/strong>.<\/td>\n<\/tr>\n<tr>\n<td width=\"28\" valign=\"top\">11a<\/td>\n<td width=\"408\" valign=\"top\">V   b\u00e1zni sl\u00fa\u017ete P\u00c1NOVI<\/td>\n<\/tr>\n<tr>\n<td width=\"28\" valign=\"top\">11b<\/td>\n<td width=\"408\" valign=\"top\">a   s chven\u00edm sa mu kla\u0148ajte.<\/td>\n<\/tr>\n<tr>\n<td width=\"28\" valign=\"top\">12a<\/td>\n<td width=\"408\" valign=\"top\"><strong>Pobozkajte syna <\/strong>(Podvo\u013ete   sa z\u00e1konu: )<\/td>\n<\/tr>\n<tr>\n<td width=\"28\" valign=\"top\">12b<\/td>\n<td width=\"408\" valign=\"top\">\u017eeby sa nerozhneval a vy by ste <strong>zhynuli<\/strong> na   ceste,<\/td>\n<\/tr>\n<tr>\n<td width=\"28\" valign=\"top\">12c<\/td>\n<td width=\"408\" valign=\"top\">lebo sa r\u00fdchlo rozhor\u010d\u00ed.<\/td>\n<\/tr>\n<tr>\n<td width=\"28\" valign=\"top\">12d<\/td>\n<td width=\"408\" valign=\"top\"><strong>\u0160\u0165astn\u00ed\/bla\u017een\u00ed s\u00fa v\u0161etci<\/strong>, \u010do sa spoliehaj\u00fa na   neho.<\/td>\n<\/tr>\n<\/tbody>\n<\/table>\n","protected":false},"excerpt":{"rendered":"<p>1a Pre\u010do sa b\u00faria pohania? 1b a n\u00e1rody mrml\u00fa daromnosti (Pre\u010do n\u00e1rody snuj\u00fa pl\u00e1ny daromn\u00e9?) 2a Povst\u00e1vaj\u00fa pozemsk\u00ed kr\u00e1li 2b A vlad\u00e1ri kon\u0161piruj\u00fa spolu (a vlad\u00e1ri sa spol\u010duj\u00fa) 2c proti P\u00c1NOVI a proti jeho pomazan\u00e9mu: 3a &#8220;Rozbime ich okovy 3b a ich povrazy zho\u010fme zo seba!&#8221; ( a ich jarmo zho\u010fme zo seba!&#8221;) 4a Ten, &hellip; <a href=\"https:\/\/blazejstrba.eu\/en\/worship-to-the-word\/zalmy\/zalm-2\/\" class=\"more-link\">Continue reading <span class=\"screen-reader-text\">\u017d 2 \u2013 Bla\u017een\u00ed v\u0161etci<\/span> <span class=\"meta-nav\">&rarr;<\/span><\/a><\/p>\n","protected":false},"author":2,"featured_media":0,"parent":695,"menu_order":2,"comment_status":"closed","ping_status":"closed","template":"","meta":{"footnotes":""},"translation":{"provider":"WPGlobus","version":"3.0.0","language":"en","enabled_languages":["sk","en","it"],"languages":{"sk":{"title":true,"content":true,"excerpt":false},"en":{"title":false,"content":false,"excerpt":false},"it":{"title":false,"content":false,"excerpt":false}}},"_links":{"self":[{"href":"https:\/\/blazejstrba.eu\/en\/wp-json\/wp\/v2\/pages\/759"}],"collection":[{"href":"https:\/\/blazejstrba.eu\/en\/wp-json\/wp\/v2\/pages"}],"about":[{"href":"https:\/\/blazejstrba.eu\/en\/wp-json\/wp\/v2\/types\/page"}],"author":[{"embeddable":true,"href":"https:\/\/blazejstrba.eu\/en\/wp-json\/wp\/v2\/users\/2"}],"replies":[{"embeddable":true,"href":"https:\/\/blazejstrba.eu\/en\/wp-json\/wp\/v2\/comments?post=759"}],"version-history":[{"count":7,"href":"https:\/\/blazejstrba.eu\/en\/wp-json\/wp\/v2\/pages\/759\/revisions"}],"predecessor-version":[{"id":935,"href":"https:\/\/blazejstrba.eu\/en\/wp-json\/wp\/v2\/pages\/759\/revisions\/935"}],"up":[{"embeddable":true,"href":"https:\/\/blazejstrba.eu\/en\/wp-json\/wp\/v2\/pages\/695"}],"wp:attachment":[{"href":"https:\/\/blazejstrba.eu\/en\/wp-json\/wp\/v2\/media?parent=759"}],"curies":[{"name":"wp","href":"https:\/\/api.w.org\/{rel}","templated":true}]}}