{"id":695,"date":"2010-10-11T15:28:28","date_gmt":"2010-10-11T13:28:28","guid":{"rendered":"http:\/\/www.blazejstrba.eu\/"},"modified":"2013-09-07T18:38:02","modified_gmt":"2013-09-07T16:38:02","slug":"zalmy","status":"publish","type":"page","link":"https:\/\/blazejstrba.eu\/en\/worship-to-the-word\/zalmy\/","title":{"rendered":"\u017dalmy"},"content":{"rendered":"<p>Pravideln\u00e9 <em>Pondel\u0148aj\u0161ie stretnutia nad Sv\u00e4t\u00fdm p\u00edsmom <\/em>(PSSP) v benedikt\u00ednskom Kl\u00e1\u0161tore Premenenia P\u00e1na v dedinke Sampor.<\/p>\n<p>11.X.2010 &#8212; <a href=\"http:\/\/www.blazejstrba.eu\/?file_id=25\">Otvorenie \u017ealt\u00e1ra<\/a> (preklad <a href=\"http:\/\/www.blazejstrba.eu\/lang\/sk\/worship-to-the-word\/zalmy\/zalm-1\">\u017d 1<\/a> a <a href=\"http:\/\/www.blazejstrba.eu\/lang\/sk\/worship-to-the-word\/zalmy\/zalm-2\">\u017d 2<\/a>). (1. PSSP) \/ S\u017dkJ-I-01<\/p>\n<p>25.X.2010 &#8212; <a href=\"http:\/\/www.blazejstrba.eu\/?file_id=28\">Hymnus: \u010co\u017ee je \u010dlovek?<\/a> (preklad <a href=\"http:\/\/www.blazejstrba.eu\/lang\/sk\/worship-to-the-word\/zalmy\/zalm-8\">\u017d 8<\/a> ). (2. PSSP) \/ S\u017dkJ-I-02<\/p>\n<p>8.XI.2010 &#8212; <a href=\"http:\/\/www.blazejstrba.eu\/?file_id=58\">Hymnus P\u00e1novej n\u00e1uke &#8211; T\u00f3re<\/a> (preklad <a href=\"http:\/\/www.blazejstrba.eu\/lang\/sk\/worship-to-the-word\/zalmy\/zalm-19\">\u017d 19<\/a>). (3. PSSP) \/ S\u017dkJ-I-05<\/p>\n<p>22.XI.2010 \u2013 <a href=\"http:\/\/www.blazejstrba.eu\/?file_id=34\">Modlitba \u00faboh\u00e9ho \u010dloveka<\/a> (preklad <a href=\"http:\/\/www.blazejstrba.eu\/lang\/sk\/worship-to-the-word\/zalmy\/zalm-39\">\u017d 39<\/a>). \/ (4. PSSP) \/ S\u017dkJ-I-07<\/p>\n<p>6.XII.2010 \u2013 <span style=\"color: #000000;\"><a href=\"http:\/\/www.blazejstrba.eu\/?file_id=90\">V\u00e1\u0161niv\u00e9 h\u013eadanie Boha<\/a> (preklad <a href=\"http:\/\/www.blazejstrba.eu\/lang\/sk\/worship-to-the-word\/zalmy\/zalm-63\">\u017d 63<\/a>)<\/span>.\u00a0 \/ (5. PSSP) \/ <a href=\"http:\/\/www.blazejstrba.eu\/?file_id=90\">S\u017dkJ-II-04<\/a><\/p>\n<p><span style=\"color: #800000;\"><span style=\"color: #000000;\">20.XII.2010<\/span> <\/span>\u2013 <a href=\"http:\/\/www.blazejstrba.eu\/?file_id=39\">Mesi\u00e1\u0161ova kr\u00e1\u013eovsk\u00e1 moc<\/a> (preklad <a href=\"http:\/\/www.blazejstrba.eu\/lang\/sk\/worship-to-the-word\/zalmy\/zalm-72\">\u017d 72<\/a>).\u00a0 \/ (6. PSSP)<\/p>\n<p>21.II.2011 &#8211; Bo\u017ee m\u00f4j, pre\u010do si ma opustil (preklad \u017d 22). \/ (7. PSSP) \/ S\u017dkJ-I-03<\/p>\n<p>10.III.2011 &#8211; <a href=\"http:\/\/www.blazejstrba.eu\/?file_id=56\">P\u00e1n Je m\u00f4j pastier<\/a> (preklad <a href=\"http:\/\/www.blazejstrba.eu\/lang\/sk\/worship-to-the-word\/zalmy\/zalm-23\">\u017d 23<\/a>). \/ (8. PSSP) \/ S\u017dkJ-I-04<\/p>\n<p>21.III.2011 &#8211; H\u013ea prich\u00e1dzam (preklad <a href=\"http:\/\/www.blazejstrba.eu\/lang\/en\/worship-to-the-word\/zalmy\/zalm-40\/\">\u017d 40<\/a>). \/ (9.PSSP) \/ S\u017dkJ-I-08<\/p>\n<p>4.IV.2001 &#8211; <a href=\"http:\/\/www.blazejstrba.eu\/?file_id=78\">T\u00fa\u017eba po Bohu<\/a> (preklad <a href=\"http:\/\/www.blazejstrba.eu\/lang\/en\/worship-to-the-word\/zalmy\/zalm-42-43\/\">\u017d 42-43<\/a>) \/(10.PSSP) \/ S\u017dkJ-I-09<\/p>\n<p>2.V.2011 &#8211; <a href=\"http:\/\/www.blazejstrba.eu\/?file_id=51\">\u013d\u00fabostn\u00e1 piese\u0148<\/a> (preklad <a href=\"http:\/\/www.blazejstrba.eu\/lang\/en\/worship-to-the-word\/zalmy\/zalm-4\/\">\u017d 45<\/a>). \/ (11. PSSP)<\/p>\n<p>16. V. 2011 \u2014 Piese\u0148 o Immanuelovi (preklad <a href=\"http:\/\/www.blazejstrba.eu\/lang\/sk\/worship-to-the-word\/zalmy\/zalm-46\">\u017d 46<\/a>) \/ (12. PSSP)<\/p>\n<p>30. V. 2011 \u2014\u00a0 S\u00e1m seba nik nevyk\u00fapi (preklad <a href=\"http:\/\/www.blazejstrba.eu\/lang\/sk\/worship-to-the-word\/zalmy\/zalm-49\">\u017d 49<\/a>) \/ (13. PSSP)<\/p>\n<p>20. VI. 2011 \u2014 <span style=\"color: #000000;\">Spolo\u010dn\u00e9 spytovanie svedomia<\/span> (\u017d 50)\u00a0<strong> \/ <\/strong>(14. PSSP) \/ S\u017dkJ-II-01<\/p>\n<p><span style=\"color: #000000;\">3.X.2011 \u2013 <a href=\"http:\/\/www.blazejstrba.eu\/?file_id=64\">Vyznanie viny<\/a> (preklad <a href=\"http:\/\/www.blazejstrba.eu\/lang\/en\/worship-to-the-word\/zalmy\/zalm-51\">\u017d 51<\/a>)<\/span><strong> \/\u00a0 <\/strong>(15. PSSP) \/ S\u017dkJ-II-02<\/p>\n<p><span style=\"color: #000000;\">24.X.2011 \u2013 <a href=\"http:\/\/www.blazejstrba.eu\/?file_id=68\">Priate\u013esk\u00e9 slov\u00e1 alebo z\u00e1kern\u00e9 re\u010di<\/a> (preklad <a href=\"http:\/\/www.blazejstrba.eu\/lang\/sk\/worship-to-the-word\/zalmy\/zalm-55\">\u017d 55<\/a>)<\/span><strong> \/ <\/strong>(16. PSSP) \/ <a href=\"http:\/\/www.blazejstrba.eu\/?file_id=88\">S\u017dkJ-II-03<\/a><\/p>\n<p>7.XI.2011 \u2013<span style=\"color: #000000;\"> <a href=\"http:\/\/www.blazejstrba.eu\/?file_id=71\">Jedin\u00e1 opora v\u00a0Bo\u017eom slove<\/a> (preklad \u017d 56)<\/span><strong> \/ <\/strong>(17. PSSP)<\/p>\n<p><span style=\"color: #000000;\">21.XI.2011 \u2013 <a href=\"http:\/\/www.blazejstrba.eu\/?file_id=74\">Z\u00e1chrana spolo\u010denstva sa o\u010dak\u00e1va<\/a> (preklad \u017d 85) \/ <\/span>(18. PSSP)<\/p>\n<p><span style=\"color: #000000;\">5.XII.2011 \u2013 <a href=\"http:\/\/www.blazejstrba.eu\/?file_id=75\">\u013dudsk\u00e1 pomoc nesta\u010d\u00ed<\/a> (\u017d 60) <strong> \/ <\/strong>(19. PSSP)<\/span><\/p>\n<p><span style=\"color: #000000;\">19.XII.2011 \u2013 <a href=\"http:\/\/www.blazejstrba.eu\/?file_id=86\">Znovuobjavenie viery<\/a> (\u017d 73) \/ (20. PSSP) \/ <a href=\"http:\/\/www.blazejstrba.eu\/?file_id=101\">S\u017dkJ II-07<\/a><br \/>\n<\/span><\/p>\n<p>20.II.2012 \u2013 <a href=\"http:\/\/www.blazejstrba.eu\/?file_id=85\">Prorock\u00fd v\u00fdrok proti mocichtiv\u00e9mu<\/a> (\u017d 52)\u00a0 (21. PSSP)<\/p>\n<p><span style=\"color: #000000;\">5.III.2012<\/span> \u2013 <span style=\"color: #000000;\">Bolestn\u00e9 konfront\u00e1cie (\u017d 53-54)<\/span> (22. PSSP)<\/p>\n<p><span style=\"color: #000000;\">19.III.2012 \u2013 S\u00a0Bohom medzi levmi (\u017d 57)<\/span> (23. PSSP)<\/p>\n<p>23.IV.2012 \u2013 <span style=\"color: #000000;\">Opojen\u00ed had\u00edm jedom (\u017d 58)<\/span> (24. PSSP)<\/p>\n<p>7.V.2012 \u2013 Bolesti riskuj\u00faceho pre P\u00e1na (\u017d 69) (25. PSSP)<\/p>\n<p>21.V.2012 \u2013 Presaden\u00e1 Bo\u017eia vinica (\u017d 80) (26. PSSP)<\/p>\n<p>4.VI.2012 \u2013 Modlitba chvej\u00faceho sa srdca (\u017d 61) (27. PSSP)<\/p>\n<p>18.VI.2012 \u2013 \u00dato\u010dn\u00e9 jazyky versus priame srdcia (\u017d 64) (28. PSSP)<strong><\/strong><\/p>\n<p>24.IX.2012 \u2013 \u00dato\u010dn\u00ed nepriatelia (\u017d 59) (29. PSSP)<\/p>\n<p>8.X.2012 \u2013 \u00dato\u010di\u0161te, ale ak\u00e9 (\u017d 62) (30. PSSP)<\/p>\n<p>5.XI.2012 \u2013 Moj\u017ei\u0161ova \u00favaha o\u00a0\u010dase (\u017d 90) (31. PSSP)<\/p>\n<p>(?) 26.XI. 2012 \u2013 Pod ochranou Najvy\u0161\u0161ieho (\u017d 91) (32. PSSP)<\/p>\n<p>3.XII.2012 \u2013 Du\u0161a pln\u00e1 utrpenia (\u017d 88) (33. PSSP)<\/p>\n<p>4.III.2013 \u2013 Abecedou o\u00a0spravodlivom \u010dloveku (\u017d 112) (33. PSSP)<\/p>\n<p>18.III.2013 \u2013 Radostn\u00e1 spr\u00e1va o vysloboden\u00ed (\u017d 114) (34. PSSP)<\/p>\n<p>8.IV.2013 \u2013 <span style=\"color: #000000;\">Oslava Boha a\u017e naveky (\u017d 115)\u00a0<\/span> (35. PSSP)<\/p>\n<p>22.IV.2013 \u2013 \u017divot l\u00e1sky a d\u00f4very (\u017d 116)\u00a0 (36. PSSP)<\/p>\n<p>6.V.2013 \u2013 Liturgia v\u010fakyvzdania (\u017d 118) (37. PSSP)<\/p>\n<p>20.V.2013 \u2013 Putovanie do Jeruzalema (\u017d 122) (38. PSSP)<\/p>\n<p>3.VI.2013 \u2013 \u0160\u0165astn\u00fd a\u00a0po\u017eehnan\u00fd \u010dlovek (\u017d 127-128)\u00a0 (39. PSSP)<\/p>\n<p>17.VI.2013 \u2013 Volanie z hlb\u00edn (\u017d 130) (40. PSSPP)<\/p>\n","protected":false},"excerpt":{"rendered":"<p>Pravideln\u00e9 Pondel\u0148aj\u0161ie stretnutia nad Sv\u00e4t\u00fdm p\u00edsmom (PSSP) v benedikt\u00ednskom Kl\u00e1\u0161tore Premenenia P\u00e1na v dedinke Sampor. 11.X.2010 &#8212; Otvorenie \u017ealt\u00e1ra (preklad \u017d 1 a \u017d 2). (1. PSSP) \/ S\u017dkJ-I-01 25.X.2010 &#8212; Hymnus: \u010co\u017ee je \u010dlovek? (preklad \u017d 8 ). (2. PSSP) \/ S\u017dkJ-I-02 8.XI.2010 &#8212; Hymnus P\u00e1novej n\u00e1uke &#8211; T\u00f3re (preklad \u017d 19). (3. PSSP) &hellip; <a href=\"https:\/\/blazejstrba.eu\/en\/worship-to-the-word\/zalmy\/\" class=\"more-link\">Continue reading <span class=\"screen-reader-text\">\u017dalmy<\/span> <span class=\"meta-nav\">&rarr;<\/span><\/a><\/p>\n","protected":false},"author":2,"featured_media":0,"parent":95,"menu_order":10,"comment_status":"closed","ping_status":"open","template":"","meta":{"footnotes":""},"translation":{"provider":"WPGlobus","version":"3.0.0","language":"en","enabled_languages":["sk","en","it"],"languages":{"sk":{"title":true,"content":true,"excerpt":false},"en":{"title":false,"content":false,"excerpt":false},"it":{"title":false,"content":false,"excerpt":false}}},"_links":{"self":[{"href":"https:\/\/blazejstrba.eu\/en\/wp-json\/wp\/v2\/pages\/695"}],"collection":[{"href":"https:\/\/blazejstrba.eu\/en\/wp-json\/wp\/v2\/pages"}],"about":[{"href":"https:\/\/blazejstrba.eu\/en\/wp-json\/wp\/v2\/types\/page"}],"author":[{"embeddable":true,"href":"https:\/\/blazejstrba.eu\/en\/wp-json\/wp\/v2\/users\/2"}],"replies":[{"embeddable":true,"href":"https:\/\/blazejstrba.eu\/en\/wp-json\/wp\/v2\/comments?post=695"}],"version-history":[{"count":61,"href":"https:\/\/blazejstrba.eu\/en\/wp-json\/wp\/v2\/pages\/695\/revisions"}],"predecessor-version":[{"id":3265,"href":"https:\/\/blazejstrba.eu\/en\/wp-json\/wp\/v2\/pages\/695\/revisions\/3265"}],"up":[{"embeddable":true,"href":"https:\/\/blazejstrba.eu\/en\/wp-json\/wp\/v2\/pages\/95"}],"wp:attachment":[{"href":"https:\/\/blazejstrba.eu\/en\/wp-json\/wp\/v2\/media?parent=695"}],"curies":[{"name":"wp","href":"https:\/\/api.w.org\/{rel}","templated":true}]}}