{"id":657,"date":"2010-10-09T07:18:06","date_gmt":"2010-10-09T05:18:06","guid":{"rendered":"http:\/\/www.blazejstrba.eu\/"},"modified":"2020-03-21T12:06:27","modified_gmt":"2020-03-21T10:06:27","slug":"uvodsp","status":"publish","type":"page","link":"https:\/\/blazejstrba.eu\/en\/science\/study-materials\/uvodsp\/","title":{"rendered":"\u00davod do P\u00edsma"},"content":{"rendered":"<h4>Povaha predmetu<\/h4>\n<p>V\u0161eobecn\u00fd \u00favod do Sv\u00e4t\u00e9ho p\u00edsma sa venuje v\u0161eobecn\u00fdm ot\u00e1zkam s\u00favisiacim s\u00a0P\u00edsmom, t.j. Bibliou ako celkom. S\u00fa podstatn\u00e9 pre spr\u00e1vne ch\u00e1panie a\u00a0vykladanie Biblie. Ide o\u00a0t\u00e9my ako s\u00fa: sakr\u00e1lnos\u0165 posv\u00e4tn\u00fdch textov (u kres\u0165anov Biblie) ako tak\u00fdch vo v\u0161eobecnosti, \u010falej o vznik na\u0161ich kres\u0165ansk\u00fdch P\u00edsiem, dejiny biblick\u00e9ho textu. Predch\u00e1dzaj\u00fa ich teologick\u00e9 t\u00e9my ako: Bo\u017eie zjavenie, problematika k\u00e1nonu a\u00a0\u00fazko s\u00favisiacu problematiku in\u0161pir\u00e1cie, d\u00f4sledky, dejiny a\u00a0pravidl\u00e1 v\u00fdkladu Sv\u00e4t\u00e9ho p\u00edsma. Povahou sa teda \u00davod do Sv\u00e4t\u00e9ho P\u00edsma zaober\u00e1 z\u00e1kladn\u00fdmi charakteristikami Biblie, jej vznikom a\u00a0vierou, ktor\u00e1 je v\u00a0nej obsiahnut\u00e1.<\/p>\n<p>V\u0161eobecn\u00fd \u00favod je dopl\u0148ovan\u00fd nesk\u00f4r zvl\u00e1\u0161tnym \u00favodom, ktor\u00fd sa venuje viac jednotliv\u00fdm knih\u00e1m P\u00edsma. P\u00edsma obsahuj\u00fa toti\u017e Bo\u017eie slovo, ktor\u00e9 je z\u00e1kladom a du\u0161ou posv\u00e4tnej teol\u00f3gie (porov. DV 24).<\/p>\n<h4>Obsah predmetu<\/h4>\n<p>Obsahom predmetu tvoria tematick\u00e9 okruhy:<\/p>\n<p>1) Biblia ako posv\u00e4tn\u00fd text; 2) Zjavenie; 3) Trad\u00edcia; 4) In\u0161pir\u00e1cia; 5) K\u00e1non; 6) Text Sv\u00e4t\u00e9ho p\u00edsma; 7) Pravda Sv\u00e4t\u00e9ho p\u00edsma; 8) Hermeneutika.<\/p>\n<h4>Skript\u00e1<\/h4>\n<ul>\n<li><a href=\"https:\/\/www.blazejstrba.eu\/download\/vseobecny-uvod-do-svateho-pisma-2014\/\">V\u0161eobecn\u00fd \u00favod do Sv\u00e4t\u00e9ho p\u00edsma. Vysoko\u0161kolsk\u00e1 u\u010debnica<\/a> (2014)<\/li>\n<\/ul>\n<ul>\n<li>\u00a0<a href=\"http:\/\/www.blazejstrba.eu\/?file_id=151\">V\u0161eobecn\u00fd \u00favod do Sv\u00e4t\u00e9ho p\u00edsma. Skript\u00e1. Druh\u00e9 doplnen\u00e9 vydanie (2013)<\/a><\/li>\n<\/ul>\n<ul>\n<li>\u00a0<a href=\"https:\/\/www.blazejstrba.eu\/download\/skripta-vseobecny-uvod-do-sv-pisma-201\/\">V\u0161eobecn\u00fd \u00favod do Sv\u00e4t\u00e9ho p\u00edsma. Skript\u00e1 (2012)<\/a><\/li>\n<\/ul>\n","protected":false},"excerpt":{"rendered":"<p>Povaha predmetu V\u0161eobecn\u00fd \u00favod do Sv\u00e4t\u00e9ho p\u00edsma sa venuje v\u0161eobecn\u00fdm ot\u00e1zkam s\u00favisiacim s\u00a0P\u00edsmom, t.j. Bibliou ako celkom. S\u00fa podstatn\u00e9 pre spr\u00e1vne ch\u00e1panie a\u00a0vykladanie Biblie. Ide o\u00a0t\u00e9my ako s\u00fa: sakr\u00e1lnos\u0165 posv\u00e4tn\u00fdch textov (u kres\u0165anov Biblie) ako tak\u00fdch vo v\u0161eobecnosti, \u010falej o vznik na\u0161ich kres\u0165ansk\u00fdch P\u00edsiem, dejiny biblick\u00e9ho textu. Predch\u00e1dzaj\u00fa ich teologick\u00e9 t\u00e9my ako: Bo\u017eie zjavenie, problematika &hellip; <a href=\"https:\/\/blazejstrba.eu\/en\/science\/study-materials\/uvodsp\/\" class=\"more-link\">Continue reading <span class=\"screen-reader-text\">\u00davod do P\u00edsma<\/span> <span class=\"meta-nav\">&rarr;<\/span><\/a><\/p>\n","protected":false},"author":2,"featured_media":0,"parent":41,"menu_order":0,"comment_status":"closed","ping_status":"closed","template":"","meta":{"footnotes":""},"translation":{"provider":"WPGlobus","version":"3.0.0","language":"en","enabled_languages":["sk","en","it"],"languages":{"sk":{"title":true,"content":true,"excerpt":false},"en":{"title":false,"content":false,"excerpt":false},"it":{"title":false,"content":false,"excerpt":false}}},"_links":{"self":[{"href":"https:\/\/blazejstrba.eu\/en\/wp-json\/wp\/v2\/pages\/657"}],"collection":[{"href":"https:\/\/blazejstrba.eu\/en\/wp-json\/wp\/v2\/pages"}],"about":[{"href":"https:\/\/blazejstrba.eu\/en\/wp-json\/wp\/v2\/types\/page"}],"author":[{"embeddable":true,"href":"https:\/\/blazejstrba.eu\/en\/wp-json\/wp\/v2\/users\/2"}],"replies":[{"embeddable":true,"href":"https:\/\/blazejstrba.eu\/en\/wp-json\/wp\/v2\/comments?post=657"}],"version-history":[{"count":25,"href":"https:\/\/blazejstrba.eu\/en\/wp-json\/wp\/v2\/pages\/657\/revisions"}],"predecessor-version":[{"id":6094,"href":"https:\/\/blazejstrba.eu\/en\/wp-json\/wp\/v2\/pages\/657\/revisions\/6094"}],"up":[{"embeddable":true,"href":"https:\/\/blazejstrba.eu\/en\/wp-json\/wp\/v2\/pages\/41"}],"wp:attachment":[{"href":"https:\/\/blazejstrba.eu\/en\/wp-json\/wp\/v2\/media?parent=657"}],"curies":[{"name":"wp","href":"https:\/\/api.w.org\/{rel}","templated":true}]}}