{"id":25,"date":"2010-04-16T22:15:21","date_gmt":"2010-04-16T20:15:21","guid":{"rendered":"http:\/\/www.blazejstrba.eu\/?page_id=25"},"modified":"2021-07-22T14:25:05","modified_gmt":"2021-07-22T12:25:05","slug":"biography","status":"publish","type":"page","link":"https:\/\/blazejstrba.eu\/en\/biography\/","title":{"rendered":"\u017divotopis"},"content":{"rendered":"<p><span style=\"font-weight: bold;\"><a href=\"http:\/\/www.blazejstrba.eu\/wp-content\/uploads\/blazej_strba_kaplnka_seminar.jpg\"><img loading=\"lazy\" decoding=\"async\" class=\"alignright size-thumbnail wp-image-84\" title=\"blazej_strba_kaplnka_seminar\" src=\"http:\/\/www.blazejstrba.eu\/wp-content\/uploads\/blazej_strba_kaplnka_seminar-150x150.jpg\" alt=\"\" width=\"150\" height=\"150\" \/><\/a>Bla\u017eej Franti\u0161ek \u0160trba<br \/>\n<\/span>was born in Nov\u00e1 Ba\u0148a (1971), Slovakia. A catholic priest (1997) incardinated in the Diocese of Bansk\u00e1 Bystrica.<\/p>\n<p>His doctoral thesis <em>Take<\/em> off your sandals from your feet! An exegetical study of Josh 5,13\u201315, was submitted and defended in 2006 at the Faculty of Biblical Sciences and Archaeology (Studium Biblicum Franciscanum) of the Pontifical University Antonianum in Jerusalem.<\/p>\n<p>Since 2006 he has been teaching in Bad\u00edn the Theological Faculty of Comenius University in Bratislava at the Department of Biblical sciences. He is the editor-in-chief of the scientific biblical journal\u00a0<a href=\"https:\/\/biblica.sk\/en\/\"><em>Studia Biblica Slovaca<\/em><\/a>. As an invited professor he teaches also in Jersusalem at the Faculty of Biblical Sciences and Archaeology since the academic year 2013, in the second term. Since December 2020 he is a member of the <a href=\"https:\/\/www.vatican.va\/roman_curia\/congregations\/cfaith\/pcb_documents\/rc_con_cfaith_pro_14071997_pcbible_en.html\">Pontifical Biblical Commission<\/a>.<\/p>\n","protected":false},"excerpt":{"rendered":"<p>Bla\u017eej Franti\u0161ek \u0160trba was born in Nov\u00e1 Ba\u0148a (1971), Slovakia. A catholic priest (1997) incardinated in the Diocese of Bansk\u00e1 Bystrica. His doctoral thesis Take off your sandals from your feet! An exegetical study of Josh 5,13\u201315, was submitted and defended in 2006 at the Faculty of Biblical Sciences and Archaeology (Studium Biblicum Franciscanum) of &hellip; <a href=\"https:\/\/blazejstrba.eu\/en\/biography\/\" class=\"more-link\">Continue reading <span class=\"screen-reader-text\">\u017divotopis<\/span> <span class=\"meta-nav\">&rarr;<\/span><\/a><\/p>\n","protected":false},"author":1,"featured_media":0,"parent":0,"menu_order":1,"comment_status":"closed","ping_status":"closed","template":"","meta":{"footnotes":""},"translation":{"provider":"WPGlobus","version":"3.0.0","language":"en","enabled_languages":["sk","en","it"],"languages":{"sk":{"title":true,"content":true,"excerpt":false},"en":{"title":false,"content":true,"excerpt":false},"it":{"title":false,"content":false,"excerpt":false}}},"_links":{"self":[{"href":"https:\/\/blazejstrba.eu\/en\/wp-json\/wp\/v2\/pages\/25"}],"collection":[{"href":"https:\/\/blazejstrba.eu\/en\/wp-json\/wp\/v2\/pages"}],"about":[{"href":"https:\/\/blazejstrba.eu\/en\/wp-json\/wp\/v2\/types\/page"}],"author":[{"embeddable":true,"href":"https:\/\/blazejstrba.eu\/en\/wp-json\/wp\/v2\/users\/1"}],"replies":[{"embeddable":true,"href":"https:\/\/blazejstrba.eu\/en\/wp-json\/wp\/v2\/comments?post=25"}],"version-history":[{"count":44,"href":"https:\/\/blazejstrba.eu\/en\/wp-json\/wp\/v2\/pages\/25\/revisions"}],"predecessor-version":[{"id":6463,"href":"https:\/\/blazejstrba.eu\/en\/wp-json\/wp\/v2\/pages\/25\/revisions\/6463"}],"wp:attachment":[{"href":"https:\/\/blazejstrba.eu\/en\/wp-json\/wp\/v2\/media?parent=25"}],"curies":[{"name":"wp","href":"https:\/\/api.w.org\/{rel}","templated":true}]}}