{"id":193,"date":"2010-05-31T14:56:44","date_gmt":"2010-05-31T12:56:44","guid":{"rendered":"http:\/\/www.blazejstrba.eu\/?page_id=193"},"modified":"2019-08-03T23:01:35","modified_gmt":"2019-08-03T21:01:35","slug":"conferences","status":"publish","type":"page","link":"https:\/\/blazejstrba.eu\/en\/science\/conferences\/","title":{"rendered":"Conferences"},"content":{"rendered":"<h3>Angeol\u00f3gia a jej s\u00fa\u010dasn\u00e9 interpret\u00e1cie, 11. marca 2009<\/h3>\n<p><a href=\"http:\/\/www.blazejstrba.eu\/wp-content\/uploads\/ADAM-Angeologia.jpg\"><img loading=\"lazy\" decoding=\"async\" class=\"alignleft size-thumbnail wp-image-1308\" title=\"ADAM, Angeologia\" src=\"http:\/\/www.blazejstrba.eu\/wp-content\/uploads\/ADAM-Angeologia-150x150.jpg\" alt=\"\" width=\"76\" height=\"76\" \/><\/a>Katedra Dogmatickej teol\u00f3gie R\u00edmskokatol\u00edckej cyrilometodskej bohosloveckej fakulta Univerzity Komensk\u00e9ho v Bratislave, organizovala 11.3.2009 medzin\u00e1rodn\u00fa vedeck\u00fa konferenciu na t\u00e9mu Angeol\u00f3gia a jej s\u00fa\u010dasn\u00e9 interpret\u00e1cie.<\/p>\n<p>Pr\u00edspevok o biblickej biografii Satana na stiahnutie <a href=\"http:\/\/www.blazejstrba.eu\/?file_id=47\">tu<\/a>.<\/p>\n<h3>Colloquium Biblicum Lovaniense, 26th &#8211; 28th July 2010<strong><strong><br \/>\n<\/strong><\/strong><\/h3>\n<p><a href=\"http:\/\/www.blazejstrba.eu\/wp-content\/uploads\/KUL-1425.jpg\"><img loading=\"lazy\" decoding=\"async\" class=\"alignleft size-full wp-image-468\" style=\"margin-top: 2px; margin-bottom: 2px;\" title=\"KUL-1425\" src=\"http:\/\/www.blazejstrba.eu\/wp-content\/uploads\/KUL-1425.jpg\" alt=\"\" width=\"75\" height=\"75\" \/><\/a>Teologick\u00e1 fakulta Katol\u00edckej univerzity v Lueven (Belgicko) organizuje v d\u0148och 26.-28. j\u00fala 2010 59. ro\u010dn\u00edk biblick\u00fdch d\u0148ov v Leuven<em>Colloquium Biblicum Lovaniense <\/em>n\u00e1zvom <strong><strong>Kniha Jozue a zem Izraela. <\/strong><\/strong>Biblick\u00fa konferenciu otvor\u00ed jej predseda prof. <a href=\"http:\/\/www.rug.nl\/staff\/e.noort\/index\">Ed Noort<\/a><strong>.<br \/>\n<\/strong><\/p>\n<p>Viac inform\u00e1ci\u00ed na web str\u00e1nke <a href=\"http:\/\/theo.kuleuven.be\/page\/centr_collbibl_2010\/\">Teologickej fakulty<\/a>.<\/p>\n<h3>Congress of IOSCS 29th &#8211; 31st July, 2010, Helsinki<\/h3>\n<p><strong><a href=\"http:\/\/www.blazejstrba.eu\/wp-content\/uploads\/logo-IOSCS.gif\"><img loading=\"lazy\" decoding=\"async\" class=\"alignleft size-full wp-image-481\" title=\"logo-IOSCS\" src=\"http:\/\/www.blazejstrba.eu\/wp-content\/uploads\/logo-IOSCS.gif\" alt=\"\" width=\"75\" height=\"80\" \/><\/a><\/strong>Medzin\u00e1rodn\u00e1 organiz\u00e1cia pre Septuagintu a pr\u00edbuzn\u00e9 \u0161t\u00fadi\u00e1 (<a href=\"http:\/\/ccat.sas.upenn.edu\/ioscs\/\">IOSCS<\/a> &#8211; The International Organization for Septuagint and Cognate Studies) organizovala v d\u0148och 29.-31 j\u00fala 2010, svoj 14. kongres na p\u00f4de Univerzity v Helsink\u00e1ch.Kongres zah\u00e1jil profesor Leonard Greenspoon s predn\u00e1\u0161kou <em>\u201cThe 72\u201d in the \u201cNaught Decade\u201d: Septuagint Studies, 2000\u20132009<\/em>. Na z\u00e1ver kongresu bola\u00a0 panelov\u00e1 diskusia na t\u00e9mu Po\u010diatky Septuaginty, s hlavn\u00fdmi predn\u00e1\u0161ate\u013emi: A. Aejmelaeus, J. Aitken, K. De Troyer and A. van der Kooij. Podrobn\u00fd program <a href=\"http:\/\/ccat.sas.upenn.edu\/ioscs\/helsinki2010\/programme.html\">tu<\/a>.<\/p>\n<h3>Congress of IOSOT 1st\u20136th August, 2010, Helsinki<\/h3>\n<p><a href=\"http:\/\/www.blazejstrba.eu\/wp-content\/uploads\/UNI-Main-Building.jpg\"><img loading=\"lazy\" decoding=\"async\" class=\"alignleft size-thumbnail wp-image-451\" style=\"margin-top: 2px; margin-bottom: 2px;\" title=\"UNI Helsinki - Main Building\" src=\"http:\/\/www.blazejstrba.eu\/wp-content\/uploads\/UNI-Main-Building-150x81.jpg\" alt=\"\" width=\"75\" height=\"75\" \/><\/a>Medzin\u00e1rodn\u00e1 organiz\u00e1cia pre \u0161t\u00fadium Star\u00e9ho z\u00e1kona &#8211; <strong>The International Organization for the Study of the Old Testament <\/strong>(IOSOT) &#8211; usporad\u00fava v porad\u00ed u\u017e <a href=\"http:\/\/www.helsinki.fi\/teol\/pro\/iosot\"><strong>20. kongres<\/strong> <\/a><strong><a href=\"http:\/\/www.helsinki.fi\/teol\/pro\/iosot\">IOSOST<\/a> <\/strong>tejto spolo\u010dnosti, ktor\u00fd sa bude kona\u0165 v <strong>Helsink\u00e1ch<\/strong> v d\u0148och <strong>1.-6. augusta 2010<\/strong>. Kongres sa organizuje ka\u017ed\u00e9 tri roky a jedn\u00fdm z d\u00f4le\u017eit\u00fdch v\u00fdstupov tohto podujatia s\u00fa vedeck\u00e9 zborn\u00edky, publikovan\u00e9 vydavate\u013estvom Brill v ed\u00edcii Vetus Testamentum, Supplements (VTS). Z posledn\u00e9ho 19. kongresu IOSOT, ktor\u00fd sa konal v Ljubljane v roku 2007, bol publikovan\u00fd zborn\u00edk <em><a href=\"http:\/\/www.brill.nl\/default.aspx?partid=210&amp;pid=34862\">Congress Volume Ljubljana 2007<\/a><\/em> ako 133. zv\u00e4zok VTS.<\/p>\n<h3>Konferencia na t\u00e9mu Z\u00e1kon a sloboda v Olomouci, 23.-24. m\u00e1ja 2011<\/h3>\n<p><a href=\"http:\/\/www.blazejstrba.eu\/wp-content\/uploads\/CMTF-UK-v-Olomouci-logo.jpg\"><img loading=\"lazy\" decoding=\"async\" class=\"size-thumbnail wp-image-1489 \" title=\"CMTF UK v Olomouci - logo\" src=\"http:\/\/www.blazejstrba.eu\/wp-content\/uploads\/CMTF-UK-v-Olomouci-logo-150x150.jpg\" alt=\"\" width=\"62\" height=\"62\" srcset=\"https:\/\/blazejstrba.eu\/wp-content\/uploads\/CMTF-UK-v-Olomouci-logo-150x150.jpg 150w, https:\/\/blazejstrba.eu\/wp-content\/uploads\/CMTF-UK-v-Olomouci-logo.jpg 224w\" sizes=\"(max-width: 62px) 100vw, 62px\" \/><\/a><\/p>\n<p>Cyrilometod\u011bjsk\u00e1 teologick\u00e1 fakulta Univerzity Palack\u00e9ho (CMTF UP) v spolupr\u00e1ci s \u010cesk\u00fdm katol\u00edckym biblick\u00fdm dielom organizovala medzin\u00e1rodn\u00fa konferenciu na t\u00e9mu <strong><em>Z\u00e1kon a svoboda \u2013 <\/em><\/strong><em><strong>staroz\u00e1konn\u00ed texty k problematice Z\u00e1kona a svobody a jejich interpretace v Nov\u00e9m z\u00e1kon\u011b<\/strong><\/em>. Konferencia sa\u00a0 uskuto\u010dnila\u00a0v d\u0148och 23. a 24. m\u00e1ja 2011\u00a0 na CMTF UP v Olomouci. Na konferencii predniesli pr\u00edspevky biblisti z Nemecka, Rak\u00faska, Slovenska a \u010ceskej republiky.<\/p>\n<p>predn\u00e1\u0161ky, uverejnen\u00e9 v angli\u010dtine alebo nem\u010dine bud\u00fa uverejnen\u00e9 v \u010dasopise v \u010dasopise <em>Acta Universitatis Palackianae, Series theologica<\/em>.<\/p>\n<p>Viac na webovskej str\u00e1nke <a href=\"http:\/\/www.cmtf.upol.cz\/aktualita\/clanek\/tema-konference-na-cmtf-zakon-asvoboda-ve-starozakonnich-textech\/\">CMTF UP<\/a>.<\/p>\n<h3>Katol\u00edcka teol\u00f3gia v dne\u0161nom svete, 14.-15. november 2011, Bratislava<\/h3>\n<p><a href=\"http:\/\/www.blazejstrba.eu\/wp-content\/uploads\/RKCMBF-logo-nove.gif\"><img loading=\"lazy\" decoding=\"async\" class=\"alignleft size-full wp-image-2094\" title=\"RKCMBF - logo nove\" src=\"http:\/\/www.blazejstrba.eu\/wp-content\/uploads\/RKCMBF-logo-nove.gif\" alt=\"\" width=\"77\" height=\"77\" \/><\/a>R\u00edmskokatol\u00edcka cyrilometodsk\u00e1 bohosloveck\u00e1 fakulta UK v Bratislave (RKCMBF UK) organizuje vedeck\u00fa konferenciu s medzin\u00e1rodnou \u00fa\u010das\u0165ou <a href=\"http:\/\/www.frcth.uniba.sk\/fileadmin\/user_upload\/dokumenty\/2011_11_15-Konferencia.pdf\">\u201e<em>Katol\u00edcka teol\u00f3gia v dne\u0161nom svete. Reflexie ad intra et ad extra<\/em>\u201c<\/a>, ktor\u00e1 sa uskuto\u010dn\u00ed d\u0148a <strong>15. novembra 2011<\/strong> pri pr\u00edle\u017eitosti 75. v\u00fdro\u010dia fakulty.<\/p>\n<p>Cie\u013eom konferencie je podpori\u0165 diskusiu teol\u00f3gov o poz\u00edcii katol\u00edckej teol\u00f3gie dnes. Konferencia je zameran\u00e1 jednak dovn\u00fatra teologick\u00fdch discipl\u00edn a jednak sa zameriava na teol\u00f3giu navonok.<\/p>\n<p>Powerpointov\u00e1 prezent\u00e1cie jednej predn\u00e1\u0161ky <a href=\"..\/?file_id=73\"><em>H\u013eadanie pokory<\/em><\/a>.<\/p>\n<h3>Konferencia \u017dalmy<\/h3>\n<figure id=\"attachment_4440\" aria-describedby=\"caption-attachment-4440\" style=\"width: 105px\" class=\"wp-caption alignleft\"><a href=\"http:\/\/www.blazejstrba.eu\/science\/conferences\/kz-logo-2\/\" rel=\"attachment wp-att-4440\"><img loading=\"lazy\" decoding=\"async\" class=\"wp-image-4440\" src=\"http:\/\/www.blazejstrba.eu\/wp-content\/uploads\/KZ-LOGO-1-150x150.jpg\" width=\"105\" height=\"36\" srcset=\"https:\/\/blazejstrba.eu\/wp-content\/uploads\/KZ-LOGO-1-300x104.jpg 300w, https:\/\/blazejstrba.eu\/wp-content\/uploads\/KZ-LOGO-1-768x266.jpg 768w, https:\/\/blazejstrba.eu\/wp-content\/uploads\/KZ-LOGO-1-1024x355.jpg 1024w, https:\/\/blazejstrba.eu\/wp-content\/uploads\/KZ-LOGO-1-700x242.jpg 700w, https:\/\/blazejstrba.eu\/wp-content\/uploads\/KZ-LOGO-1-1080x374.jpg 1080w, https:\/\/blazejstrba.eu\/wp-content\/uploads\/KZ-LOGO-1.jpg 1299w\" sizes=\"(max-width: 105px) 100vw, 105px\" \/><\/a><figcaption id=\"caption-attachment-4440\" class=\"wp-caption-text\">Logo Konferencie \u017dalmy<\/figcaption><\/figure>\n<p>V d\u0148och 13. &#8211; 14. septembra 2012 sa v Bad\u00edne konala konferencie na t\u00e9mu <a href=\"http:\/\/biblica.sk\/wp-content\/uploads\/KZ-04-Oznam-web-FINAL.pdf\"><em>\u017dALMY \u2013 z poh\u013eadu ich autorov a neskor\u0161ej recepcie<\/em><\/a>. Konferenciu organizovali RKCMBF UK v spolupr\u00e1ci s TF TU, TF KU a GTF PU (viac <em><strong><a href=\"http:\/\/biblica.sk\/lang\/en\/prednasky\/conferences\/zalmy\/\">tu<\/a><\/strong><\/em>).<\/p>\n<h3>Congress of IOSOT 4th-9th August, 2013, Munich<\/h3>\n<figure id=\"attachment_3230\" aria-describedby=\"caption-attachment-3230\" style=\"width: 105px\" class=\"wp-caption alignleft\"><a href=\"http:\/\/www.blazejstrba.eu\/wp-content\/uploads\/iosot-logo-2013.jpg\"><img loading=\"lazy\" decoding=\"async\" class=\" wp-image-3230 \" src=\"http:\/\/www.blazejstrba.eu\/wp-content\/uploads\/iosot-logo-2013-150x150.jpg\" alt=\"IOSOT 2013\" width=\"105\" height=\"105\" \/><\/a><figcaption id=\"caption-attachment-3230\" class=\"wp-caption-text\">IOSOT 2013<\/figcaption><\/figure>\n<p>V d\u0148och<strong> 4. &#8211; 9. augusta 2013 <\/strong>sa v<strong> Mn\u00edchove <\/strong>konal<strong> kongres IOSOT<\/strong> (= International Organization for the Study of the Old Testament). IOSOT 2013 alebo in\u00e1\u010d 21. kongres Medzin\u00e1rodnej organiz\u00e1cie pre \u0161t\u00fadium Star\u00e9ho z\u00e1kona sa uskuto\u010dnil na p\u00f4de Ludwig-Maximilians-Univerzity.<\/p>\n<p>Okrem 15 hlavn\u00fdch predn\u00e1\u0161ok, desiatok semin\u00e1rov a viac ako stovky mal\u00fdch predn\u00e1\u0161ok, kongres mal pre cca 600 \u00fa\u010dastn\u00edkov bohat\u00fd kult\u00farno-n\u00e1bo\u017eensk\u00fd program (viac na <a href=\"http:\/\/www.en.iosot2013.evtheol.uni-muenchen.de\/program\/index.html\">webovskej str\u00e1nke kongresu<\/a>).<\/p>\n<p>Na IOSOT 2013 v Mn\u00edchove sa akt\u00edvne z\u00fa\u010dastnili aj slovensk\u00ed biblisti Peter Dubovsk\u00fd\u00a0SJ\u00a0 (\u201c1 Kings 6\u20137: How many temples?\u201d) a Bla\u017eej \u0160trba<strong>\u00a0<\/strong>(\u201cOne prophet like Moses within the Hexateuch\u201d).<\/p>\n<h3><output>Cel\u00e9 P\u00edsmo je Bohom vnuknut\u00e9 (2Tim 3,16)<\/output>, 1. December 2016, Bratislava<\/h3>\n<p><a href=\"http:\/\/www.blazejstrba.eu\/wp-content\/uploads\/RKCMBF-logo-nove.gif\"><img loading=\"lazy\" decoding=\"async\" class=\"alignleft size-full wp-image-2094\" title=\"RKCMBF - logo nove\" src=\"http:\/\/www.blazejstrba.eu\/wp-content\/uploads\/RKCMBF-logo-nove.gif\" alt=\"\" width=\"77\" height=\"77\" \/><\/a>R\u00edmskokatol\u00edcka cyrilometodsk\u00e1 bohosloveck\u00e1 fakulta UK v Bratislave (RKCMBF UK) organizovala vedeck\u00fa konferenciu s medzin\u00e1rodnou \u00fa\u010das\u0165ou s n\u00e1zvom <em><strong><output>Cel\u00e9 P\u00edsmo je Bohom vnuknut\u00e9 (2Tim 3,16)<\/output><\/strong>.<\/em> <output>Nov\u00e9 poh\u013eady na in\u0161pir\u00e1ciu a\u00a0pravdu Sv\u00e4t\u00e9ho p\u00edsma vo svetle nov\u00e9ho dokumentu P\u00e1pe\u017eskej biblickej komisie (2014)<\/output> pri pr\u00edle\u017eitosti 75. v\u00fdro\u010dia fakulty.<\/p>\n<p>Cie\u013eom konferencie je predstavi\u0165 dokument P\u00e1pe\u017eskej biblickej komisie o In\u0161pir\u00e1cii a pravda Sv\u00e4t\u00e9ho p\u00edsma a v\u00fdzvach, ktor\u00e9 biblick\u00fd text predklad\u00e1 pre teol\u00f3giu a pre dne\u0161n\u00e9ho \u010ditate\u013ea.<\/p>\n<h3>Congress of IOSOT 4th-9th August, 2019, Aberdeen<\/h3>\n<p><a href=\"https:\/\/www.blazejstrba.eu\/science\/conferences\/logo-iosot-2019\/\" rel=\"attachment wp-att-5958\"><img loading=\"lazy\" decoding=\"async\" class=\"alignleft wp-image-5958 size-thumbnail\" src=\"https:\/\/www.blazejstrba.eu\/wp-content\/uploads\/Logo-IOSOT-2019-150x150.jpg\" alt=\"\" width=\"150\" height=\"150\" data-wp-editing=\"1\" \/><\/a>V d\u0148och<strong> 4. &#8211; 9. augusta 2019 <\/strong>sa v \u0161kotskom meste <strong>Aberdeen <\/strong>kon\u00e1<strong> 23. kongres IOSOT<\/strong> (= International Organization for the Study of the Old Testament). IOSOT 2019 Medzin\u00e1rodnej organiz\u00e1cie pre \u0161t\u00fadium Star\u00e9ho z\u00e1kona sa uskuto\u010dn\u00ed na p\u00f4de Univerzity Aberdeen.<\/p>\n<p>Okrem 18 hlavn\u00fdch predn\u00e1\u0161ok, desiatok semin\u00e1rov a viac ako stovky mal\u00fdch predn\u00e1\u0161ok, kongres pon\u00faka pre circa pol tis\u00edca \u00fa\u010dastn\u00edkov aj bohat\u00fd kult\u00farno-n\u00e1bo\u017eensk\u00fd program (viac na <a href=\"https:\/\/www.abdn.ac.uk\/events\/conferences\/iosot\/index.php\">webovskej str\u00e1nke kongresu<\/a>).<\/p>\n","protected":false},"excerpt":{"rendered":"<p>Angeol\u00f3gia a jej s\u00fa\u010dasn\u00e9 interpret\u00e1cie, 11. marca 2009 Katedra Dogmatickej teol\u00f3gie R\u00edmskokatol\u00edckej cyrilometodskej bohosloveckej fakulta Univerzity Komensk\u00e9ho v Bratislave, organizovala 11.3.2009 medzin\u00e1rodn\u00fa vedeck\u00fa konferenciu na t\u00e9mu Angeol\u00f3gia a jej s\u00fa\u010dasn\u00e9 interpret\u00e1cie. Pr\u00edspevok o biblickej biografii Satana na stiahnutie tu. Colloquium Biblicum Lovaniense, 26th &#8211; 28th July 2010 Teologick\u00e1 fakulta Katol\u00edckej univerzity v Lueven (Belgicko) organizuje &hellip; <a href=\"https:\/\/blazejstrba.eu\/en\/science\/conferences\/\" class=\"more-link\">Continue reading <span class=\"screen-reader-text\">Conferences<\/span> <span class=\"meta-nav\">&rarr;<\/span><\/a><\/p>\n","protected":false},"author":2,"featured_media":0,"parent":38,"menu_order":1,"comment_status":"closed","ping_status":"closed","template":"","meta":{"footnotes":""},"translation":{"provider":"WPGlobus","version":"3.0.0","language":"en","enabled_languages":["sk","en","it"],"languages":{"sk":{"title":true,"content":true,"excerpt":false},"en":{"title":false,"content":false,"excerpt":false},"it":{"title":false,"content":false,"excerpt":false}}},"_links":{"self":[{"href":"https:\/\/blazejstrba.eu\/en\/wp-json\/wp\/v2\/pages\/193"}],"collection":[{"href":"https:\/\/blazejstrba.eu\/en\/wp-json\/wp\/v2\/pages"}],"about":[{"href":"https:\/\/blazejstrba.eu\/en\/wp-json\/wp\/v2\/types\/page"}],"author":[{"embeddable":true,"href":"https:\/\/blazejstrba.eu\/en\/wp-json\/wp\/v2\/users\/2"}],"replies":[{"embeddable":true,"href":"https:\/\/blazejstrba.eu\/en\/wp-json\/wp\/v2\/comments?post=193"}],"version-history":[{"count":32,"href":"https:\/\/blazejstrba.eu\/en\/wp-json\/wp\/v2\/pages\/193\/revisions"}],"predecessor-version":[{"id":5960,"href":"https:\/\/blazejstrba.eu\/en\/wp-json\/wp\/v2\/pages\/193\/revisions\/5960"}],"up":[{"embeddable":true,"href":"https:\/\/blazejstrba.eu\/en\/wp-json\/wp\/v2\/pages\/38"}],"wp:attachment":[{"href":"https:\/\/blazejstrba.eu\/en\/wp-json\/wp\/v2\/media?parent=193"}],"curies":[{"name":"wp","href":"https:\/\/api.w.org\/{rel}","templated":true}]}}