{"id":1515,"date":"2011-05-30T23:11:01","date_gmt":"2011-05-30T21:11:01","guid":{"rendered":"http:\/\/www.blazejstrba.eu\/"},"modified":"2011-11-08T23:13:14","modified_gmt":"2011-11-08T21:13:14","slug":"zalm-49","status":"publish","type":"page","link":"https:\/\/blazejstrba.eu\/en\/worship-to-the-word\/zalmy\/zalm-49\/","title":{"rendered":"\u017d 49 &#8211; S\u00e1m seba nik nevyk\u00fapi"},"content":{"rendered":"<table style=\"height: 738px;\" border=\"1\" cellspacing=\"0\" cellpadding=\"0\" width=\"558\">\n<tbody>\n<tr>\n<td width=\"28\" valign=\"top\">1<\/td>\n<td width=\"416\" valign=\"top\"><em>Zbormajstrovi. Koreho synov.<\/em><em><\/em><\/td>\n<\/tr>\n<tr>\n<td width=\"28\" valign=\"top\">2a<\/td>\n<td width=\"416\" valign=\"top\">\u010cujte to,   v\u0161etky n\u00e1rody,<\/td>\n<\/tr>\n<tr>\n<td width=\"28\" valign=\"top\">2b<\/td>\n<td width=\"416\" valign=\"top\">po\u010d\u00favajte,   v\u0161etci obyvatelia zeme;<\/td>\n<\/tr>\n<tr>\n<td width=\"28\" valign=\"top\">3a<\/td>\n<td width=\"416\" valign=\"top\">vy v\u0161etci,   prost\u00ed aj vzne\u0161en\u00ed,<\/td>\n<\/tr>\n<tr>\n<td width=\"28\" valign=\"top\">3b<\/td>\n<td width=\"416\" valign=\"top\">v\u0161etci vospolok, bohat\u00ed aj   chudobn\u00ed.<\/td>\n<\/tr>\n<tr>\n<td width=\"28\" valign=\"top\">4a<\/td>\n<td width=\"416\" valign=\"top\">Moje \u00fasta <strong>bud\u00fa   hovori\u0165<\/strong> m\u00fadros\u0165<\/td>\n<\/tr>\n<tr>\n<td width=\"28\" valign=\"top\">4b<\/td>\n<td width=\"416\" valign=\"top\">a <strong>\u0161epotanie   m\u00f4jho srdca<\/strong> (bude\/s\u00fa) rozumnosti.<\/td>\n<\/tr>\n<tr>\n<td width=\"28\" valign=\"top\">5a<\/td>\n<td width=\"416\" valign=\"top\">K pr\u00edsloviam   ucho <strong>naklon\u00edm<\/strong>,<\/td>\n<\/tr>\n<tr>\n<td width=\"28\" valign=\"top\">5b<\/td>\n<td width=\"416\" valign=\"top\">vysvetl\u00edm <strong>s\u00a0citarou   svoju z\u00e1hadu<\/strong>.<\/td>\n<\/tr>\n<tr>\n<td width=\"28\" valign=\"top\">6a<\/td>\n<td width=\"416\" valign=\"top\">\u201ePre\u010do by som sa mal strachova\u0165 v d\u0148och   ne\u0161\u0165astn\u00fdch,<\/td>\n<\/tr>\n<tr>\n<td width=\"28\" valign=\"top\">6b<\/td>\n<td width=\"416\" valign=\"top\">(ke\u010f) zloba t\u00fdch, \u010do mi chc\u00fa nohy podrazi\u0165,   <strong>ma obk\u013eu\u010duje<\/strong>?\u201c<\/td>\n<\/tr>\n<tr>\n<td width=\"28\" valign=\"top\">7a<\/td>\n<td width=\"416\" valign=\"top\">(to s\u00fa) <strong>T\u00ed<\/strong>,   \u010do sa <em>spoliehaj\u00fa<\/em> na svoju silu<\/td>\n<\/tr>\n<tr>\n<td width=\"28\" valign=\"top\">7b<\/td>\n<td width=\"416\" valign=\"top\">a <strong><em>chvastaj\u00fa<\/em><\/strong> sa <strong>obrovsk\u00fdm <\/strong>bohatstvom?<\/td>\n<\/tr>\n<tr>\n<td width=\"28\" valign=\"top\">8a<\/td>\n<td width=\"416\" valign=\"top\">(Ve\u010f) <strong>brat<\/strong> <em>nevyk\u00fapi<\/em> <strong>in\u00e9ho<\/strong>,<\/td>\n<\/tr>\n<tr>\n<td width=\"28\" valign=\"top\">8b<\/td>\n<td width=\"416\" valign=\"top\">ani <strong>ned\u00e1<\/strong> Bohu v\u00fdkupn\u00e9 za seba.<\/td>\n<\/tr>\n<tr>\n<td width=\"28\" valign=\"top\">9a<\/td>\n<td width=\"416\" valign=\"top\">Cena za   vyk\u00fapenie \u017eivota je pr\u00edli\u0161 vysok\u00e1;<\/td>\n<\/tr>\n<tr>\n<td width=\"28\" valign=\"top\">9b<\/td>\n<td width=\"416\" valign=\"top\"><strong>Naveky sa bude   musie\u0165 zrieka\u0165<\/strong>,<\/td>\n<\/tr>\n<tr>\n<td width=\"28\" valign=\"top\">10a<\/td>\n<td width=\"416\" valign=\"top\">aby \u010dlovek   \u017eil naveky<\/td>\n<\/tr>\n<tr>\n<td width=\"28\" valign=\"top\">10b<\/td>\n<td width=\"416\" valign=\"top\">a <strong>jamu<\/strong> neuzrel.<strong><\/strong><\/td>\n<\/tr>\n<tr>\n<td width=\"28\" valign=\"top\">11a<\/td>\n<td width=\"416\" valign=\"top\">Ve\u010f vid\u00ed, \u017ee   umieraj\u00fa aj <strong>m\u00fadri<\/strong>,<\/td>\n<\/tr>\n<tr>\n<td width=\"28\" valign=\"top\">11b<\/td>\n<td width=\"416\" valign=\"top\">rovnako   hynie bl\u00e1zon i\u00a0hlup\u00e1k<\/td>\n<\/tr>\n<tr>\n<td width=\"28\" valign=\"top\">11c<\/td>\n<td width=\"416\" valign=\"top\"><strong>a cudz\u00edm   nech\u00e1vaj\u00fa svoje bohatstvo.<\/strong><\/td>\n<\/tr>\n<tr>\n<td width=\"28\" valign=\"top\">12a<\/td>\n<td width=\"416\" valign=\"top\"><strong>Ich hroby s\u00fa   ich ve\u010dn\u00fdmi <\/strong>domami,<\/td>\n<\/tr>\n<tr>\n<td width=\"28\" valign=\"top\">12b<\/td>\n<td width=\"416\" valign=\"top\">pr\u00edbytkami z   pokolenia na pokolenie,<\/td>\n<\/tr>\n<tr>\n<td width=\"28\" valign=\"top\">12c<\/td>\n<td width=\"416\" valign=\"top\">aj ke\u010f   krajiny pomenovali pod\u013ea svojich mien.<\/td>\n<\/tr>\n<tr>\n<td width=\"28\" valign=\"top\">13a<\/td>\n<td width=\"416\" valign=\"top\">Ve\u010f <strong>\u010dlovek   i\u00a0v\u00a0jeho hojnosti<\/strong> nebude tu trvalo;<\/td>\n<\/tr>\n<tr>\n<td width=\"28\" valign=\"top\">13b<\/td>\n<td width=\"416\" valign=\"top\"><strong>podob\u00e1 sa   statku, \u010do hynie<\/strong>.<\/td>\n<\/tr>\n<tr>\n<td width=\"28\" valign=\"top\">14a<\/td>\n<td width=\"416\" valign=\"top\">Tak\u00e1 je <strong>cesta<\/strong> t\u00fdch, \u010do sa spoliehaj\u00fa na seba,<\/td>\n<\/tr>\n<tr>\n<td width=\"28\" valign=\"top\">14b<\/td>\n<td width=\"416\" valign=\"top\">a (t\u00fdch, \u010do   s\u00fa po nich), \u010do sa vo vlastn\u00fdch slov\u00e1ch kochaj\u00fa. <em>Sela<\/em><\/td>\n<\/tr>\n<tr>\n<td width=\"28\" valign=\"top\">15a<\/td>\n<td width=\"416\" valign=\"top\">Ako ovce sa   \u017een\u00fa do <strong><em>\u0161eolu<\/em><\/strong><\/td>\n<\/tr>\n<tr>\n<td width=\"28\" valign=\"top\">15b<\/td>\n<td width=\"416\" valign=\"top\">a smr\u0165 je ich pastierom.<\/td>\n<\/tr>\n<tr>\n<td width=\"28\" valign=\"top\">15c<\/td>\n<td width=\"416\" valign=\"top\">A spr\u00e1vni   bud\u00fa vl\u00e1dnu\u0165 nad nimi nad r\u00e1nom,<\/td>\n<\/tr>\n<tr>\n<td width=\"28\" valign=\"top\">15d<\/td>\n<td width=\"416\" valign=\"top\">Ich podoba   bude str\u00e1ven\u00e1 v\u00a0\u0161eoli, z\u00a0jeho pal\u00e1ca.<\/td>\n<\/tr>\n<tr>\n<td width=\"28\" valign=\"top\">16a<\/td>\n<td width=\"416\" valign=\"top\"><strong>Zaiste,<\/strong> moju du\u0161u Boh <em>vyk\u00fapi<\/em>,<\/td>\n<\/tr>\n<tr>\n<td width=\"28\" valign=\"top\">16b<\/td>\n<td width=\"416\" valign=\"top\">z moci podsvetia,<\/td>\n<\/tr>\n<tr>\n<td width=\"28\" valign=\"top\">16c<\/td>\n<td width=\"416\" valign=\"top\">lebo ma iste <em>vezme<\/em> k\u00a0sebe.\u00a0 <em>Sela<\/em><\/td>\n<\/tr>\n<tr>\n<td width=\"28\" valign=\"top\">17a<\/td>\n<td width=\"416\" valign=\"top\"><strong>Neboj sa<\/strong>, ak niekto bohatne<\/td>\n<\/tr>\n<tr>\n<td width=\"28\" valign=\"top\">17b<\/td>\n<td width=\"416\" valign=\"top\">a ak sa <strong>sl\u00e1va<\/strong> jeho domu zv\u00e4\u010d\u0161uje.<\/td>\n<\/tr>\n<tr>\n<td width=\"28\" valign=\"top\">18a<\/td>\n<td width=\"416\" valign=\"top\">Lebo <strong>v<\/strong> (hodine)<strong> svojej smrti<\/strong> ni\u010d si <em>nevezme<\/em> (so sebou),<\/td>\n<\/tr>\n<tr>\n<td width=\"28\" valign=\"top\">18b<\/td>\n<td width=\"416\" valign=\"top\">jeho <strong>sl\u00e1va<\/strong> <strong>nezost\u00fapi za n\u00edm<\/strong>.<\/td>\n<\/tr>\n<tr>\n<td width=\"28\" valign=\"top\">19a<\/td>\n<td width=\"416\" valign=\"top\">Lebo za   svojho \u017eivota <strong>po\u017eehn\u00e1val si svoju du\u0161u<\/strong>:<\/td>\n<\/tr>\n<tr>\n<td width=\"28\" valign=\"top\">19b<\/td>\n<td width=\"416\" valign=\"top\">&#8220;Bud\u00fa \u0165a chv\u00e1li\u0165, \u017ee si si dobre   po\u010d\u00ednal,&#8221;<\/td>\n<\/tr>\n<tr>\n<td width=\"28\" valign=\"top\">20a<\/td>\n<td width=\"416\" valign=\"top\">Predsa <strong>p\u00f4jde <\/strong>k pokoleniu svojich otcov<\/td>\n<\/tr>\n<tr>\n<td width=\"28\" valign=\"top\">20b<\/td>\n<td width=\"416\" valign=\"top\">a t\u00ed u\u017e   nikdy svetlo neuzr\u00fa.<\/td>\n<\/tr>\n<tr>\n<td width=\"28\" valign=\"top\">21a<\/td>\n<td width=\"416\" valign=\"top\">Ve\u010f <strong>\u010dlovek   i\u00a0v\u00a0jeho hojnosti<\/strong> nebude <strong>ch\u00e1pa\u0165<\/strong>;<\/td>\n<\/tr>\n<tr>\n<td width=\"28\" valign=\"top\">21b<\/td>\n<td width=\"416\" valign=\"top\"><strong>podob\u00e1 sa   statku, \u010do hynie<\/strong>.<\/td>\n<\/tr>\n<\/tbody>\n<\/table>\n","protected":false},"excerpt":{"rendered":"<p>1 Zbormajstrovi. Koreho synov. 2a \u010cujte to, v\u0161etky n\u00e1rody, 2b po\u010d\u00favajte, v\u0161etci obyvatelia zeme; 3a vy v\u0161etci, prost\u00ed aj vzne\u0161en\u00ed, 3b v\u0161etci vospolok, bohat\u00ed aj chudobn\u00ed. 4a Moje \u00fasta bud\u00fa hovori\u0165 m\u00fadros\u0165 4b a \u0161epotanie m\u00f4jho srdca (bude\/s\u00fa) rozumnosti. 5a K pr\u00edsloviam ucho naklon\u00edm, 5b vysvetl\u00edm s\u00a0citarou svoju z\u00e1hadu. 6a \u201ePre\u010do by som sa mal &hellip; <a href=\"https:\/\/blazejstrba.eu\/en\/worship-to-the-word\/zalmy\/zalm-49\/\" class=\"more-link\">Continue reading <span class=\"screen-reader-text\">\u017d 49 &#8211; S\u00e1m seba nik nevyk\u00fapi<\/span> <span class=\"meta-nav\">&rarr;<\/span><\/a><\/p>\n","protected":false},"author":2,"featured_media":0,"parent":695,"menu_order":49,"comment_status":"closed","ping_status":"closed","template":"","meta":{"footnotes":""},"translation":{"provider":"WPGlobus","version":"3.0.0","language":"en","enabled_languages":["sk","en","it"],"languages":{"sk":{"title":true,"content":true,"excerpt":false},"en":{"title":false,"content":false,"excerpt":false},"it":{"title":false,"content":false,"excerpt":false}}},"_links":{"self":[{"href":"https:\/\/blazejstrba.eu\/en\/wp-json\/wp\/v2\/pages\/1515"}],"collection":[{"href":"https:\/\/blazejstrba.eu\/en\/wp-json\/wp\/v2\/pages"}],"about":[{"href":"https:\/\/blazejstrba.eu\/en\/wp-json\/wp\/v2\/types\/page"}],"author":[{"embeddable":true,"href":"https:\/\/blazejstrba.eu\/en\/wp-json\/wp\/v2\/users\/2"}],"replies":[{"embeddable":true,"href":"https:\/\/blazejstrba.eu\/en\/wp-json\/wp\/v2\/comments?post=1515"}],"version-history":[{"count":2,"href":"https:\/\/blazejstrba.eu\/en\/wp-json\/wp\/v2\/pages\/1515\/revisions"}],"predecessor-version":[{"id":1980,"href":"https:\/\/blazejstrba.eu\/en\/wp-json\/wp\/v2\/pages\/1515\/revisions\/1980"}],"up":[{"embeddable":true,"href":"https:\/\/blazejstrba.eu\/en\/wp-json\/wp\/v2\/pages\/695"}],"wp:attachment":[{"href":"https:\/\/blazejstrba.eu\/en\/wp-json\/wp\/v2\/media?parent=1515"}],"curies":[{"name":"wp","href":"https:\/\/api.w.org\/{rel}","templated":true}]}}