{"id":1383,"date":"2011-05-02T22:53:57","date_gmt":"2011-05-02T20:53:57","guid":{"rendered":"http:\/\/www.blazejstrba.eu\/"},"modified":"2011-11-08T23:13:01","modified_gmt":"2011-11-08T21:13:01","slug":"zalm-4","status":"publish","type":"page","link":"https:\/\/blazejstrba.eu\/en\/worship-to-the-word\/zalmy\/zalm-4\/","title":{"rendered":"\u017d 45 &#8211; \u013d\u00fabostn\u00e1 piese\u0148"},"content":{"rendered":"<table style=\"height: 715px;\" border=\"1\" cellspacing=\"0\" cellpadding=\"0\" width=\"463\">\n<tbody>\n<tr>\n<td width=\"28\" valign=\"top\">1<\/td>\n<td width=\"442\" valign=\"top\"><em>Zbormajstrovi. O <strong>lotosoch<\/strong>. <\/em><\/p>\n<p><em>Pou\u010dn\u00e1 piese\u0148 Koreho synov. \u013d\u00fabostn\u00e1 piese\u0148.<\/em><\/td>\n<\/tr>\n<tr>\n<td width=\"28\" valign=\"top\">2a<\/td>\n<td width=\"442\" valign=\"top\">Moje srdce <strong>pulzovalo<\/strong> kr\u00e1snymi slovami,<\/td>\n<\/tr>\n<tr>\n<td width=\"28\" valign=\"top\">2b<\/td>\n<td width=\"442\" valign=\"top\"><strong>Moje dielo<\/strong> <strong>hovor\u00edm<\/strong> kr\u00e1\u013eovi.<\/td>\n<\/tr>\n<tr>\n<td width=\"28\" valign=\"top\">2c<\/td>\n<td width=\"442\" valign=\"top\">M\u00f4j jazyk je (ako) pero   r\u00fdchlopisca.<\/td>\n<\/tr>\n<tr>\n<td width=\"28\" valign=\"top\">3a<\/td>\n<td width=\"442\" valign=\"top\">Ty si najkraj\u0161\u00ed z \u013eudsk\u00fdch synov.<\/td>\n<\/tr>\n<tr>\n<td width=\"28\" valign=\"top\">3b<\/td>\n<td width=\"442\" valign=\"top\">Z tvojich per\u00ed   plynie <strong>milos\u0165<\/strong>,<\/td>\n<\/tr>\n<tr>\n<td width=\"28\" valign=\"top\">3c<\/td>\n<td width=\"442\" valign=\"top\"><em>preto<\/em> \u0165a Boh po\u017eehnal naveky.<\/td>\n<\/tr>\n<tr>\n<td width=\"28\" valign=\"top\">4a<\/td>\n<td width=\"442\" valign=\"top\">Prip\u00e1\u0161 si me\u010d na bedr\u00e1, ty, bohatier,<\/td>\n<\/tr>\n<tr>\n<td width=\"28\" valign=\"top\">4b<\/td>\n<td width=\"442\" valign=\"top\">svoju velebu a d\u00f4stojnos\u0165.<\/td>\n<\/tr>\n<tr>\n<td width=\"28\" valign=\"top\">5a<\/td>\n<td width=\"442\" valign=\"top\"><strong>Tvoja<\/strong> d\u00f4stojnos\u0165, \u0161\u0165astne vytiahni,<\/td>\n<\/tr>\n<tr>\n<td width=\"28\" valign=\"top\">5b<\/td>\n<td width=\"442\" valign=\"top\"><strong> bojuj<\/strong> vo veci pravdy, <strong>chudoby<\/strong> a spravodlivosti.<\/td>\n<\/tr>\n<tr>\n<td width=\"28\" valign=\"top\">5c<\/td>\n<td width=\"442\" valign=\"top\">Nech \u0165a tvoja pravica u\u010d\u00ed kona\u0165 \u00fa\u017easn\u00e9 skutky.<\/td>\n<\/tr>\n<tr>\n<td width=\"28\" valign=\"top\">6a<\/td>\n<td width=\"442\" valign=\"top\">Tvoje \u0161\u00edpy <strong>s\u00fa <\/strong>ostr\u00e9,<\/td>\n<\/tr>\n<tr>\n<td width=\"28\" valign=\"top\">6b<\/td>\n<td width=\"442\" valign=\"top\"><strong> n\u00e1rody s\u00fa pod tebou<\/strong>, <strong> <\/strong><\/td>\n<\/tr>\n<tr>\n<td width=\"28\" valign=\"top\">6c<\/td>\n<td width=\"442\" valign=\"top\">v srdciach kr\u00e1\u013eov\u00fdch nepriate\u013eov.<strong> <\/strong><\/td>\n<\/tr>\n<tr>\n<td width=\"28\" valign=\"top\">7a<\/td>\n<td width=\"442\" valign=\"top\">Tvoj tr\u00f3n, Bo\u017ee, trv\u00e1 naveky<\/td>\n<\/tr>\n<tr>\n<td width=\"28\" valign=\"top\">7b<\/td>\n<td width=\"442\" valign=\"top\">a \u017eezlo tvojho kr\u00e1\u013eovstva je \u017eezlo   spravodlivosti.<strong><\/strong><\/td>\n<\/tr>\n<tr>\n<td width=\"28\" valign=\"top\">8a<\/td>\n<td width=\"442\" valign=\"top\">Miloval si spravodlivos\u0165   a\u00a0nen\u00e1videl nepr\u00e1vos\u0165,<\/td>\n<\/tr>\n<tr>\n<td width=\"28\" valign=\"top\">8b<\/td>\n<td width=\"442\" valign=\"top\"><em>preto<\/em> \u0165a Boh, tvoj Boh, pomazal<\/td>\n<\/tr>\n<tr>\n<td width=\"28\" valign=\"top\">8c<\/td>\n<td width=\"442\" valign=\"top\">olejom radosti viac ako tvojich druhov.<\/td>\n<\/tr>\n<tr>\n<td width=\"28\" valign=\"top\">9a<\/td>\n<td width=\"442\" valign=\"top\">Myrha, aloe<\/td>\n<\/tr>\n<tr>\n<td width=\"28\" valign=\"top\">9b<\/td>\n<td width=\"442\" valign=\"top\">a \u0161korica (s\u00fa) Tvoj odev<\/td>\n<\/tr>\n<tr>\n<td width=\"28\" valign=\"top\">9c<\/td>\n<td width=\"442\" valign=\"top\">a rozvese\u013euje \u0165a zvuk harfy z pal\u00e1cov zo slonoviny.<\/td>\n<\/tr>\n<tr>\n<td width=\"28\" valign=\"top\">10a<\/td>\n<td width=\"442\" valign=\"top\">Dc\u00e9ry kr\u00e1\u013eovsk\u00e9 s\u00fa medzi tvojimi   vyvolen\u00fdmi;<\/td>\n<\/tr>\n<tr>\n<td width=\"28\" valign=\"top\">10b<\/td>\n<td width=\"442\" valign=\"top\">po tvojej pravici stoj\u00ed kr\u00e1\u013eovn\u00e1<\/td>\n<\/tr>\n<tr>\n<td width=\"28\" valign=\"top\">10c<\/td>\n<td width=\"442\" valign=\"top\"><strong>v zlate<\/strong> z Of\u00edru.<\/td>\n<\/tr>\n<tr>\n<td width=\"28\" valign=\"top\">11a<\/td>\n<td width=\"442\" valign=\"top\">\u010cuj, dc\u00e9ra, a pozoruj, naklo\u0148 svoj   sluch,<\/td>\n<\/tr>\n<tr>\n<td width=\"28\" valign=\"top\">11b<\/td>\n<td width=\"442\" valign=\"top\">zabudni na svoj \u013eud a na dom svojho otca.<\/td>\n<\/tr>\n<tr>\n<td width=\"28\" valign=\"top\">12a<\/td>\n<td width=\"442\" valign=\"top\">S\u00e1m kr\u00e1\u013e zat\u00fa\u017eil za tvojou kr\u00e1sou;<\/td>\n<\/tr>\n<tr>\n<td width=\"28\" valign=\"top\">12b<\/td>\n<td width=\"442\" valign=\"top\">on je tvoj p\u00e1n, vzdaj mu poklonu.<\/td>\n<\/tr>\n<tr>\n<td width=\"28\" valign=\"top\">13a<\/td>\n<td width=\"442\" valign=\"top\"><strong>Mesto<\/strong> T\u00fdrus ti prinesie dary<\/td>\n<\/tr>\n<tr>\n<td width=\"28\" valign=\"top\">13b<\/td>\n<td width=\"442\" valign=\"top\">a o tvoju   priaze\u0148 sa bud\u00fa uch\u00e1dza\u0165 ve\u013emo\u017ei n\u00e1roda.<\/td>\n<\/tr>\n<tr>\n<td width=\"28\" valign=\"top\">14a<\/td>\n<td width=\"442\" valign=\"top\">Ve\u013emi vzne\u0161en\u00e1 <strong>vstupuje <\/strong>dc\u00e9ra   kr\u00e1\u013eovsk\u00e1,<\/td>\n<\/tr>\n<tr>\n<td width=\"28\" valign=\"top\">14b<\/td>\n<td width=\"442\" valign=\"top\">jej odevom s\u00fa zlat\u00e9 tkaniv\u00e1.<\/td>\n<\/tr>\n<tr>\n<td width=\"28\" valign=\"top\">15a<\/td>\n<td width=\"442\" valign=\"top\">V pestrom r\u00fachu ju ved\u00fa ku kr\u00e1\u013eovi;<\/td>\n<\/tr>\n<tr>\n<td width=\"28\" valign=\"top\">15b<\/td>\n<td width=\"442\" valign=\"top\">za \u0148ou ti priv\u00e1dzaj\u00fa panny, jej dru\u017eice.<\/td>\n<\/tr>\n<tr>\n<td width=\"28\" valign=\"top\">15c<\/td>\n<td width=\"442\" valign=\"top\">k tebe ich priv\u00e1dzaj\u00fa;<\/td>\n<\/tr>\n<tr>\n<td width=\"28\" valign=\"top\">16a<\/td>\n<td width=\"442\" valign=\"top\">sprev\u00e1dza ich jasot radostn\u00fd,<\/td>\n<\/tr>\n<tr>\n<td width=\"28\" valign=\"top\">16b<\/td>\n<td width=\"442\" valign=\"top\">tak vstupuj\u00fa do kr\u00e1\u013eovsk\u00e9ho pal\u00e1ca.<strong><\/strong><\/td>\n<\/tr>\n<tr>\n<td width=\"28\" valign=\"top\">17a<\/td>\n<td width=\"442\" valign=\"top\">Miesto tvojich otcov zaujm\u00fa tvoji   synovia;<\/td>\n<\/tr>\n<tr>\n<td width=\"28\" valign=\"top\">17b<\/td>\n<td width=\"442\" valign=\"top\">urob\u00ed\u0161 ich knie\u017eatami nad celou   zemou.<\/td>\n<\/tr>\n<tr>\n<td width=\"28\" valign=\"top\">18a<\/td>\n<td width=\"442\" valign=\"top\">Na tvoje meno budem pam\u00e4ta\u0165 vo   v\u0161etk\u00fdch pokoleniach.<\/td>\n<\/tr>\n<tr>\n<td width=\"28\" valign=\"top\">18b<\/td>\n<td width=\"442\" valign=\"top\"><em>Preto<\/em> \u0165a n\u00e1rody bud\u00fa velebi\u0165 nav\u017edy a   na veky vekov.<\/td>\n<\/tr>\n<\/tbody>\n<\/table>\n","protected":false},"excerpt":{"rendered":"<p>1 Zbormajstrovi. O lotosoch. Pou\u010dn\u00e1 piese\u0148 Koreho synov. \u013d\u00fabostn\u00e1 piese\u0148. 2a Moje srdce pulzovalo kr\u00e1snymi slovami, 2b Moje dielo hovor\u00edm kr\u00e1\u013eovi. 2c M\u00f4j jazyk je (ako) pero r\u00fdchlopisca. 3a Ty si najkraj\u0161\u00ed z \u013eudsk\u00fdch synov. 3b Z tvojich per\u00ed plynie milos\u0165, 3c preto \u0165a Boh po\u017eehnal naveky. 4a Prip\u00e1\u0161 si me\u010d na bedr\u00e1, ty, bohatier, &hellip; <a href=\"https:\/\/blazejstrba.eu\/en\/worship-to-the-word\/zalmy\/zalm-4\/\" class=\"more-link\">Continue reading <span class=\"screen-reader-text\">\u017d 45 &#8211; \u013d\u00fabostn\u00e1 piese\u0148<\/span> <span class=\"meta-nav\">&rarr;<\/span><\/a><\/p>\n","protected":false},"author":2,"featured_media":0,"parent":695,"menu_order":45,"comment_status":"closed","ping_status":"closed","template":"","meta":{"footnotes":""},"translation":{"provider":"WPGlobus","version":"3.0.0","language":"en","enabled_languages":["sk","en","it"],"languages":{"sk":{"title":true,"content":true,"excerpt":false},"en":{"title":false,"content":false,"excerpt":false},"it":{"title":false,"content":false,"excerpt":false}}},"_links":{"self":[{"href":"https:\/\/blazejstrba.eu\/en\/wp-json\/wp\/v2\/pages\/1383"}],"collection":[{"href":"https:\/\/blazejstrba.eu\/en\/wp-json\/wp\/v2\/pages"}],"about":[{"href":"https:\/\/blazejstrba.eu\/en\/wp-json\/wp\/v2\/types\/page"}],"author":[{"embeddable":true,"href":"https:\/\/blazejstrba.eu\/en\/wp-json\/wp\/v2\/users\/2"}],"replies":[{"embeddable":true,"href":"https:\/\/blazejstrba.eu\/en\/wp-json\/wp\/v2\/comments?post=1383"}],"version-history":[{"count":7,"href":"https:\/\/blazejstrba.eu\/en\/wp-json\/wp\/v2\/pages\/1383\/revisions"}],"predecessor-version":[{"id":1978,"href":"https:\/\/blazejstrba.eu\/en\/wp-json\/wp\/v2\/pages\/1383\/revisions\/1978"}],"up":[{"embeddable":true,"href":"https:\/\/blazejstrba.eu\/en\/wp-json\/wp\/v2\/pages\/695"}],"wp:attachment":[{"href":"https:\/\/blazejstrba.eu\/en\/wp-json\/wp\/v2\/media?parent=1383"}],"curies":[{"name":"wp","href":"https:\/\/api.w.org\/{rel}","templated":true}]}}