{"id":1336,"date":"2011-03-29T21:00:46","date_gmt":"2011-03-29T19:00:46","guid":{"rendered":"http:\/\/www.blazejstrba.eu\/"},"modified":"2011-11-08T23:12:15","modified_gmt":"2011-11-08T21:12:15","slug":"zalm-40","status":"publish","type":"page","link":"https:\/\/blazejstrba.eu\/en\/worship-to-the-word\/zalmy\/zalm-40\/","title":{"rendered":"\u017d 40 &#8211; H\u013ea prich\u00e1dzam"},"content":{"rendered":"<table style=\"height: 1042px;\" border=\"1\" cellspacing=\"0\" cellpadding=\"0\" width=\"529\">\n<tbody>\n<tr>\n<td width=\"28\" valign=\"top\">1<\/td>\n<td width=\"454\" valign=\"top\">Zbormajstrovi. D\u00e1vidov \u017ealm.<\/td>\n<\/tr>\n<tr>\n<td width=\"28\" valign=\"top\">2a<\/td>\n<td width=\"454\" valign=\"top\"><strong>D\u00fafal som,   \u00fafal<\/strong> v P\u00c1NA<\/td>\n<\/tr>\n<tr>\n<td width=\"28\" valign=\"top\">2b<\/td>\n<td width=\"454\" valign=\"top\">a on sa ku mne sklonil<\/td>\n<\/tr>\n<tr>\n<td width=\"28\" valign=\"top\">2c<\/td>\n<td width=\"454\" valign=\"top\"><strong>a <\/strong>vysly\u0161al m\u00f4j n\u00e1rek.<\/td>\n<\/tr>\n<tr>\n<td width=\"28\" valign=\"top\">3a<\/td>\n<td width=\"454\" valign=\"top\">Vytiahol ma z jamy hr\u00f4zy,<\/td>\n<\/tr>\n<tr>\n<td width=\"28\" valign=\"top\">3b<\/td>\n<td width=\"454\" valign=\"top\">z bahnit\u00e9ho kalu.<\/td>\n<\/tr>\n<tr>\n<td width=\"28\" valign=\"top\">3c<\/td>\n<td width=\"454\" valign=\"top\">Nohy mi postavil na skalu<\/td>\n<\/tr>\n<tr>\n<td width=\"28\" valign=\"top\">3d<\/td>\n<td width=\"454\" valign=\"top\">a kroky mi upevnil<\/td>\n<\/tr>\n<tr>\n<td width=\"28\" valign=\"top\">4a<\/td>\n<td width=\"454\" valign=\"top\"><strong>a d<\/strong>o \u00fast mi vlo\u017eil piese\u0148 nov\u00fa,<\/td>\n<\/tr>\n<tr>\n<td width=\"28\" valign=\"top\">4b<\/td>\n<td width=\"454\" valign=\"top\">chv\u00e1lospev n\u00e1\u0161mu Bohu.<\/td>\n<\/tr>\n<tr>\n<td width=\"28\" valign=\"top\">4c<\/td>\n<td width=\"454\" valign=\"top\"><strong>Nech to<\/strong> mnoh\u00ed <strong>vidia<\/strong> a\u00a0napln\u00ed ich b\u00e1ze\u0148<\/td>\n<\/tr>\n<tr>\n<td width=\"28\" valign=\"top\">4d<\/td>\n<td width=\"454\" valign=\"top\">a bud\u00fa <strong>d\u00f4verova\u0165<\/strong> v\u00a0P\u00c1NA.<\/td>\n<\/tr>\n<tr>\n<td width=\"28\" valign=\"top\">5a<\/td>\n<td width=\"454\" valign=\"top\">\u201eBla\u017een\u00fd <strong>hrdina<\/strong>, \u010do <strong>zlo\u017eil<\/strong><\/td>\n<\/tr>\n<tr>\n<td width=\"28\" valign=\"top\">5b<\/td>\n<td width=\"454\" valign=\"top\">v P\u00c1NA d\u00f4veru<\/td>\n<\/tr>\n<tr>\n<td width=\"28\" valign=\"top\">5c<\/td>\n<td width=\"454\" valign=\"top\">a <strong>nepridal<\/strong> sa k py\u0161n\u00fdch<\/td>\n<\/tr>\n<tr>\n<td width=\"28\" valign=\"top\">5d<\/td>\n<td width=\"454\" valign=\"top\">ani k n\u00e1chyln\u00fdm k <strong>podvodu<\/strong>.<\/td>\n<\/tr>\n<tr>\n<td width=\"28\" valign=\"top\">6a<\/td>\n<td width=\"454\" valign=\"top\">Ve\u013ea si urobil,<\/td>\n<\/tr>\n<tr>\n<td width=\"28\" valign=\"top\">6b<\/td>\n<td width=\"454\" valign=\"top\">PANE, Bo\u017ee m\u00f4j,<\/td>\n<\/tr>\n<tr>\n<td width=\"28\" valign=\"top\">6c<\/td>\n<td width=\"454\" valign=\"top\">z\u00e1zrakov a tvojich z\u00e1merov   s\u00a0nami:<\/td>\n<\/tr>\n<tr>\n<td width=\"28\" valign=\"top\">6d<\/td>\n<td width=\"454\" valign=\"top\"><strong>Nik<\/strong> sa ti nevyrovn\u00e1!<\/td>\n<\/tr>\n<tr>\n<td width=\"28\" valign=\"top\">6e<\/td>\n<td width=\"454\" valign=\"top\"><strong>Chcem<\/strong> ich rozhl\u00e1si\u0165<\/td>\n<\/tr>\n<tr>\n<td width=\"28\" valign=\"top\">6b<\/td>\n<td width=\"454\" valign=\"top\">a (v\u0161etky) vyrozpr\u00e1va\u0165; <strong>ich   \u010d\u00edslo je nespo\u010detn\u00e9<\/strong>.<strong><\/strong><\/td>\n<\/tr>\n<tr>\n<td width=\"28\" valign=\"top\">7a<\/td>\n<td width=\"454\" valign=\"top\"><strong>Krvav\u00fa obetu<\/strong> a dar si <strong>si neprial<\/strong>,<\/td>\n<\/tr>\n<tr>\n<td width=\"28\" valign=\"top\">7b<\/td>\n<td width=\"454\" valign=\"top\">le\u017e <strong>dve u\u0161i<\/strong> si mi <strong>vyh\u013abil<\/strong>.<\/td>\n<\/tr>\n<tr>\n<td width=\"28\" valign=\"top\">7c<\/td>\n<td width=\"454\" valign=\"top\">\u017dertvu ani obetu zmierenia si <strong>si   nep\u00fdtal<\/strong>.<\/td>\n<\/tr>\n<tr>\n<td width=\"28\" valign=\"top\">8a<\/td>\n<td width=\"454\" valign=\"top\"><strong>A tak<\/strong> povedal som: \u201cH\u013ea, <strong>pri\u0161iel som<\/strong>.\u201d<\/td>\n<\/tr>\n<tr>\n<td width=\"28\" valign=\"top\">8b<\/td>\n<td width=\"454\" valign=\"top\">Vo zvitku knihy <strong>stoj\u00ed <\/strong><\/td>\n<\/tr>\n<tr>\n<td width=\"28\" valign=\"top\">8c<\/td>\n<td width=\"454\" valign=\"top\">to \u010do je nap\u00edsan\u00e9 o\u00a0mne.<\/td>\n<\/tr>\n<tr>\n<td width=\"28\" valign=\"top\">9a<\/td>\n<td width=\"454\" valign=\"top\">V <strong>konan\u00ed<\/strong> toho, \u010do sa Tebe   p\u00e1\u010di<\/td>\n<\/tr>\n<tr>\n<td width=\"28\" valign=\"top\">9b<\/td>\n<td width=\"454\" valign=\"top\">Bo\u017ee m\u00f4j, <strong>m\u00e1m za\u013e\u00fabenie<\/strong><\/td>\n<\/tr>\n<tr>\n<td width=\"28\" valign=\"top\">9c<\/td>\n<td width=\"454\" valign=\"top\">a tvoj z\u00e1kon je v\u00a0<strong>h\u013abke   mojich \u00fatrob<\/strong>.<\/td>\n<\/tr>\n<tr>\n<td width=\"28\" valign=\"top\">10a<\/td>\n<td width=\"454\" valign=\"top\"><strong>Hl\u00e1sal<\/strong> som tvoju spravodlivos\u0165<\/td>\n<\/tr>\n<tr>\n<td width=\"28\" valign=\"top\">10b<\/td>\n<td width=\"454\" valign=\"top\">vo ve\u013ekom zhroma\u017eden\u00ed.<\/td>\n<\/tr>\n<tr>\n<td width=\"28\" valign=\"top\">10c<\/td>\n<td width=\"454\" valign=\"top\">Vi\u010f, svojim per\u00e1m <strong>nebudem br\u00e1ni\u0165<\/strong> hovori\u0165,<\/td>\n<\/tr>\n<tr>\n<td width=\"28\" valign=\"top\">10d<\/td>\n<td width=\"454\" valign=\"top\">PANE, ty to vie\u0161.<\/td>\n<\/tr>\n<tr>\n<td width=\"28\" valign=\"top\">11a<\/td>\n<td width=\"454\" valign=\"top\">Tvoju spravodlivos\u0165 <strong>som si<\/strong> neskr\u00fdval,<\/td>\n<\/tr>\n<tr>\n<td width=\"28\" valign=\"top\">11b<\/td>\n<td width=\"454\" valign=\"top\">vo vn\u00fatri <strong>m\u00f4jho<\/strong> srdca.<\/td>\n<\/tr>\n<tr>\n<td width=\"28\" valign=\"top\">11c<\/td>\n<td width=\"454\" valign=\"top\">Rozpr\u00e1val som o tvojej <strong>spo\u013eahlivosti<\/strong> a o   tvojej <strong>z\u00e1chrane<\/strong>.<\/td>\n<\/tr>\n<tr>\n<td width=\"28\" valign=\"top\">11d<\/td>\n<td width=\"454\" valign=\"top\">Neskr\u00fdval som tvoju <strong>vernos\u0165<\/strong> a pravdu<\/td>\n<\/tr>\n<tr>\n<td width=\"28\" valign=\"top\">11e<\/td>\n<td width=\"454\" valign=\"top\">pred ve\u013ek\u00fdm zhroma\u017eden\u00edm.<\/td>\n<\/tr>\n<tr>\n<td width=\"28\" valign=\"top\">12a<\/td>\n<td width=\"454\" valign=\"top\">Ale ty, PANE, neodn\u00edmaj mi<\/td>\n<\/tr>\n<tr>\n<td width=\"28\" valign=\"top\">12b<\/td>\n<td width=\"454\" valign=\"top\">svoje milosrdenstvo;<\/td>\n<\/tr>\n<tr>\n<td width=\"28\" valign=\"top\">12c<\/td>\n<td width=\"454\" valign=\"top\">tvoja <strong>vernos\u0165<\/strong> a tvoja pravda   nech <strong>ma<\/strong> <strong>st\u00e1le<\/strong> <strong>chr\u00e1nia<\/strong>.<\/td>\n<\/tr>\n<tr>\n<td width=\"28\" valign=\"top\">13a<\/td>\n<td width=\"454\" valign=\"top\">Lebo <strong>nakopili<\/strong> sa na m\u0148a<\/td>\n<\/tr>\n<tr>\n<td width=\"28\" valign=\"top\">13b<\/td>\n<td width=\"454\" valign=\"top\">pohromy, s\u00fa bez po\u010dtu;<\/td>\n<\/tr>\n<tr>\n<td width=\"28\" valign=\"top\">13c<\/td>\n<td width=\"454\" valign=\"top\">Opantalo ma to\u013eko <strong>v\u00edn<\/strong>,<\/td>\n<\/tr>\n<tr>\n<td width=\"28\" valign=\"top\">13d<\/td>\n<td width=\"454\" valign=\"top\">\u017ee <strong>nie som schopn\u00fd ich vidie\u0165<\/strong>.<\/td>\n<\/tr>\n<tr>\n<td width=\"28\" valign=\"top\">13e<\/td>\n<td width=\"454\" valign=\"top\">A je ich viac, ne\u017e m\u00e1m vlasov na   hlave,<\/td>\n<\/tr>\n<tr>\n<td width=\"28\" valign=\"top\">13f<\/td>\n<td width=\"454\" valign=\"top\">a moje srdce <strong>ma opustilo<\/strong>.<\/td>\n<\/tr>\n<tr>\n<td width=\"28\" valign=\"top\">14a<\/td>\n<td width=\"454\" valign=\"top\">Pane, r\u00e1\u010d ma zachr\u00e1ni\u0165,<\/td>\n<\/tr>\n<tr>\n<td width=\"28\" valign=\"top\">14b<\/td>\n<td width=\"454\" valign=\"top\"><strong>Pon\u00e1h\u013eaj sa<\/strong> mi na pomoc.<\/td>\n<\/tr>\n<tr>\n<td width=\"28\" valign=\"top\">15a<\/td>\n<td width=\"454\" valign=\"top\">Nech sa hanbia a\u00a0<strong>s\u00fa<\/strong> <strong>zm\u00e4ten\u00ed<\/strong> v\u0161etci dovedna,<\/td>\n<\/tr>\n<tr>\n<td width=\"28\" valign=\"top\">15b<\/td>\n<td width=\"454\" valign=\"top\">\u010do mi \u010d\u00edhaj\u00fa na \u017eivot, <strong>aby ho zni\u010dili<\/strong>.<\/td>\n<\/tr>\n<tr>\n<td width=\"28\" valign=\"top\">15c<\/td>\n<td width=\"454\" valign=\"top\">Nech s\u00fa zavr\u00e1ten\u00ed a nech sa   zahanben\u00ed<\/td>\n<\/tr>\n<tr>\n<td width=\"28\" valign=\"top\">15d<\/td>\n<td width=\"454\" valign=\"top\">t\u00ed, \u010do <strong>maj\u00fa z\u00e1\u013eubu<\/strong> v\u00a0<strong>mojom s\u00fa\u017een\u00ed<\/strong>.<\/td>\n<\/tr>\n<tr>\n<td width=\"28\" valign=\"top\">16a<\/td>\n<td width=\"454\" valign=\"top\">Nech zmeravej\u00fa hanbou<\/td>\n<\/tr>\n<tr>\n<td width=\"28\" valign=\"top\">16b<\/td>\n<td width=\"454\" valign=\"top\">t\u00ed, \u010do mi hovoria: &#8220;<strong>Aha, aha<\/strong>!&#8221;<\/td>\n<\/tr>\n<tr>\n<td width=\"28\" valign=\"top\">17a<\/td>\n<td width=\"454\" valign=\"top\">No nech jasaj\u00fa a nech sa v tebe   te\u0161ia<\/td>\n<\/tr>\n<tr>\n<td width=\"28\" valign=\"top\">17b<\/td>\n<td width=\"454\" valign=\"top\">v\u0161etci, \u010do \u0165a h\u013eadaj\u00fa.<\/td>\n<\/tr>\n<tr>\n<td width=\"28\" valign=\"top\">17c<\/td>\n<td width=\"454\" valign=\"top\">Nech st\u00e1le hovoria: &#8220;P\u00c1N <strong>je   ve\u013ek\u00fd<\/strong>!&#8221;,<\/td>\n<\/tr>\n<tr>\n<td width=\"28\" valign=\"top\">17d<\/td>\n<td width=\"454\" valign=\"top\">t\u00ed, \u010do <strong>miluj\u00fa tvoju z\u00e1chranu<\/strong>,<\/td>\n<\/tr>\n<tr>\n<td width=\"28\" valign=\"top\">18a<\/td>\n<td width=\"454\" valign=\"top\">Ja som s\u00edce <strong>chudobn\u00fd<\/strong> a biedny,<\/td>\n<\/tr>\n<tr>\n<td width=\"28\" valign=\"top\">18b<\/td>\n<td width=\"454\" valign=\"top\">no m\u00f4j P\u00e1n mysl\u00ed na m\u0148a.<\/td>\n<\/tr>\n<tr>\n<td width=\"28\" valign=\"top\">18c<\/td>\n<td width=\"454\" valign=\"top\">Ty si moja pomoc a m\u00f4j oslobodite\u013e;<\/td>\n<\/tr>\n<tr>\n<td width=\"28\" valign=\"top\">18d<\/td>\n<td width=\"454\" valign=\"top\">Bo\u017ee m\u00f4j, neme\u0161kaj.<\/td>\n<\/tr>\n<\/tbody>\n<\/table>\n","protected":false},"excerpt":{"rendered":"<p>1 Zbormajstrovi. D\u00e1vidov \u017ealm. 2a D\u00fafal som, \u00fafal v P\u00c1NA 2b a on sa ku mne sklonil 2c a vysly\u0161al m\u00f4j n\u00e1rek. 3a Vytiahol ma z jamy hr\u00f4zy, 3b z bahnit\u00e9ho kalu. 3c Nohy mi postavil na skalu 3d a kroky mi upevnil 4a a do \u00fast mi vlo\u017eil piese\u0148 nov\u00fa, 4b chv\u00e1lospev n\u00e1\u0161mu Bohu. &hellip; <a href=\"https:\/\/blazejstrba.eu\/en\/worship-to-the-word\/zalmy\/zalm-40\/\" class=\"more-link\">Continue reading <span class=\"screen-reader-text\">\u017d 40 &#8211; H\u013ea prich\u00e1dzam<\/span> <span class=\"meta-nav\">&rarr;<\/span><\/a><\/p>\n","protected":false},"author":2,"featured_media":0,"parent":695,"menu_order":40,"comment_status":"closed","ping_status":"closed","template":"","meta":{"footnotes":""},"translation":{"provider":"WPGlobus","version":"3.0.0","language":"en","enabled_languages":["sk","en","it"],"languages":{"sk":{"title":true,"content":true,"excerpt":false},"en":{"title":false,"content":false,"excerpt":false},"it":{"title":false,"content":false,"excerpt":false}}},"_links":{"self":[{"href":"https:\/\/blazejstrba.eu\/en\/wp-json\/wp\/v2\/pages\/1336"}],"collection":[{"href":"https:\/\/blazejstrba.eu\/en\/wp-json\/wp\/v2\/pages"}],"about":[{"href":"https:\/\/blazejstrba.eu\/en\/wp-json\/wp\/v2\/types\/page"}],"author":[{"embeddable":true,"href":"https:\/\/blazejstrba.eu\/en\/wp-json\/wp\/v2\/users\/2"}],"replies":[{"embeddable":true,"href":"https:\/\/blazejstrba.eu\/en\/wp-json\/wp\/v2\/comments?post=1336"}],"version-history":[{"count":4,"href":"https:\/\/blazejstrba.eu\/en\/wp-json\/wp\/v2\/pages\/1336\/revisions"}],"predecessor-version":[{"id":1976,"href":"https:\/\/blazejstrba.eu\/en\/wp-json\/wp\/v2\/pages\/1336\/revisions\/1976"}],"up":[{"embeddable":true,"href":"https:\/\/blazejstrba.eu\/en\/wp-json\/wp\/v2\/pages\/695"}],"wp:attachment":[{"href":"https:\/\/blazejstrba.eu\/en\/wp-json\/wp\/v2\/media?parent=1336"}],"curies":[{"name":"wp","href":"https:\/\/api.w.org\/{rel}","templated":true}]}}