{"id":1276,"date":"2011-03-11T00:02:39","date_gmt":"2011-03-10T22:02:39","guid":{"rendered":"http:\/\/www.blazejstrba.eu\/"},"modified":"2011-11-08T23:12:02","modified_gmt":"2011-11-08T21:12:02","slug":"zalm-23","status":"publish","type":"page","link":"https:\/\/blazejstrba.eu\/en\/worship-to-the-word\/zalmy\/zalm-23\/","title":{"rendered":"\u017d 23 &#8211; P\u00e1n je m\u00f4j pastier"},"content":{"rendered":"<table style=\"height: 338px;\" border=\"1\" cellspacing=\"0\" cellpadding=\"0\" width=\"381\">\n<tbody>\n<tr>\n<td width=\"35\" valign=\"top\">1a<\/td>\n<td width=\"331\" valign=\"top\"><em>D\u00e1vidov \u017ealm.<\/em><\/td>\n<\/tr>\n<tr>\n<td width=\"35\" valign=\"top\">1b<\/td>\n<td width=\"331\" valign=\"top\">P\u00c1N je m\u00f4j pastier: ni\u010d mi nech\u00fdba.<\/td>\n<\/tr>\n<tr>\n<td width=\"35\" valign=\"top\">2a<\/td>\n<td width=\"331\" valign=\"top\"><strong>D\u00e1va mi l\u00edha\u0165 <\/strong>na zelen\u00fdch pa\u0161ienkach.<\/td>\n<\/tr>\n<tr>\n<td width=\"35\" valign=\"top\">2b<\/td>\n<td width=\"331\" valign=\"top\">K\u00a0vod\u00e1m <strong>oddychu<\/strong> ma vod\u00ed,<\/td>\n<\/tr>\n<tr>\n<td width=\"35\" valign=\"top\">3a<\/td>\n<td width=\"331\" valign=\"top\"><strong>navracia mi \u017eivot<\/strong><\/td>\n<\/tr>\n<tr>\n<td width=\"35\" valign=\"top\">3b<\/td>\n<td width=\"331\" valign=\"top\">Vod\u00ed ma chodn\u00edkmi <strong>spravodlivosti<\/strong><\/td>\n<\/tr>\n<tr>\n<td width=\"35\" valign=\"top\">3c<\/td>\n<td width=\"331\" valign=\"top\"><strong>pre svoje meno.<\/strong><\/td>\n<\/tr>\n<tr>\n<td width=\"35\" valign=\"top\">4a<\/td>\n<td width=\"331\" valign=\"top\"><strong>I ke\u010f budem kr\u00e1\u010da\u0165<\/strong><strong> <\/strong><\/td>\n<\/tr>\n<tr>\n<td width=\"35\" valign=\"top\">4b<\/td>\n<td width=\"331\" valign=\"top\">dolinou <strong>tie\u0148a smrti <\/strong><\/td>\n<\/tr>\n<tr>\n<td width=\"35\" valign=\"top\">4c<\/td>\n<td width=\"331\" valign=\"top\">nebudem sa b\u00e1\u0165 zl\u00e9ho,<\/td>\n<\/tr>\n<tr>\n<td width=\"35\" valign=\"top\">4d<\/td>\n<td width=\"331\" valign=\"top\">lebo ty si so mnou.<\/td>\n<\/tr>\n<tr>\n<td width=\"35\" valign=\"top\">4e<\/td>\n<td width=\"331\" valign=\"top\">Tvoj pr\u00fat a tvoja palica,<\/td>\n<\/tr>\n<tr>\n<td width=\"35\" valign=\"top\">4f<\/td>\n<td width=\"331\" valign=\"top\"><strong>(s\u00fa) tie (\u010do) ma<\/strong> <strong>pote\u0161uj\u00fa<\/strong>.<\/td>\n<\/tr>\n<tr>\n<td width=\"35\" valign=\"top\">5a<\/td>\n<td width=\"331\" valign=\"top\">Prestiera\u0161 st\u00f4l <strong>predo mnou<\/strong><\/td>\n<\/tr>\n<tr>\n<td width=\"35\" valign=\"top\">5b<\/td>\n<td width=\"331\" valign=\"top\">naprotive\u0148 mojim protivn\u00edkom.<\/td>\n<\/tr>\n<tr>\n<td width=\"35\" valign=\"top\">5c<\/td>\n<td width=\"331\" valign=\"top\"><strong>Ma\u017ee\u0161<\/strong> mi hlavu olejom<\/td>\n<\/tr>\n<tr>\n<td width=\"35\" valign=\"top\">5d<\/td>\n<td width=\"331\" valign=\"top\">a <strong>m\u00f4j kalich prekypuje<\/strong>.<\/td>\n<\/tr>\n<tr>\n<td width=\"35\" valign=\"top\">6a<\/td>\n<td width=\"331\" valign=\"top\"><strong>Och,<\/strong> dobrota <strong>a\u00a0vernos\u0165 ma bud\u00fa <\/strong>(pre)<strong>nasledova\u0165<\/strong><\/td>\n<\/tr>\n<tr>\n<td width=\"35\" valign=\"top\">6b<\/td>\n<td width=\"331\" valign=\"top\">po v\u0161etky dni m\u00f4jho \u017eivota.<\/td>\n<\/tr>\n<tr>\n<td width=\"35\" valign=\"top\">6c<\/td>\n<td width=\"331\" valign=\"top\">A navr\u00e1tim sa do domu P\u00c1NOVHO<\/td>\n<\/tr>\n<tr>\n<td width=\"35\" valign=\"top\">6d<\/td>\n<td width=\"331\" valign=\"top\"><strong>po\u010das d\u013a\u017eky dn\u00ed. <\/strong><\/p>\n<p style=\"text-align: right;\"><em>2011\/04<\/em><strong><br \/>\n<\/strong><\/p>\n<\/td>\n<\/tr>\n<\/tbody>\n<\/table>\n","protected":false},"excerpt":{"rendered":"<p>1a D\u00e1vidov \u017ealm. 1b P\u00c1N je m\u00f4j pastier: ni\u010d mi nech\u00fdba. 2a D\u00e1va mi l\u00edha\u0165 na zelen\u00fdch pa\u0161ienkach. 2b K\u00a0vod\u00e1m oddychu ma vod\u00ed, 3a navracia mi \u017eivot 3b Vod\u00ed ma chodn\u00edkmi spravodlivosti 3c pre svoje meno. 4a I ke\u010f budem kr\u00e1\u010da\u0165 4b dolinou tie\u0148a smrti 4c nebudem sa b\u00e1\u0165 zl\u00e9ho, 4d lebo ty si so &hellip; <a href=\"https:\/\/blazejstrba.eu\/en\/worship-to-the-word\/zalmy\/zalm-23\/\" class=\"more-link\">Continue reading <span class=\"screen-reader-text\">\u017d 23 &#8211; P\u00e1n je m\u00f4j pastier<\/span> <span class=\"meta-nav\">&rarr;<\/span><\/a><\/p>\n","protected":false},"author":2,"featured_media":0,"parent":695,"menu_order":23,"comment_status":"closed","ping_status":"closed","template":"","meta":{"footnotes":""},"translation":{"provider":"WPGlobus","version":"3.0.0","language":"en","enabled_languages":["sk","en","it"],"languages":{"sk":{"title":true,"content":true,"excerpt":false},"en":{"title":false,"content":false,"excerpt":false},"it":{"title":false,"content":false,"excerpt":false}}},"_links":{"self":[{"href":"https:\/\/blazejstrba.eu\/en\/wp-json\/wp\/v2\/pages\/1276"}],"collection":[{"href":"https:\/\/blazejstrba.eu\/en\/wp-json\/wp\/v2\/pages"}],"about":[{"href":"https:\/\/blazejstrba.eu\/en\/wp-json\/wp\/v2\/types\/page"}],"author":[{"embeddable":true,"href":"https:\/\/blazejstrba.eu\/en\/wp-json\/wp\/v2\/users\/2"}],"replies":[{"embeddable":true,"href":"https:\/\/blazejstrba.eu\/en\/wp-json\/wp\/v2\/comments?post=1276"}],"version-history":[{"count":10,"href":"https:\/\/blazejstrba.eu\/en\/wp-json\/wp\/v2\/pages\/1276\/revisions"}],"predecessor-version":[{"id":1439,"href":"https:\/\/blazejstrba.eu\/en\/wp-json\/wp\/v2\/pages\/1276\/revisions\/1439"}],"up":[{"embeddable":true,"href":"https:\/\/blazejstrba.eu\/en\/wp-json\/wp\/v2\/pages\/695"}],"wp:attachment":[{"href":"https:\/\/blazejstrba.eu\/en\/wp-json\/wp\/v2\/media?parent=1276"}],"curies":[{"name":"wp","href":"https:\/\/api.w.org\/{rel}","templated":true}]}}