{"id":1062,"date":"2010-12-14T10:20:22","date_gmt":"2010-12-14T08:20:22","guid":{"rendered":"http:\/\/www.blazejstrba.eu\/"},"modified":"2011-11-08T23:13:41","modified_gmt":"2011-11-08T21:13:41","slug":"zalm-72","status":"publish","type":"page","link":"https:\/\/blazejstrba.eu\/en\/worship-to-the-word\/zalmy\/zalm-72\/","title":{"rendered":"\u017d 72 &#8211; Mesi\u00e1\u0161ova kr\u00e1\u013eovsk\u00e1 moc"},"content":{"rendered":"<table border=\"1\" cellspacing=\"0\" cellpadding=\"0\" width=\"614\">\n<tbody>\n<tr>\n<td width=\"28\" valign=\"top\">1a<\/p>\n<p>1b<\/p>\n<p>1c<\/td>\n<td width=\"344\" valign=\"top\"><strong><em>Pre<\/em><\/strong><em> \u0160alam\u00fana. <\/em><\/p>\n<p>Bo\u017ee, (zver)   svoju pr\u00e1vomoc kr\u00e1\u013eovi,<\/p>\n<p>zver svoju   spravodlivos\u0165 kr\u00e1\u013eovmu synovi!<\/td>\n<\/tr>\n<tr>\n<td width=\"28\" valign=\"top\">2a<\/td>\n<td width=\"344\" valign=\"top\"><strong>Nech vl\u00e1dne tvojmu   \u013eudu<\/strong> spravodlivo<\/td>\n<\/tr>\n<tr>\n<td width=\"28\" valign=\"top\">2b<\/td>\n<td width=\"344\" valign=\"top\">a <strong>tvojim chudobn\u00fdm<\/strong> pod\u013ea pr\u00e1va.<\/td>\n<\/tr>\n<tr>\n<td width=\"28\" valign=\"top\">3a<\/td>\n<td width=\"344\" valign=\"top\">Vrchy nech prines\u00fa   pokoj \u013eudu<\/td>\n<\/tr>\n<tr>\n<td width=\"28\" valign=\"top\">3b<\/td>\n<td width=\"344\" valign=\"top\">a pahorky <strong>cestou<\/strong> spravodlivosti.<\/td>\n<\/tr>\n<tr>\n<td width=\"28\" valign=\"top\">4a<\/td>\n<td width=\"344\" valign=\"top\"><strong>Nech s\u00fadi<\/strong> <strong>chudobn\u00fdch<\/strong> \u013eudu,<\/td>\n<\/tr>\n<tr>\n<td width=\"28\" valign=\"top\">4b<\/td>\n<td width=\"344\" valign=\"top\"><strong>nech zachr\u00e1ni   deti<\/strong> bed\u00e1ra<\/td>\n<\/tr>\n<tr>\n<td width=\"28\" valign=\"top\">4c<\/td>\n<td width=\"344\" valign=\"top\">a nech <strong>zraz\u00ed<\/strong> krivdite\u013ea.<\/td>\n<\/tr>\n<tr>\n<td width=\"28\" valign=\"top\">5a<\/td>\n<td width=\"344\" valign=\"top\"><strong>Nech sa \u0165a   boja, <\/strong>(oni)<strong> spolu   so slnkom<\/strong><\/td>\n<\/tr>\n<tr>\n<td width=\"28\" valign=\"top\">5b<\/td>\n<td width=\"344\" valign=\"top\">a <strong>pred<\/strong> mesiacom, z\u00a0pokolenia na pokolenie<\/td>\n<\/tr>\n<tr>\n<td width=\"28\" valign=\"top\">6a<\/td>\n<td width=\"344\" valign=\"top\"><strong>Nech spadne   ako<\/strong> d\u00e1\u017e\u010f na   tr\u00e1vu<\/td>\n<\/tr>\n<tr>\n<td width=\"28\" valign=\"top\">6b<\/td>\n<td width=\"344\" valign=\"top\">a ako sp\u0155\u0161ky,   \u010do zavla\u017euj\u00fa zem.<\/td>\n<\/tr>\n<tr>\n<td width=\"28\" valign=\"top\">7a<\/td>\n<td width=\"344\" valign=\"top\"><strong>Nech   prekvit\u00e1<\/strong> v jeho d\u0148och <strong>spravodliv\u00fd<\/strong><\/td>\n<\/tr>\n<tr>\n<td width=\"28\" valign=\"top\">7b<\/td>\n<td width=\"344\" valign=\"top\">a <strong>prekypuje <\/strong>pokoj, k\u00fdm mesiac nezhasne<\/td>\n<\/tr>\n<tr>\n<td width=\"28\" valign=\"top\">8a<\/td>\n<td width=\"344\" valign=\"top\">A <strong>nech   panuje<\/strong> od mora a\u017e k moru<\/td>\n<\/tr>\n<tr>\n<td width=\"28\" valign=\"top\">8b<\/td>\n<td width=\"344\" valign=\"top\">a od Rieky   a\u017e na kraj zeme.<\/td>\n<\/tr>\n<tr>\n<td width=\"28\" valign=\"top\">9a<\/td>\n<td width=\"344\" valign=\"top\">Pred n\u00edm (nech)   pok\u013eakn\u00fa obyvatelia p\u00fa\u0161te<strong> <\/strong><\/td>\n<\/tr>\n<tr>\n<td width=\"28\" valign=\"top\">9b<\/td>\n<td width=\"344\" valign=\"top\">a jeho   nepriatelia (nech\/) bud\u00fa l\u00edza\u0165 prach.<\/td>\n<\/tr>\n<tr>\n<td width=\"28\" valign=\"top\">10a<\/td>\n<td width=\"344\" valign=\"top\">Kr\u00e1li   Tar\u0161i\u0161u a ostrovov (nech) prines\u00fa mu dary,<\/td>\n<\/tr>\n<tr>\n<td width=\"28\" valign=\"top\">10b<\/td>\n<td width=\"344\" valign=\"top\">kr\u00e1li zo \u0160\u00e9by\/Arabov   aj zo S\u00e1by (nech) oddaj\u00fa mu dane.<\/td>\n<\/tr>\n<tr>\n<td width=\"28\" valign=\"top\">11a<\/td>\n<td width=\"344\" valign=\"top\">A (nech) sa   mu bud\u00fa kla\u0148a\u0165 v\u0161etci kr\u00e1li,<\/td>\n<\/tr>\n<tr>\n<td width=\"28\" valign=\"top\">11b<\/td>\n<td width=\"344\" valign=\"top\">v\u0161etky   n\u00e1rody (nech) mu bud\u00fa sl\u00fa\u017ei\u0165.<strong> <\/strong><\/td>\n<\/tr>\n<tr>\n<td width=\"28\" valign=\"top\">12a<\/td>\n<td width=\"344\" valign=\"top\">On vyslobod\u00ed   <strong>bed\u00e1ra<\/strong>, \u010do vol\u00e1 <strong>o pomoc<\/strong>,<\/td>\n<\/tr>\n<tr>\n<td width=\"28\" valign=\"top\">12b<\/td>\n<td width=\"344\" valign=\"top\">i chudobn\u00e9ho <strong>a\u00a0toho,<\/strong> ktor\u00e9mu nik nepom\u00e1ha.<\/td>\n<\/tr>\n<tr>\n<td width=\"28\" valign=\"top\">13a<\/td>\n<td width=\"344\" valign=\"top\">Zmiluje sa   nad <strong>biednym<\/strong> a\u00a0<strong>bed\u00e1rom<\/strong>,<\/td>\n<\/tr>\n<tr>\n<td width=\"28\" valign=\"top\">13b<\/td>\n<td width=\"344\" valign=\"top\">zachr\u00e1ni   \u017eivot <strong>bed\u00e1rom<\/strong>.<\/td>\n<\/tr>\n<tr>\n<td width=\"28\" valign=\"top\">14a<\/td>\n<td width=\"344\" valign=\"top\">Z \u00fatlaku a\u00a0n\u00e1silia   ich <strong>vyk\u00fapi<\/strong><\/td>\n<\/tr>\n<tr>\n<td width=\"28\" valign=\"top\">14b<\/td>\n<td width=\"344\" valign=\"top\">a bude vz\u00e1cna   ich krv v jeho o\u010diach.<\/td>\n<\/tr>\n<tr>\n<td width=\"28\" valign=\"top\">15a<\/td>\n<td width=\"344\" valign=\"top\">Bude \u017ei\u0165 (bed\u00e1r)<\/td>\n<\/tr>\n<tr>\n<td width=\"28\" valign=\"top\">15b<\/td>\n<td width=\"344\" valign=\"top\">a (kr\u00e1\u013e) <strong>d\u00e1   mu<\/strong> <strong>zo<\/strong> zlata zo <strong>S\u00e1by<\/strong> (Ar\u00e1bie)<\/td>\n<\/tr>\n<tr>\n<td width=\"28\" valign=\"top\">15c<\/td>\n<td width=\"344\" valign=\"top\">a (on) <strong>bude<\/strong> sa modli\u0165 st\u00e1le za neho<\/td>\n<\/tr>\n<tr>\n<td width=\"28\" valign=\"top\">15d<\/td>\n<td width=\"344\" valign=\"top\">a ka\u017ed\u00fd de\u0148   mu bude \u017eehna\u0165.<\/td>\n<\/tr>\n<tr>\n<td width=\"28\" valign=\"top\">16a<\/td>\n<td width=\"344\" valign=\"top\">Nech bude na zemi hojnos\u0165 obilia,<\/td>\n<\/tr>\n<tr>\n<td width=\"28\" valign=\"top\">16b<\/td>\n<td width=\"344\" valign=\"top\"><strong>na<\/strong> temen\u00e1ch h\u00f4r <strong>nech sa   vln\u00ed<\/strong><\/td>\n<\/tr>\n<tr>\n<td width=\"28\" valign=\"top\">16c<\/td>\n<td width=\"344\" valign=\"top\">ako Libanon <strong>nech je<\/strong> jeho ovocie<\/td>\n<\/tr>\n<tr>\n<td width=\"28\" valign=\"top\">16d<\/td>\n<td width=\"344\" valign=\"top\">a nech rozkvitaj\u00fa   (\u013eudia) z mesta<\/td>\n<\/tr>\n<tr>\n<td width=\"28\" valign=\"top\">16e<\/td>\n<td width=\"344\" valign=\"top\">ako po\u013en\u00e1 tr\u00e1va.<\/td>\n<\/tr>\n<tr>\n<td width=\"28\" valign=\"top\">17a<\/td>\n<td width=\"344\" valign=\"top\"><strong>Nech je<\/strong> jeho meno naveky,<\/td>\n<\/tr>\n<tr>\n<td width=\"28\" valign=\"top\">17b<\/td>\n<td width=\"344\" valign=\"top\">pred slnkom <strong>nech   kl\u00ed\u010di<\/strong><\/td>\n<\/tr>\n<tr>\n<td width=\"28\" valign=\"top\">17c<\/td>\n<td width=\"344\" valign=\"top\">a v \u0148om <strong>sa   bud\u00fa po\u017eehn\u00e1va\u0165<\/strong>,<\/td>\n<\/tr>\n<tr>\n<td width=\"28\" valign=\"top\">17d<\/td>\n<td width=\"344\" valign=\"top\">v\u0161etky n\u00e1rody   <strong>ho bud\u00fa vola\u0165 bla\u017een\u00fdm<\/strong>.<\/td>\n<\/tr>\n<tr>\n<td width=\"28\" valign=\"top\">18a<\/td>\n<td width=\"344\" valign=\"top\">Nech je   zveleben\u00fd P\u00e1n,<\/td>\n<\/tr>\n<tr>\n<td width=\"28\" valign=\"top\">18b<\/td>\n<td width=\"344\" valign=\"top\">Boh Izraela,<\/td>\n<\/tr>\n<tr>\n<td width=\"28\" valign=\"top\">18c<\/td>\n<td width=\"344\" valign=\"top\">\u010do jedin\u00fd   kon\u00e1 z\u00e1zraky<\/td>\n<\/tr>\n<tr>\n<td width=\"28\" valign=\"top\">19a<\/td>\n<td width=\"344\" valign=\"top\">A nech je po\u017eehnan\u00e9   jeho meno jeho sl\u00e1vou naveky<\/td>\n<\/tr>\n<tr>\n<td width=\"28\" valign=\"top\">19b<\/td>\n<td width=\"344\" valign=\"top\">a jeho sl\u00e1vou   nech je naplnen\u00e1 cel\u00e1 zem.<\/td>\n<\/tr>\n<tr>\n<td width=\"28\" valign=\"top\">19c<\/td>\n<td width=\"344\" valign=\"top\">Sta\u0148 sa! Amen!<\/td>\n<\/tr>\n<tr>\n<td width=\"28\" valign=\"top\">20a<\/td>\n<td width=\"344\" valign=\"top\"><strong>Skon\u010dili   sa modlitby D\u00e1vida, Jeseho syna. <\/strong><\/td>\n<\/tr>\n<\/tbody>\n<\/table>\n","protected":false},"excerpt":{"rendered":"<p>1a 1b 1c Pre \u0160alam\u00fana. Bo\u017ee, (zver) svoju pr\u00e1vomoc kr\u00e1\u013eovi, zver svoju spravodlivos\u0165 kr\u00e1\u013eovmu synovi! 2a Nech vl\u00e1dne tvojmu \u013eudu spravodlivo 2b a tvojim chudobn\u00fdm pod\u013ea pr\u00e1va. 3a Vrchy nech prines\u00fa pokoj \u013eudu 3b a pahorky cestou spravodlivosti. 4a Nech s\u00fadi chudobn\u00fdch \u013eudu, 4b nech zachr\u00e1ni deti bed\u00e1ra 4c a nech zraz\u00ed krivdite\u013ea. 5a Nech &hellip; <a href=\"https:\/\/blazejstrba.eu\/en\/worship-to-the-word\/zalmy\/zalm-72\/\" class=\"more-link\">Continue reading <span class=\"screen-reader-text\">\u017d 72 &#8211; Mesi\u00e1\u0161ova kr\u00e1\u013eovsk\u00e1 moc<\/span> <span class=\"meta-nav\">&rarr;<\/span><\/a><\/p>\n","protected":false},"author":2,"featured_media":0,"parent":695,"menu_order":72,"comment_status":"closed","ping_status":"closed","template":"","meta":{"footnotes":""},"translation":{"provider":"WPGlobus","version":"3.0.0","language":"en","enabled_languages":["sk","en","it"],"languages":{"sk":{"title":true,"content":true,"excerpt":false},"en":{"title":false,"content":false,"excerpt":false},"it":{"title":false,"content":false,"excerpt":false}}},"_links":{"self":[{"href":"https:\/\/blazejstrba.eu\/en\/wp-json\/wp\/v2\/pages\/1062"}],"collection":[{"href":"https:\/\/blazejstrba.eu\/en\/wp-json\/wp\/v2\/pages"}],"about":[{"href":"https:\/\/blazejstrba.eu\/en\/wp-json\/wp\/v2\/types\/page"}],"author":[{"embeddable":true,"href":"https:\/\/blazejstrba.eu\/en\/wp-json\/wp\/v2\/users\/2"}],"replies":[{"embeddable":true,"href":"https:\/\/blazejstrba.eu\/en\/wp-json\/wp\/v2\/comments?post=1062"}],"version-history":[{"count":8,"href":"https:\/\/blazejstrba.eu\/en\/wp-json\/wp\/v2\/pages\/1062\/revisions"}],"predecessor-version":[{"id":1984,"href":"https:\/\/blazejstrba.eu\/en\/wp-json\/wp\/v2\/pages\/1062\/revisions\/1984"}],"up":[{"embeddable":true,"href":"https:\/\/blazejstrba.eu\/en\/wp-json\/wp\/v2\/pages\/695"}],"wp:attachment":[{"href":"https:\/\/blazejstrba.eu\/en\/wp-json\/wp\/v2\/media?parent=1062"}],"curies":[{"name":"wp","href":"https:\/\/api.w.org\/{rel}","templated":true}]}}